{"id":947,"date":"2023-04-27T19:09:18","date_gmt":"2023-04-27T19:09:18","guid":{"rendered":"https:\/\/cognac-gautier.comtier\/?post_type=product&#038;p=947"},"modified":"2023-12-13T15:22:30","modified_gmt":"2023-12-13T15:22:30","slug":"gautier-vsop","status":"publish","type":"product","link":"https:\/\/cognac-gautier.com\/fr\/product\/gautier-vsop","title":{"rendered":"Gautier VSOP"},"content":{"rendered":"<p>Nos m\u00e9dailles pour le Gautier VSOP<\/p>\n","protected":false},"excerpt":{"rendered":"<p>Le VSOP de la Maison GAUTIER est un assemblage exceptionnel d\u2019<em>eaux-de-vie<\/em>provenant des crus Petite Champagne, Fins Bois et Bons Bois, avec un caract\u00e8re distinctif, riche et g\u00e9n\u00e9reux.<br \/>\nCes <em>eaux-de-vie<\/em> ont au minimum 4 ans d\u2019\u00e2ge.<\/p>\n<p>40% vol.<\/p>\n<p>70cl<\/p>\n","protected":false},"featured_media":1900,"template":"","meta":{"_acf_changed":false,"inline_featured_image":false},"product_brand":[],"product_cat":[33],"product_tag":[],"class_list":{"0":"post-947","1":"product","2":"type-product","3":"status-publish","4":"has-post-thumbnail","6":"product_cat-bouteilles-seules","8":"first","9":"instock","10":"taxable","11":"shipping-taxable","12":"purchasable","13":"product-type-simple"},"acf":[],"yoast_head":"<!-- This site is optimized with the Yoast SEO plugin v27.6 - https:\/\/yoast.com\/product\/yoast-seo-wordpress\/ -->\n<title>Gautier VSOP - Gautier Cognac<\/title>\n<meta name=\"robots\" content=\"index, follow, max-snippet:-1, max-image-preview:large, max-video-preview:-1\" \/>\n<link rel=\"canonical\" href=\"https:\/\/cognac-gautier.com\/fr\/product\/gautier-vsop\" \/>\n<meta property=\"og:locale\" content=\"fr_FR\" \/>\n<meta property=\"og:type\" content=\"article\" \/>\n<meta property=\"og:title\" content=\"Gautier VSOP - Gautier Cognac\" \/>\n<meta property=\"og:description\" content=\"Le VSOP de la Maison GAUTIER est un assemblage exceptionnel d\u2019eaux-de-vieprovenant des crus Petite Champagne, Fins Bois et Bons Bois, avec un caract\u00e8re distinctif, riche et g\u00e9n\u00e9reux. Ces eaux-de-vie ont au minimum 4 ans d\u2019\u00e2ge.  40% vol.  70cl\" \/>\n<meta property=\"og:url\" content=\"https:\/\/cognac-gautier.com\/fr\/product\/gautier-vsop\" \/>\n<meta property=\"og:site_name\" content=\"Gautier Cognac\" \/>\n<meta property=\"article:modified_time\" content=\"2023-12-13T15:22:30+00:00\" \/>\n<meta property=\"og:image\" content=\"https:\/\/cognac-gautier.com\/wp-content\/uploads\/2023\/04\/Visuel-2-7-1024x569.png\" \/>\n\t<meta property=\"og:image:width\" content=\"1024\" \/>\n\t<meta property=\"og:image:height\" content=\"569\" \/>\n\t<meta property=\"og:image:type\" content=\"image\/png\" \/>\n<meta name=\"twitter:card\" content=\"summary_large_image\" \/>\n<meta name=\"twitter:label1\" content=\"Dur\u00e9e de lecture estim\u00e9e\" \/>\n\t<meta name=\"twitter:data1\" content=\"1 minute\" \/>\n<script type=\"application\/ld+json\" class=\"yoast-schema-graph\">{\"@context\":\"https:\\\/\\\/schema.org\",\"@graph\":[{\"@type\":\"WebPage\",\"@id\":\"https:\\\/\\\/cognac-gautier.com\\\/fr\\\/product\\\/gautier-vsop\",\"url\":\"https:\\\/\\\/cognac-gautier.com\\\/fr\\\/product\\\/gautier-vsop\",\"name\":\"Gautier VSOP - Gautier Cognac\",\"isPartOf\":{\"@id\":\"https:\\\/\\\/cognac-gautier.com\\\/#website\"},\"primaryImageOfPage\":{\"@id\":\"https:\\\/\\\/cognac-gautier.com\\\/fr\\\/product\\\/gautier-vsop#primaryimage\"},\"image\":{\"@id\":\"https:\\\/\\\/cognac-gautier.com\\\/fr\\\/product\\\/gautier-vsop#primaryimage\"},\"thumbnailUrl\":\"https:\\\/\\\/cognac-gautier.com\\\/wp-content\\\/uploads\\\/2023\\\/04\\\/Visuel-2-7.png\",\"datePublished\":\"2023-04-27T19:09:18+00:00\",\"dateModified\":\"2023-12-13T15:22:30+00:00\",\"breadcrumb\":{\"@id\":\"https:\\\/\\\/cognac-gautier.com\\\/fr\\\/product\\\/gautier-vsop#breadcrumb\"},\"inLanguage\":\"fr-FR\",\"potentialAction\":[{\"@type\":\"ReadAction\",\"target\":[\"https:\\\/\\\/cognac-gautier.com\\\/fr\\\/product\\\/gautier-vsop\"]}]},{\"@type\":\"ImageObject\",\"inLanguage\":\"fr-FR\",\"@id\":\"https:\\\/\\\/cognac-gautier.com\\\/fr\\\/product\\\/gautier-vsop#primaryimage\",\"url\":\"https:\\\/\\\/cognac-gautier.com\\\/wp-content\\\/uploads\\\/2023\\\/04\\\/Visuel-2-7.png\",\"contentUrl\":\"https:\\\/\\\/cognac-gautier.com\\\/wp-content\\\/uploads\\\/2023\\\/04\\\/Visuel-2-7.png\",\"width\":1692,\"height\":940},{\"@type\":\"BreadcrumbList\",\"@id\":\"https:\\\/\\\/cognac-gautier.com\\\/fr\\\/product\\\/gautier-vsop#breadcrumb\",\"itemListElement\":[{\"@type\":\"ListItem\",\"position\":1,\"name\":\"Shop\",\"item\":\"https:\\\/\\\/cognac-gautier.com\\\/shop\"},{\"@type\":\"ListItem\",\"position\":2,\"name\":\"Gautier VSOP\"}]},{\"@type\":\"WebSite\",\"@id\":\"https:\\\/\\\/cognac-gautier.com\\\/#website\",\"url\":\"https:\\\/\\\/cognac-gautier.com\\\/\",\"name\":\"Gautier Cognac\",\"description\":\"\",\"publisher\":{\"@id\":\"https:\\\/\\\/cognac-gautier.com\\\/#organization\"},\"potentialAction\":[{\"@type\":\"SearchAction\",\"target\":{\"@type\":\"EntryPoint\",\"urlTemplate\":\"https:\\\/\\\/cognac-gautier.com\\\/?s={search_term_string}\"},\"query-input\":{\"@type\":\"PropertyValueSpecification\",\"valueRequired\":true,\"valueName\":\"search_term_string\"}}],\"inLanguage\":\"fr-FR\"},{\"@type\":\"Organization\",\"@id\":\"https:\\\/\\\/cognac-gautier.com\\\/#organization\",\"name\":\"Gautier Cognac\",\"url\":\"https:\\\/\\\/cognac-gautier.com\\\/\",\"logo\":{\"@type\":\"ImageObject\",\"inLanguage\":\"fr-FR\",\"@id\":\"https:\\\/\\\/cognac-gautier.com\\\/#\\\/schema\\\/logo\\\/image\\\/\",\"url\":\"https:\\\/\\\/cognac-gautier.com\\\/wp-content\\\/uploads\\\/2022\\\/11\\\/logo.svg\",\"contentUrl\":\"https:\\\/\\\/cognac-gautier.com\\\/wp-content\\\/uploads\\\/2022\\\/11\\\/logo.svg\",\"width\":195,\"height\":112,\"caption\":\"Gautier Cognac\"},\"image\":{\"@id\":\"https:\\\/\\\/cognac-gautier.com\\\/#\\\/schema\\\/logo\\\/image\\\/\"}}]}<\/script>\n<!-- \/ Yoast SEO plugin. -->","yoast_head_json":{"title":"Gautier VSOP - Gautier Cognac","robots":{"index":"index","follow":"follow","max-snippet":"max-snippet:-1","max-image-preview":"max-image-preview:large","max-video-preview":"max-video-preview:-1"},"canonical":"https:\/\/cognac-gautier.com\/fr\/product\/gautier-vsop","og_locale":"fr_FR","og_type":"article","og_title":"Gautier VSOP - Gautier Cognac","og_description":"Le VSOP de la Maison GAUTIER est un assemblage exceptionnel d\u2019eaux-de-vieprovenant des crus Petite Champagne, Fins Bois et Bons Bois, avec un caract\u00e8re distinctif, riche et g\u00e9n\u00e9reux. Ces eaux-de-vie ont au minimum 4 ans d\u2019\u00e2ge.  40% vol.  70cl","og_url":"https:\/\/cognac-gautier.com\/fr\/product\/gautier-vsop","og_site_name":"Gautier Cognac","article_modified_time":"2023-12-13T15:22:30+00:00","og_image":[{"width":1024,"height":569,"url":"https:\/\/cognac-gautier.com\/wp-content\/uploads\/2023\/04\/Visuel-2-7-1024x569.png","type":"image\/png"}],"twitter_card":"summary_large_image","twitter_misc":{"Dur\u00e9e de lecture estim\u00e9e":"1 minute"},"schema":{"@context":"https:\/\/schema.org","@graph":[{"@type":"WebPage","@id":"https:\/\/cognac-gautier.com\/fr\/product\/gautier-vsop","url":"https:\/\/cognac-gautier.com\/fr\/product\/gautier-vsop","name":"Gautier VSOP - Gautier Cognac","isPartOf":{"@id":"https:\/\/cognac-gautier.com\/#website"},"primaryImageOfPage":{"@id":"https:\/\/cognac-gautier.com\/fr\/product\/gautier-vsop#primaryimage"},"image":{"@id":"https:\/\/cognac-gautier.com\/fr\/product\/gautier-vsop#primaryimage"},"thumbnailUrl":"https:\/\/cognac-gautier.com\/wp-content\/uploads\/2023\/04\/Visuel-2-7.png","datePublished":"2023-04-27T19:09:18+00:00","dateModified":"2023-12-13T15:22:30+00:00","breadcrumb":{"@id":"https:\/\/cognac-gautier.com\/fr\/product\/gautier-vsop#breadcrumb"},"inLanguage":"fr-FR","potentialAction":[{"@type":"ReadAction","target":["https:\/\/cognac-gautier.com\/fr\/product\/gautier-vsop"]}]},{"@type":"ImageObject","inLanguage":"fr-FR","@id":"https:\/\/cognac-gautier.com\/fr\/product\/gautier-vsop#primaryimage","url":"https:\/\/cognac-gautier.com\/wp-content\/uploads\/2023\/04\/Visuel-2-7.png","contentUrl":"https:\/\/cognac-gautier.com\/wp-content\/uploads\/2023\/04\/Visuel-2-7.png","width":1692,"height":940},{"@type":"BreadcrumbList","@id":"https:\/\/cognac-gautier.com\/fr\/product\/gautier-vsop#breadcrumb","itemListElement":[{"@type":"ListItem","position":1,"name":"Shop","item":"https:\/\/cognac-gautier.com\/shop"},{"@type":"ListItem","position":2,"name":"Gautier VSOP"}]},{"@type":"WebSite","@id":"https:\/\/cognac-gautier.com\/#website","url":"https:\/\/cognac-gautier.com\/","name":"Gautier Cognac","description":"","publisher":{"@id":"https:\/\/cognac-gautier.com\/#organization"},"potentialAction":[{"@type":"SearchAction","target":{"@type":"EntryPoint","urlTemplate":"https:\/\/cognac-gautier.com\/?s={search_term_string}"},"query-input":{"@type":"PropertyValueSpecification","valueRequired":true,"valueName":"search_term_string"}}],"inLanguage":"fr-FR"},{"@type":"Organization","@id":"https:\/\/cognac-gautier.com\/#organization","name":"Gautier Cognac","url":"https:\/\/cognac-gautier.com\/","logo":{"@type":"ImageObject","inLanguage":"fr-FR","@id":"https:\/\/cognac-gautier.com\/#\/schema\/logo\/image\/","url":"https:\/\/cognac-gautier.com\/wp-content\/uploads\/2022\/11\/logo.svg","contentUrl":"https:\/\/cognac-gautier.com\/wp-content\/uploads\/2022\/11\/logo.svg","width":195,"height":112,"caption":"Gautier Cognac"},"image":{"@id":"https:\/\/cognac-gautier.com\/#\/schema\/logo\/image\/"}}]}},"_links":{"self":[{"href":"https:\/\/cognac-gautier.com\/fr\/wp-json\/wp\/v2\/product\/947","targetHints":{"allow":["GET"]}}],"collection":[{"href":"https:\/\/cognac-gautier.com\/fr\/wp-json\/wp\/v2\/product"}],"about":[{"href":"https:\/\/cognac-gautier.com\/fr\/wp-json\/wp\/v2\/types\/product"}],"wp:featuredmedia":[{"embeddable":true,"href":"https:\/\/cognac-gautier.com\/fr\/wp-json\/wp\/v2\/media\/1900"}],"wp:attachment":[{"href":"https:\/\/cognac-gautier.com\/fr\/wp-json\/wp\/v2\/media?parent=947"}],"wp:term":[{"taxonomy":"product_brand","embeddable":true,"href":"https:\/\/cognac-gautier.com\/fr\/wp-json\/wp\/v2\/product_brand?post=947"},{"taxonomy":"product_cat","embeddable":true,"href":"https:\/\/cognac-gautier.com\/fr\/wp-json\/wp\/v2\/product_cat?post=947"},{"taxonomy":"product_tag","embeddable":true,"href":"https:\/\/cognac-gautier.com\/fr\/wp-json\/wp\/v2\/product_tag?post=947"}],"curies":[{"name":"wp","href":"https:\/\/api.w.org\/{rel}","templated":true}]}}