{"id":2429,"date":"2026-02-11T17:01:20","date_gmt":"2026-02-11T17:01:20","guid":{"rendered":"https:\/\/cognac-gautier.com\/?post_type=product&#038;p=2429"},"modified":"2026-02-16T11:37:03","modified_gmt":"2026-02-16T11:37:03","slug":"edition-limitee-270-ans","status":"publish","type":"product","link":"https:\/\/cognac-gautier.com\/fr\/product\/edition-limitee-270-ans","title":{"rendered":"\u00c9dition Limit\u00e9e 270 ans"},"content":{"rendered":"<div>\n<div class=\"WordSection1\">\n<div>Pour c\u00e9l\u00e9brer ses 270 ans, la Maison Gautier signe un Cognac d\u2019exception issu de Petite Champagne, un cru que nous affectionnons particuli\u00e8rement pour sa rondeur et son \u00e9l\u00e9gance.<\/div>\n<\/div>\n<\/div>\n<div>\n<div class=\"WordSection1\">\n<div>Cette eau-de-vie, s\u00e9lectionn\u00e9e dans notre chai Paradis, v\u00e9ritable colonne vert\u00e9brale de notre gamme XO+, provient d\u2019un lot de 1994, r\u00e9duit lentement \u00e0 45\u00b0 afin d\u2019offrir une d\u00e9gustation douce et raffin\u00e9e.<\/div>\n<div>Ce Cognac Brut de f\u00fbt est un hommage \u00e0 notre h\u00e9ritage et \u00e0 notre savoir-faire.<\/div>\n<div><\/div>\n<div>ABV : 45% vol.<\/div>\n<\/div>\n<\/div>\n<div>\n<div class=\"WordSection1\">\n<div>50cl<\/div>\n<\/div>\n<\/div>\n","protected":false},"excerpt":{"rendered":"<div>\n<div class=\"WordSection1\">\n<div>Pour c\u00e9l\u00e9brer ses 270 ans, la Maison Gautier signe un Cognac d\u2019exception issu de Petite Champagne, un cru que nous affectionnons particuli\u00e8rement pour sa rondeur et son \u00e9l\u00e9gance.<\/div>\n<\/div>\n<\/div>\n<div>\n<div class=\"WordSection1\">\n<div>Cette eau-de-vie, s\u00e9lectionn\u00e9e dans notre chai Paradis, v\u00e9ritable colonne vert\u00e9brale de notre gamme XO+, provient d\u2019un lot de 1994, r\u00e9duit lentement \u00e0 45\u00b0 afin d\u2019offrir une d\u00e9gustation douce et raffin\u00e9e.<\/div>\n<div>Ce Cognac Brut de f\u00fbt est un hommage \u00e0 notre h\u00e9ritage et \u00e0 notre savoir-faire.<\/div>\n<div><\/div>\n<div>ABV : 45% vol.<\/div>\n<\/div>\n<\/div>\n<div>\n<div class=\"WordSection1\">\n<div>50cl<\/div>\n<\/div>\n<\/div>\n","protected":false},"featured_media":2428,"template":"","meta":{"_acf_changed":false,"inline_featured_image":false},"product_brand":[],"product_cat":[33],"product_tag":[],"class_list":{"0":"post-2429","1":"product","2":"type-product","3":"status-publish","4":"has-post-thumbnail","6":"product_cat-bouteilles-seules","8":"first","9":"instock","10":"taxable","11":"shipping-taxable","12":"purchasable","13":"product-type-simple"},"acf":[],"yoast_head":"<!-- This site is optimized with the Yoast SEO plugin v27.3 - https:\/\/yoast.com\/product\/yoast-seo-wordpress\/ -->\n<title>\u00c9dition Limit\u00e9e 270 ans - Gautier Cognac<\/title>\n<meta name=\"description\" content=\"Pour c\u00e9l\u00e9brer ses 270 ans, la Maison Gautier signe un Cognac d\u2019exception issu de Petite Champagne, un cru que nous affectionnons particuli\u00e8rement pour sa rondeur et son \u00e9l\u00e9gance.Cette eau-de-vie, s\u00e9lectionn\u00e9e dans notre chai Paradis, v\u00e9ritable colonne vert\u00e9brale de notre gamme XO+, provient d\u2019un lot de 1994, r\u00e9duit lentement \u00e0 45\u00b0 afin d\u2019offrir une d\u00e9gustation douce et raffin\u00e9e.Ce Cognac Brut de f\u00fbt est un hommage \u00e0 notre h\u00e9ritage et \u00e0 notre savoir-faire. ABV : 45% vol.50cl\" \/>\n<meta name=\"robots\" content=\"index, follow, max-snippet:-1, max-image-preview:large, max-video-preview:-1\" \/>\n<link rel=\"canonical\" href=\"https:\/\/cognac-gautier.com\/fr\/product\/edition-limitee-270-ans\" \/>\n<meta property=\"og:locale\" content=\"fr_FR\" \/>\n<meta property=\"og:type\" content=\"article\" \/>\n<meta property=\"og:title\" content=\"\u00c9dition Limit\u00e9e 270 ans - Gautier Cognac\" \/>\n<meta property=\"og:description\" content=\"Pour c\u00e9l\u00e9brer ses 270 ans, la Maison Gautier signe un Cognac d\u2019exception issu de Petite Champagne, un cru que nous affectionnons particuli\u00e8rement pour sa rondeur et son \u00e9l\u00e9gance.Cette eau-de-vie, s\u00e9lectionn\u00e9e dans notre chai Paradis, v\u00e9ritable colonne vert\u00e9brale de notre gamme XO+, provient d\u2019un lot de 1994, r\u00e9duit lentement \u00e0 45\u00b0 afin d\u2019offrir une d\u00e9gustation douce et raffin\u00e9e.Ce Cognac Brut de f\u00fbt est un hommage \u00e0 notre h\u00e9ritage et \u00e0 notre savoir-faire. ABV : 45% vol.50cl\" \/>\n<meta property=\"og:url\" content=\"https:\/\/cognac-gautier.com\/fr\/product\/edition-limitee-270-ans\" \/>\n<meta property=\"og:site_name\" content=\"Gautier Cognac\" \/>\n<meta property=\"article:modified_time\" content=\"2026-02-16T11:37:03+00:00\" \/>\n<meta property=\"og:image\" content=\"https:\/\/cognac-gautier.com\/wp-content\/uploads\/2026\/02\/270-fond-blc-scaled.jpg\" \/>\n\t<meta property=\"og:image:width\" content=\"1920\" \/>\n\t<meta property=\"og:image:height\" content=\"2560\" \/>\n\t<meta property=\"og:image:type\" content=\"image\/jpeg\" \/>\n<meta name=\"twitter:card\" content=\"summary_large_image\" \/>\n<meta name=\"twitter:label1\" content=\"Dur\u00e9e de lecture estim\u00e9e\" \/>\n\t<meta name=\"twitter:data1\" content=\"1 minute\" \/>\n<script type=\"application\/ld+json\" class=\"yoast-schema-graph\">{\"@context\":\"https:\\\/\\\/schema.org\",\"@graph\":[{\"@type\":\"WebPage\",\"@id\":\"https:\\\/\\\/cognac-gautier.com\\\/fr\\\/product\\\/edition-limitee-270-ans\",\"url\":\"https:\\\/\\\/cognac-gautier.com\\\/fr\\\/product\\\/edition-limitee-270-ans\",\"name\":\"\u00c9dition Limit\u00e9e 270 ans - Gautier Cognac\",\"isPartOf\":{\"@id\":\"https:\\\/\\\/cognac-gautier.com\\\/#website\"},\"primaryImageOfPage\":{\"@id\":\"https:\\\/\\\/cognac-gautier.com\\\/fr\\\/product\\\/edition-limitee-270-ans#primaryimage\"},\"image\":{\"@id\":\"https:\\\/\\\/cognac-gautier.com\\\/fr\\\/product\\\/edition-limitee-270-ans#primaryimage\"},\"thumbnailUrl\":\"https:\\\/\\\/cognac-gautier.com\\\/wp-content\\\/uploads\\\/2026\\\/02\\\/270-fond-blc-scaled.jpg\",\"datePublished\":\"2026-02-11T17:01:20+00:00\",\"dateModified\":\"2026-02-16T11:37:03+00:00\",\"description\":\"Pour c\u00e9l\u00e9brer ses 270 ans, la Maison Gautier signe un Cognac d\u2019exception issu de Petite Champagne, un cru que nous affectionnons particuli\u00e8rement pour sa rondeur et son \u00e9l\u00e9gance.Cette eau-de-vie, s\u00e9lectionn\u00e9e dans notre chai Paradis, v\u00e9ritable colonne vert\u00e9brale de notre gamme XO+, provient d\u2019un lot de 1994, r\u00e9duit lentement \u00e0 45\u00b0 afin d\u2019offrir une d\u00e9gustation douce et raffin\u00e9e.Ce Cognac Brut de f\u00fbt est un hommage \u00e0 notre h\u00e9ritage et \u00e0 notre savoir-faire. ABV : 45% vol.50cl\",\"breadcrumb\":{\"@id\":\"https:\\\/\\\/cognac-gautier.com\\\/fr\\\/product\\\/edition-limitee-270-ans#breadcrumb\"},\"inLanguage\":\"fr-FR\",\"potentialAction\":[{\"@type\":\"ReadAction\",\"target\":[\"https:\\\/\\\/cognac-gautier.com\\\/fr\\\/product\\\/edition-limitee-270-ans\"]}]},{\"@type\":\"ImageObject\",\"inLanguage\":\"fr-FR\",\"@id\":\"https:\\\/\\\/cognac-gautier.com\\\/fr\\\/product\\\/edition-limitee-270-ans#primaryimage\",\"url\":\"https:\\\/\\\/cognac-gautier.com\\\/wp-content\\\/uploads\\\/2026\\\/02\\\/270-fond-blc-scaled.jpg\",\"contentUrl\":\"https:\\\/\\\/cognac-gautier.com\\\/wp-content\\\/uploads\\\/2026\\\/02\\\/270-fond-blc-scaled.jpg\",\"width\":1920,\"height\":2560},{\"@type\":\"BreadcrumbList\",\"@id\":\"https:\\\/\\\/cognac-gautier.com\\\/fr\\\/product\\\/edition-limitee-270-ans#breadcrumb\",\"itemListElement\":[{\"@type\":\"ListItem\",\"position\":1,\"name\":\"Shop\",\"item\":\"https:\\\/\\\/cognac-gautier.com\\\/shop\"},{\"@type\":\"ListItem\",\"position\":2,\"name\":\"\u00c9dition Limit\u00e9e 270 ans\"}]},{\"@type\":\"WebSite\",\"@id\":\"https:\\\/\\\/cognac-gautier.com\\\/#website\",\"url\":\"https:\\\/\\\/cognac-gautier.com\\\/\",\"name\":\"Gautier Cognac\",\"description\":\"\",\"publisher\":{\"@id\":\"https:\\\/\\\/cognac-gautier.com\\\/#organization\"},\"potentialAction\":[{\"@type\":\"SearchAction\",\"target\":{\"@type\":\"EntryPoint\",\"urlTemplate\":\"https:\\\/\\\/cognac-gautier.com\\\/?s={search_term_string}\"},\"query-input\":{\"@type\":\"PropertyValueSpecification\",\"valueRequired\":true,\"valueName\":\"search_term_string\"}}],\"inLanguage\":\"fr-FR\"},{\"@type\":\"Organization\",\"@id\":\"https:\\\/\\\/cognac-gautier.com\\\/#organization\",\"name\":\"Gautier Cognac\",\"url\":\"https:\\\/\\\/cognac-gautier.com\\\/\",\"logo\":{\"@type\":\"ImageObject\",\"inLanguage\":\"fr-FR\",\"@id\":\"https:\\\/\\\/cognac-gautier.com\\\/#\\\/schema\\\/logo\\\/image\\\/\",\"url\":\"https:\\\/\\\/cognac-gautier.com\\\/wp-content\\\/uploads\\\/2022\\\/11\\\/logo.svg\",\"contentUrl\":\"https:\\\/\\\/cognac-gautier.com\\\/wp-content\\\/uploads\\\/2022\\\/11\\\/logo.svg\",\"width\":195,\"height\":112,\"caption\":\"Gautier Cognac\"},\"image\":{\"@id\":\"https:\\\/\\\/cognac-gautier.com\\\/#\\\/schema\\\/logo\\\/image\\\/\"}}]}<\/script>\n<!-- \/ Yoast SEO plugin. -->","yoast_head_json":{"title":"\u00c9dition Limit\u00e9e 270 ans - Gautier Cognac","description":"Pour c\u00e9l\u00e9brer ses 270 ans, la Maison Gautier signe un Cognac d\u2019exception issu de Petite Champagne, un cru que nous affectionnons particuli\u00e8rement pour sa rondeur et son \u00e9l\u00e9gance.Cette eau-de-vie, s\u00e9lectionn\u00e9e dans notre chai Paradis, v\u00e9ritable colonne vert\u00e9brale de notre gamme XO+, provient d\u2019un lot de 1994, r\u00e9duit lentement \u00e0 45\u00b0 afin d\u2019offrir une d\u00e9gustation douce et raffin\u00e9e.Ce Cognac Brut de f\u00fbt est un hommage \u00e0 notre h\u00e9ritage et \u00e0 notre savoir-faire. ABV : 45% vol.50cl","robots":{"index":"index","follow":"follow","max-snippet":"max-snippet:-1","max-image-preview":"max-image-preview:large","max-video-preview":"max-video-preview:-1"},"canonical":"https:\/\/cognac-gautier.com\/fr\/product\/edition-limitee-270-ans","og_locale":"fr_FR","og_type":"article","og_title":"\u00c9dition Limit\u00e9e 270 ans - Gautier Cognac","og_description":"Pour c\u00e9l\u00e9brer ses 270 ans, la Maison Gautier signe un Cognac d\u2019exception issu de Petite Champagne, un cru que nous affectionnons particuli\u00e8rement pour sa rondeur et son \u00e9l\u00e9gance.Cette eau-de-vie, s\u00e9lectionn\u00e9e dans notre chai Paradis, v\u00e9ritable colonne vert\u00e9brale de notre gamme XO+, provient d\u2019un lot de 1994, r\u00e9duit lentement \u00e0 45\u00b0 afin d\u2019offrir une d\u00e9gustation douce et raffin\u00e9e.Ce Cognac Brut de f\u00fbt est un hommage \u00e0 notre h\u00e9ritage et \u00e0 notre savoir-faire. ABV : 45% vol.50cl","og_url":"https:\/\/cognac-gautier.com\/fr\/product\/edition-limitee-270-ans","og_site_name":"Gautier Cognac","article_modified_time":"2026-02-16T11:37:03+00:00","og_image":[{"width":1920,"height":2560,"url":"https:\/\/cognac-gautier.com\/wp-content\/uploads\/2026\/02\/270-fond-blc-scaled.jpg","type":"image\/jpeg"}],"twitter_card":"summary_large_image","twitter_misc":{"Dur\u00e9e de lecture estim\u00e9e":"1 minute"},"schema":{"@context":"https:\/\/schema.org","@graph":[{"@type":"WebPage","@id":"https:\/\/cognac-gautier.com\/fr\/product\/edition-limitee-270-ans","url":"https:\/\/cognac-gautier.com\/fr\/product\/edition-limitee-270-ans","name":"\u00c9dition Limit\u00e9e 270 ans - Gautier Cognac","isPartOf":{"@id":"https:\/\/cognac-gautier.com\/#website"},"primaryImageOfPage":{"@id":"https:\/\/cognac-gautier.com\/fr\/product\/edition-limitee-270-ans#primaryimage"},"image":{"@id":"https:\/\/cognac-gautier.com\/fr\/product\/edition-limitee-270-ans#primaryimage"},"thumbnailUrl":"https:\/\/cognac-gautier.com\/wp-content\/uploads\/2026\/02\/270-fond-blc-scaled.jpg","datePublished":"2026-02-11T17:01:20+00:00","dateModified":"2026-02-16T11:37:03+00:00","description":"Pour c\u00e9l\u00e9brer ses 270 ans, la Maison Gautier signe un Cognac d\u2019exception issu de Petite Champagne, un cru que nous affectionnons particuli\u00e8rement pour sa rondeur et son \u00e9l\u00e9gance.Cette eau-de-vie, s\u00e9lectionn\u00e9e dans notre chai Paradis, v\u00e9ritable colonne vert\u00e9brale de notre gamme XO+, provient d\u2019un lot de 1994, r\u00e9duit lentement \u00e0 45\u00b0 afin d\u2019offrir une d\u00e9gustation douce et raffin\u00e9e.Ce Cognac Brut de f\u00fbt est un hommage \u00e0 notre h\u00e9ritage et \u00e0 notre savoir-faire. ABV : 45% vol.50cl","breadcrumb":{"@id":"https:\/\/cognac-gautier.com\/fr\/product\/edition-limitee-270-ans#breadcrumb"},"inLanguage":"fr-FR","potentialAction":[{"@type":"ReadAction","target":["https:\/\/cognac-gautier.com\/fr\/product\/edition-limitee-270-ans"]}]},{"@type":"ImageObject","inLanguage":"fr-FR","@id":"https:\/\/cognac-gautier.com\/fr\/product\/edition-limitee-270-ans#primaryimage","url":"https:\/\/cognac-gautier.com\/wp-content\/uploads\/2026\/02\/270-fond-blc-scaled.jpg","contentUrl":"https:\/\/cognac-gautier.com\/wp-content\/uploads\/2026\/02\/270-fond-blc-scaled.jpg","width":1920,"height":2560},{"@type":"BreadcrumbList","@id":"https:\/\/cognac-gautier.com\/fr\/product\/edition-limitee-270-ans#breadcrumb","itemListElement":[{"@type":"ListItem","position":1,"name":"Shop","item":"https:\/\/cognac-gautier.com\/shop"},{"@type":"ListItem","position":2,"name":"\u00c9dition Limit\u00e9e 270 ans"}]},{"@type":"WebSite","@id":"https:\/\/cognac-gautier.com\/#website","url":"https:\/\/cognac-gautier.com\/","name":"Gautier Cognac","description":"","publisher":{"@id":"https:\/\/cognac-gautier.com\/#organization"},"potentialAction":[{"@type":"SearchAction","target":{"@type":"EntryPoint","urlTemplate":"https:\/\/cognac-gautier.com\/?s={search_term_string}"},"query-input":{"@type":"PropertyValueSpecification","valueRequired":true,"valueName":"search_term_string"}}],"inLanguage":"fr-FR"},{"@type":"Organization","@id":"https:\/\/cognac-gautier.com\/#organization","name":"Gautier Cognac","url":"https:\/\/cognac-gautier.com\/","logo":{"@type":"ImageObject","inLanguage":"fr-FR","@id":"https:\/\/cognac-gautier.com\/#\/schema\/logo\/image\/","url":"https:\/\/cognac-gautier.com\/wp-content\/uploads\/2022\/11\/logo.svg","contentUrl":"https:\/\/cognac-gautier.com\/wp-content\/uploads\/2022\/11\/logo.svg","width":195,"height":112,"caption":"Gautier Cognac"},"image":{"@id":"https:\/\/cognac-gautier.com\/#\/schema\/logo\/image\/"}}]}},"_links":{"self":[{"href":"https:\/\/cognac-gautier.com\/fr\/wp-json\/wp\/v2\/product\/2429","targetHints":{"allow":["GET"]}}],"collection":[{"href":"https:\/\/cognac-gautier.com\/fr\/wp-json\/wp\/v2\/product"}],"about":[{"href":"https:\/\/cognac-gautier.com\/fr\/wp-json\/wp\/v2\/types\/product"}],"wp:featuredmedia":[{"embeddable":true,"href":"https:\/\/cognac-gautier.com\/fr\/wp-json\/wp\/v2\/media\/2428"}],"wp:attachment":[{"href":"https:\/\/cognac-gautier.com\/fr\/wp-json\/wp\/v2\/media?parent=2429"}],"wp:term":[{"taxonomy":"product_brand","embeddable":true,"href":"https:\/\/cognac-gautier.com\/fr\/wp-json\/wp\/v2\/product_brand?post=2429"},{"taxonomy":"product_cat","embeddable":true,"href":"https:\/\/cognac-gautier.com\/fr\/wp-json\/wp\/v2\/product_cat?post=2429"},{"taxonomy":"product_tag","embeddable":true,"href":"https:\/\/cognac-gautier.com\/fr\/wp-json\/wp\/v2\/product_tag?post=2429"}],"curies":[{"name":"wp","href":"https:\/\/api.w.org\/{rel}","templated":true}]}}