{"id":2213,"date":"2024-04-12T12:25:47","date_gmt":"2024-04-12T12:25:47","guid":{"rendered":"https:\/\/cognac-gautier.com\/?post_type=product&#038;p=2213"},"modified":"2024-04-12T12:30:22","modified_gmt":"2024-04-12T12:30:22","slug":"seve-by-gautier","status":"publish","type":"product","link":"https:\/\/cognac-gautier.com\/fr\/product\/seve-by-gautier","title":{"rendered":"S\u00e8ve by Gautier"},"content":{"rendered":"","protected":false},"excerpt":{"rendered":"<p>S\u00e8ve by GAUTIER est une s\u00e9lection des plus fines eaux-de-vie de Fine Champagne, combin\u00e9e \u00e0 un m\u00e9lange complexe d&rsquo;extraits de plantes et vieillit en f\u00fbts de ch\u00eanes. Une liqueur puissante aux ar\u00f4mes d\u00e9licats, gourmands et harmonieux.<\/p>\n<p>ABV : 35% vol.<\/p>\n<p>50cl<\/p>\n","protected":false},"featured_media":2210,"template":"","meta":{"_acf_changed":false,"inline_featured_image":false},"product_brand":[],"product_cat":[33],"product_tag":[],"class_list":{"0":"post-2213","1":"product","2":"type-product","3":"status-publish","4":"has-post-thumbnail","6":"product_cat-bouteilles-seules","8":"first","9":"instock","10":"taxable","11":"shipping-taxable","12":"purchasable","13":"product-type-simple"},"acf":[],"yoast_head":"<!-- This site is optimized with the Yoast SEO plugin v27.5 - https:\/\/yoast.com\/product\/yoast-seo-wordpress\/ -->\n<title>S\u00e8ve by Gautier - Gautier Cognac<\/title>\n<meta name=\"robots\" content=\"index, follow, max-snippet:-1, max-image-preview:large, max-video-preview:-1\" \/>\n<link rel=\"canonical\" href=\"https:\/\/cognac-gautier.com\/fr\/product\/seve-by-gautier\" \/>\n<meta property=\"og:locale\" content=\"fr_FR\" \/>\n<meta property=\"og:type\" content=\"article\" \/>\n<meta property=\"og:title\" content=\"S\u00e8ve by Gautier - Gautier Cognac\" \/>\n<meta property=\"og:description\" content=\"S\u00e8ve by GAUTIER est une s\u00e9lection des plus fines eaux-de-vie de Fine Champagne, combin\u00e9e \u00e0 un m\u00e9lange complexe d&#039;extraits de plantes et vieillit en f\u00fbts de ch\u00eanes. Une liqueur puissante aux ar\u00f4mes d\u00e9licats, gourmands et harmonieux.  ABV : 35% vol.  50cl\" \/>\n<meta property=\"og:url\" content=\"https:\/\/cognac-gautier.com\/fr\/product\/seve-by-gautier\" \/>\n<meta property=\"og:site_name\" content=\"Gautier Cognac\" \/>\n<meta property=\"article:modified_time\" content=\"2024-04-12T12:30:22+00:00\" \/>\n<meta property=\"og:image\" content=\"https:\/\/cognac-gautier.com\/wp-content\/uploads\/2024\/04\/Gautier-Seve-fond-846x470px.jpg\" \/>\n\t<meta property=\"og:image:width\" content=\"846\" \/>\n\t<meta property=\"og:image:height\" content=\"470\" \/>\n\t<meta property=\"og:image:type\" content=\"image\/jpeg\" \/>\n<meta name=\"twitter:card\" content=\"summary_large_image\" \/>\n<meta name=\"twitter:label1\" content=\"Dur\u00e9e de lecture estim\u00e9e\" \/>\n\t<meta name=\"twitter:data1\" content=\"1 minute\" \/>\n<script type=\"application\/ld+json\" class=\"yoast-schema-graph\">{\"@context\":\"https:\\\/\\\/schema.org\",\"@graph\":[{\"@type\":\"WebPage\",\"@id\":\"https:\\\/\\\/cognac-gautier.com\\\/fr\\\/product\\\/seve-by-gautier\",\"url\":\"https:\\\/\\\/cognac-gautier.com\\\/fr\\\/product\\\/seve-by-gautier\",\"name\":\"S\u00e8ve by Gautier - Gautier Cognac\",\"isPartOf\":{\"@id\":\"https:\\\/\\\/cognac-gautier.com\\\/#website\"},\"primaryImageOfPage\":{\"@id\":\"https:\\\/\\\/cognac-gautier.com\\\/fr\\\/product\\\/seve-by-gautier#primaryimage\"},\"image\":{\"@id\":\"https:\\\/\\\/cognac-gautier.com\\\/fr\\\/product\\\/seve-by-gautier#primaryimage\"},\"thumbnailUrl\":\"https:\\\/\\\/cognac-gautier.com\\\/wp-content\\\/uploads\\\/2024\\\/04\\\/Gautier-Seve-fond-846x470px.jpg\",\"datePublished\":\"2024-04-12T12:25:47+00:00\",\"dateModified\":\"2024-04-12T12:30:22+00:00\",\"breadcrumb\":{\"@id\":\"https:\\\/\\\/cognac-gautier.com\\\/fr\\\/product\\\/seve-by-gautier#breadcrumb\"},\"inLanguage\":\"fr-FR\",\"potentialAction\":[{\"@type\":\"ReadAction\",\"target\":[\"https:\\\/\\\/cognac-gautier.com\\\/fr\\\/product\\\/seve-by-gautier\"]}]},{\"@type\":\"ImageObject\",\"inLanguage\":\"fr-FR\",\"@id\":\"https:\\\/\\\/cognac-gautier.com\\\/fr\\\/product\\\/seve-by-gautier#primaryimage\",\"url\":\"https:\\\/\\\/cognac-gautier.com\\\/wp-content\\\/uploads\\\/2024\\\/04\\\/Gautier-Seve-fond-846x470px.jpg\",\"contentUrl\":\"https:\\\/\\\/cognac-gautier.com\\\/wp-content\\\/uploads\\\/2024\\\/04\\\/Gautier-Seve-fond-846x470px.jpg\",\"width\":846,\"height\":470},{\"@type\":\"BreadcrumbList\",\"@id\":\"https:\\\/\\\/cognac-gautier.com\\\/fr\\\/product\\\/seve-by-gautier#breadcrumb\",\"itemListElement\":[{\"@type\":\"ListItem\",\"position\":1,\"name\":\"Shop\",\"item\":\"https:\\\/\\\/cognac-gautier.com\\\/shop\"},{\"@type\":\"ListItem\",\"position\":2,\"name\":\"S\u00e8ve by Gautier\"}]},{\"@type\":\"WebSite\",\"@id\":\"https:\\\/\\\/cognac-gautier.com\\\/#website\",\"url\":\"https:\\\/\\\/cognac-gautier.com\\\/\",\"name\":\"Gautier Cognac\",\"description\":\"\",\"publisher\":{\"@id\":\"https:\\\/\\\/cognac-gautier.com\\\/#organization\"},\"potentialAction\":[{\"@type\":\"SearchAction\",\"target\":{\"@type\":\"EntryPoint\",\"urlTemplate\":\"https:\\\/\\\/cognac-gautier.com\\\/?s={search_term_string}\"},\"query-input\":{\"@type\":\"PropertyValueSpecification\",\"valueRequired\":true,\"valueName\":\"search_term_string\"}}],\"inLanguage\":\"fr-FR\"},{\"@type\":\"Organization\",\"@id\":\"https:\\\/\\\/cognac-gautier.com\\\/#organization\",\"name\":\"Gautier Cognac\",\"url\":\"https:\\\/\\\/cognac-gautier.com\\\/\",\"logo\":{\"@type\":\"ImageObject\",\"inLanguage\":\"fr-FR\",\"@id\":\"https:\\\/\\\/cognac-gautier.com\\\/#\\\/schema\\\/logo\\\/image\\\/\",\"url\":\"https:\\\/\\\/cognac-gautier.com\\\/wp-content\\\/uploads\\\/2022\\\/11\\\/logo.svg\",\"contentUrl\":\"https:\\\/\\\/cognac-gautier.com\\\/wp-content\\\/uploads\\\/2022\\\/11\\\/logo.svg\",\"width\":195,\"height\":112,\"caption\":\"Gautier Cognac\"},\"image\":{\"@id\":\"https:\\\/\\\/cognac-gautier.com\\\/#\\\/schema\\\/logo\\\/image\\\/\"}}]}<\/script>\n<!-- \/ Yoast SEO plugin. -->","yoast_head_json":{"title":"S\u00e8ve by Gautier - Gautier Cognac","robots":{"index":"index","follow":"follow","max-snippet":"max-snippet:-1","max-image-preview":"max-image-preview:large","max-video-preview":"max-video-preview:-1"},"canonical":"https:\/\/cognac-gautier.com\/fr\/product\/seve-by-gautier","og_locale":"fr_FR","og_type":"article","og_title":"S\u00e8ve by Gautier - Gautier Cognac","og_description":"S\u00e8ve by GAUTIER est une s\u00e9lection des plus fines eaux-de-vie de Fine Champagne, combin\u00e9e \u00e0 un m\u00e9lange complexe d'extraits de plantes et vieillit en f\u00fbts de ch\u00eanes. Une liqueur puissante aux ar\u00f4mes d\u00e9licats, gourmands et harmonieux.  ABV : 35% vol.  50cl","og_url":"https:\/\/cognac-gautier.com\/fr\/product\/seve-by-gautier","og_site_name":"Gautier Cognac","article_modified_time":"2024-04-12T12:30:22+00:00","og_image":[{"width":846,"height":470,"url":"https:\/\/cognac-gautier.com\/wp-content\/uploads\/2024\/04\/Gautier-Seve-fond-846x470px.jpg","type":"image\/jpeg"}],"twitter_card":"summary_large_image","twitter_misc":{"Dur\u00e9e de lecture estim\u00e9e":"1 minute"},"schema":{"@context":"https:\/\/schema.org","@graph":[{"@type":"WebPage","@id":"https:\/\/cognac-gautier.com\/fr\/product\/seve-by-gautier","url":"https:\/\/cognac-gautier.com\/fr\/product\/seve-by-gautier","name":"S\u00e8ve by Gautier - Gautier Cognac","isPartOf":{"@id":"https:\/\/cognac-gautier.com\/#website"},"primaryImageOfPage":{"@id":"https:\/\/cognac-gautier.com\/fr\/product\/seve-by-gautier#primaryimage"},"image":{"@id":"https:\/\/cognac-gautier.com\/fr\/product\/seve-by-gautier#primaryimage"},"thumbnailUrl":"https:\/\/cognac-gautier.com\/wp-content\/uploads\/2024\/04\/Gautier-Seve-fond-846x470px.jpg","datePublished":"2024-04-12T12:25:47+00:00","dateModified":"2024-04-12T12:30:22+00:00","breadcrumb":{"@id":"https:\/\/cognac-gautier.com\/fr\/product\/seve-by-gautier#breadcrumb"},"inLanguage":"fr-FR","potentialAction":[{"@type":"ReadAction","target":["https:\/\/cognac-gautier.com\/fr\/product\/seve-by-gautier"]}]},{"@type":"ImageObject","inLanguage":"fr-FR","@id":"https:\/\/cognac-gautier.com\/fr\/product\/seve-by-gautier#primaryimage","url":"https:\/\/cognac-gautier.com\/wp-content\/uploads\/2024\/04\/Gautier-Seve-fond-846x470px.jpg","contentUrl":"https:\/\/cognac-gautier.com\/wp-content\/uploads\/2024\/04\/Gautier-Seve-fond-846x470px.jpg","width":846,"height":470},{"@type":"BreadcrumbList","@id":"https:\/\/cognac-gautier.com\/fr\/product\/seve-by-gautier#breadcrumb","itemListElement":[{"@type":"ListItem","position":1,"name":"Shop","item":"https:\/\/cognac-gautier.com\/shop"},{"@type":"ListItem","position":2,"name":"S\u00e8ve by Gautier"}]},{"@type":"WebSite","@id":"https:\/\/cognac-gautier.com\/#website","url":"https:\/\/cognac-gautier.com\/","name":"Gautier Cognac","description":"","publisher":{"@id":"https:\/\/cognac-gautier.com\/#organization"},"potentialAction":[{"@type":"SearchAction","target":{"@type":"EntryPoint","urlTemplate":"https:\/\/cognac-gautier.com\/?s={search_term_string}"},"query-input":{"@type":"PropertyValueSpecification","valueRequired":true,"valueName":"search_term_string"}}],"inLanguage":"fr-FR"},{"@type":"Organization","@id":"https:\/\/cognac-gautier.com\/#organization","name":"Gautier Cognac","url":"https:\/\/cognac-gautier.com\/","logo":{"@type":"ImageObject","inLanguage":"fr-FR","@id":"https:\/\/cognac-gautier.com\/#\/schema\/logo\/image\/","url":"https:\/\/cognac-gautier.com\/wp-content\/uploads\/2022\/11\/logo.svg","contentUrl":"https:\/\/cognac-gautier.com\/wp-content\/uploads\/2022\/11\/logo.svg","width":195,"height":112,"caption":"Gautier Cognac"},"image":{"@id":"https:\/\/cognac-gautier.com\/#\/schema\/logo\/image\/"}}]}},"_links":{"self":[{"href":"https:\/\/cognac-gautier.com\/fr\/wp-json\/wp\/v2\/product\/2213","targetHints":{"allow":["GET"]}}],"collection":[{"href":"https:\/\/cognac-gautier.com\/fr\/wp-json\/wp\/v2\/product"}],"about":[{"href":"https:\/\/cognac-gautier.com\/fr\/wp-json\/wp\/v2\/types\/product"}],"wp:featuredmedia":[{"embeddable":true,"href":"https:\/\/cognac-gautier.com\/fr\/wp-json\/wp\/v2\/media\/2210"}],"wp:attachment":[{"href":"https:\/\/cognac-gautier.com\/fr\/wp-json\/wp\/v2\/media?parent=2213"}],"wp:term":[{"taxonomy":"product_brand","embeddable":true,"href":"https:\/\/cognac-gautier.com\/fr\/wp-json\/wp\/v2\/product_brand?post=2213"},{"taxonomy":"product_cat","embeddable":true,"href":"https:\/\/cognac-gautier.com\/fr\/wp-json\/wp\/v2\/product_cat?post=2213"},{"taxonomy":"product_tag","embeddable":true,"href":"https:\/\/cognac-gautier.com\/fr\/wp-json\/wp\/v2\/product_tag?post=2213"}],"curies":[{"name":"wp","href":"https:\/\/api.w.org\/{rel}","templated":true}]}}