{"id":1565,"date":"2023-04-27T19:23:56","date_gmt":"2023-04-27T19:23:56","guid":{"rendered":"https:\/\/cognac-gautier.comtier\/?post_type=product&#038;p=952"},"modified":"2026-02-16T13:38:11","modified_gmt":"2026-02-16T13:38:11","slug":"tradition-rare","status":"publish","type":"product","link":"https:\/\/cognac-gautier.com\/fr\/product\/tradition-rare","title":{"rendered":"Tradition Rare"},"content":{"rendered":"<p>Nos m\u00e9dailles pour le tradition rare<\/p>\n","protected":false},"excerpt":{"rendered":"<p>Tradition Rare de la Maison GAUTIER est un cognac d\u2019exception au caract\u00e8re remarquablement g\u00e9n\u00e9reux, puissant et complexe. El\u00e9gant et harmonieux, il d\u00e9veloppe une palette infinie d\u2019ar\u00f4mes, particuli\u00e8rement appr\u00e9ci\u00e9e des experts.<\/p>\n<p>Tradition Rare est \u00e9labor\u00e9 en petits volumes \u00e0 partir de nos plus anciennes <em>eaux-de-vie<\/em> de la Chai Paradis, la plus ancienne ayant 50 ans. Le nombre de bouteilles \u00e9tant limit\u00e9, chacune de ces bouteilles est num\u00e9rot\u00e9e.<\/p>\n<p>Elle est compos\u00e9e de Grande et Petite Champagne ainsi que de Fins Bois.<\/p>\n<p>ABV : 41,2% vol.<\/p>\n<p>70cl<\/p>\n","protected":false},"featured_media":1910,"template":"","meta":{"_acf_changed":false,"inline_featured_image":false},"product_brand":[],"product_cat":[33],"product_tag":[],"class_list":{"0":"post-1565","1":"product","2":"type-product","3":"status-publish","4":"has-post-thumbnail","6":"product_cat-bouteilles-seules","8":"first","9":"instock","10":"taxable","11":"shipping-taxable","12":"purchasable","13":"product-type-simple"},"acf":[],"yoast_head":"<!-- This site is optimized with the Yoast SEO plugin v27.5 - https:\/\/yoast.com\/product\/yoast-seo-wordpress\/ -->\n<title>Tradition Rare - Gautier Cognac<\/title>\n<meta name=\"robots\" content=\"index, follow, max-snippet:-1, max-image-preview:large, max-video-preview:-1\" \/>\n<link rel=\"canonical\" href=\"https:\/\/cognac-gautier.com\/fr\/product\/tradition-rare\" \/>\n<meta property=\"og:locale\" content=\"fr_FR\" \/>\n<meta property=\"og:type\" content=\"article\" \/>\n<meta property=\"og:title\" content=\"Tradition Rare - Gautier Cognac\" \/>\n<meta property=\"og:description\" content=\"Tradition Rare de la Maison GAUTIER est un cognac d\u2019exception au caract\u00e8re remarquablement g\u00e9n\u00e9reux, puissant et complexe. El\u00e9gant et harmonieux, il d\u00e9veloppe une palette infinie d\u2019ar\u00f4mes, particuli\u00e8rement appr\u00e9ci\u00e9e des experts.  Tradition Rare est \u00e9labor\u00e9 en petits volumes \u00e0 partir de nos plus anciennes eaux-de-vie de la Chai Paradis, la plus ancienne ayant 50 ans. Le nombre de bouteilles \u00e9tant limit\u00e9, chacune de ces bouteilles est num\u00e9rot\u00e9e.  Elle est compos\u00e9e de Grande et Petite Champagne ainsi que de Fins Bois.  ABV : 41,2% vol.  70cl\" \/>\n<meta property=\"og:url\" content=\"https:\/\/cognac-gautier.com\/fr\/product\/tradition-rare\" \/>\n<meta property=\"og:site_name\" content=\"Gautier Cognac\" \/>\n<meta property=\"article:modified_time\" content=\"2026-02-16T13:38:11+00:00\" \/>\n<meta property=\"og:image\" content=\"https:\/\/cognac-gautier.com\/wp-content\/uploads\/2023\/04\/Tradition-rare-1024x569.png\" \/>\n\t<meta property=\"og:image:width\" content=\"1024\" \/>\n\t<meta property=\"og:image:height\" content=\"569\" \/>\n\t<meta property=\"og:image:type\" content=\"image\/png\" \/>\n<meta name=\"twitter:card\" content=\"summary_large_image\" \/>\n<meta name=\"twitter:label1\" content=\"Dur\u00e9e de lecture estim\u00e9e\" \/>\n\t<meta name=\"twitter:data1\" content=\"1 minute\" \/>\n<script type=\"application\/ld+json\" class=\"yoast-schema-graph\">{\"@context\":\"https:\\\/\\\/schema.org\",\"@graph\":[{\"@type\":\"WebPage\",\"@id\":\"https:\\\/\\\/cognac-gautier.com\\\/fr\\\/product\\\/tradition-rare\",\"url\":\"https:\\\/\\\/cognac-gautier.com\\\/fr\\\/product\\\/tradition-rare\",\"name\":\"Tradition Rare - Gautier Cognac\",\"isPartOf\":{\"@id\":\"https:\\\/\\\/cognac-gautier.com\\\/#website\"},\"primaryImageOfPage\":{\"@id\":\"https:\\\/\\\/cognac-gautier.com\\\/fr\\\/product\\\/tradition-rare#primaryimage\"},\"image\":{\"@id\":\"https:\\\/\\\/cognac-gautier.com\\\/fr\\\/product\\\/tradition-rare#primaryimage\"},\"thumbnailUrl\":\"https:\\\/\\\/cognac-gautier.com\\\/wp-content\\\/uploads\\\/2023\\\/04\\\/Tradition-rare.png\",\"datePublished\":\"2023-04-27T19:23:56+00:00\",\"dateModified\":\"2026-02-16T13:38:11+00:00\",\"breadcrumb\":{\"@id\":\"https:\\\/\\\/cognac-gautier.com\\\/fr\\\/product\\\/tradition-rare#breadcrumb\"},\"inLanguage\":\"fr-FR\",\"potentialAction\":[{\"@type\":\"ReadAction\",\"target\":[\"https:\\\/\\\/cognac-gautier.com\\\/fr\\\/product\\\/tradition-rare\"]}]},{\"@type\":\"ImageObject\",\"inLanguage\":\"fr-FR\",\"@id\":\"https:\\\/\\\/cognac-gautier.com\\\/fr\\\/product\\\/tradition-rare#primaryimage\",\"url\":\"https:\\\/\\\/cognac-gautier.com\\\/wp-content\\\/uploads\\\/2023\\\/04\\\/Tradition-rare.png\",\"contentUrl\":\"https:\\\/\\\/cognac-gautier.com\\\/wp-content\\\/uploads\\\/2023\\\/04\\\/Tradition-rare.png\",\"width\":1692,\"height\":940},{\"@type\":\"BreadcrumbList\",\"@id\":\"https:\\\/\\\/cognac-gautier.com\\\/fr\\\/product\\\/tradition-rare#breadcrumb\",\"itemListElement\":[{\"@type\":\"ListItem\",\"position\":1,\"name\":\"Shop\",\"item\":\"https:\\\/\\\/cognac-gautier.com\\\/shop\"},{\"@type\":\"ListItem\",\"position\":2,\"name\":\"Tradition Rare\"}]},{\"@type\":\"WebSite\",\"@id\":\"https:\\\/\\\/cognac-gautier.com\\\/#website\",\"url\":\"https:\\\/\\\/cognac-gautier.com\\\/\",\"name\":\"Gautier Cognac\",\"description\":\"\",\"publisher\":{\"@id\":\"https:\\\/\\\/cognac-gautier.com\\\/#organization\"},\"potentialAction\":[{\"@type\":\"SearchAction\",\"target\":{\"@type\":\"EntryPoint\",\"urlTemplate\":\"https:\\\/\\\/cognac-gautier.com\\\/?s={search_term_string}\"},\"query-input\":{\"@type\":\"PropertyValueSpecification\",\"valueRequired\":true,\"valueName\":\"search_term_string\"}}],\"inLanguage\":\"fr-FR\"},{\"@type\":\"Organization\",\"@id\":\"https:\\\/\\\/cognac-gautier.com\\\/#organization\",\"name\":\"Gautier Cognac\",\"url\":\"https:\\\/\\\/cognac-gautier.com\\\/\",\"logo\":{\"@type\":\"ImageObject\",\"inLanguage\":\"fr-FR\",\"@id\":\"https:\\\/\\\/cognac-gautier.com\\\/#\\\/schema\\\/logo\\\/image\\\/\",\"url\":\"https:\\\/\\\/cognac-gautier.com\\\/wp-content\\\/uploads\\\/2022\\\/11\\\/logo.svg\",\"contentUrl\":\"https:\\\/\\\/cognac-gautier.com\\\/wp-content\\\/uploads\\\/2022\\\/11\\\/logo.svg\",\"width\":195,\"height\":112,\"caption\":\"Gautier Cognac\"},\"image\":{\"@id\":\"https:\\\/\\\/cognac-gautier.com\\\/#\\\/schema\\\/logo\\\/image\\\/\"}}]}<\/script>\n<!-- \/ Yoast SEO plugin. -->","yoast_head_json":{"title":"Tradition Rare - Gautier Cognac","robots":{"index":"index","follow":"follow","max-snippet":"max-snippet:-1","max-image-preview":"max-image-preview:large","max-video-preview":"max-video-preview:-1"},"canonical":"https:\/\/cognac-gautier.com\/fr\/product\/tradition-rare","og_locale":"fr_FR","og_type":"article","og_title":"Tradition Rare - Gautier Cognac","og_description":"Tradition Rare de la Maison GAUTIER est un cognac d\u2019exception au caract\u00e8re remarquablement g\u00e9n\u00e9reux, puissant et complexe. El\u00e9gant et harmonieux, il d\u00e9veloppe une palette infinie d\u2019ar\u00f4mes, particuli\u00e8rement appr\u00e9ci\u00e9e des experts.  Tradition Rare est \u00e9labor\u00e9 en petits volumes \u00e0 partir de nos plus anciennes eaux-de-vie de la Chai Paradis, la plus ancienne ayant 50 ans. Le nombre de bouteilles \u00e9tant limit\u00e9, chacune de ces bouteilles est num\u00e9rot\u00e9e.  Elle est compos\u00e9e de Grande et Petite Champagne ainsi que de Fins Bois.  ABV : 41,2% vol.  70cl","og_url":"https:\/\/cognac-gautier.com\/fr\/product\/tradition-rare","og_site_name":"Gautier Cognac","article_modified_time":"2026-02-16T13:38:11+00:00","og_image":[{"width":1024,"height":569,"url":"https:\/\/cognac-gautier.com\/wp-content\/uploads\/2023\/04\/Tradition-rare-1024x569.png","type":"image\/png"}],"twitter_card":"summary_large_image","twitter_misc":{"Dur\u00e9e de lecture estim\u00e9e":"1 minute"},"schema":{"@context":"https:\/\/schema.org","@graph":[{"@type":"WebPage","@id":"https:\/\/cognac-gautier.com\/fr\/product\/tradition-rare","url":"https:\/\/cognac-gautier.com\/fr\/product\/tradition-rare","name":"Tradition Rare - Gautier Cognac","isPartOf":{"@id":"https:\/\/cognac-gautier.com\/#website"},"primaryImageOfPage":{"@id":"https:\/\/cognac-gautier.com\/fr\/product\/tradition-rare#primaryimage"},"image":{"@id":"https:\/\/cognac-gautier.com\/fr\/product\/tradition-rare#primaryimage"},"thumbnailUrl":"https:\/\/cognac-gautier.com\/wp-content\/uploads\/2023\/04\/Tradition-rare.png","datePublished":"2023-04-27T19:23:56+00:00","dateModified":"2026-02-16T13:38:11+00:00","breadcrumb":{"@id":"https:\/\/cognac-gautier.com\/fr\/product\/tradition-rare#breadcrumb"},"inLanguage":"fr-FR","potentialAction":[{"@type":"ReadAction","target":["https:\/\/cognac-gautier.com\/fr\/product\/tradition-rare"]}]},{"@type":"ImageObject","inLanguage":"fr-FR","@id":"https:\/\/cognac-gautier.com\/fr\/product\/tradition-rare#primaryimage","url":"https:\/\/cognac-gautier.com\/wp-content\/uploads\/2023\/04\/Tradition-rare.png","contentUrl":"https:\/\/cognac-gautier.com\/wp-content\/uploads\/2023\/04\/Tradition-rare.png","width":1692,"height":940},{"@type":"BreadcrumbList","@id":"https:\/\/cognac-gautier.com\/fr\/product\/tradition-rare#breadcrumb","itemListElement":[{"@type":"ListItem","position":1,"name":"Shop","item":"https:\/\/cognac-gautier.com\/shop"},{"@type":"ListItem","position":2,"name":"Tradition Rare"}]},{"@type":"WebSite","@id":"https:\/\/cognac-gautier.com\/#website","url":"https:\/\/cognac-gautier.com\/","name":"Gautier Cognac","description":"","publisher":{"@id":"https:\/\/cognac-gautier.com\/#organization"},"potentialAction":[{"@type":"SearchAction","target":{"@type":"EntryPoint","urlTemplate":"https:\/\/cognac-gautier.com\/?s={search_term_string}"},"query-input":{"@type":"PropertyValueSpecification","valueRequired":true,"valueName":"search_term_string"}}],"inLanguage":"fr-FR"},{"@type":"Organization","@id":"https:\/\/cognac-gautier.com\/#organization","name":"Gautier Cognac","url":"https:\/\/cognac-gautier.com\/","logo":{"@type":"ImageObject","inLanguage":"fr-FR","@id":"https:\/\/cognac-gautier.com\/#\/schema\/logo\/image\/","url":"https:\/\/cognac-gautier.com\/wp-content\/uploads\/2022\/11\/logo.svg","contentUrl":"https:\/\/cognac-gautier.com\/wp-content\/uploads\/2022\/11\/logo.svg","width":195,"height":112,"caption":"Gautier Cognac"},"image":{"@id":"https:\/\/cognac-gautier.com\/#\/schema\/logo\/image\/"}}]}},"_links":{"self":[{"href":"https:\/\/cognac-gautier.com\/fr\/wp-json\/wp\/v2\/product\/1565","targetHints":{"allow":["GET"]}}],"collection":[{"href":"https:\/\/cognac-gautier.com\/fr\/wp-json\/wp\/v2\/product"}],"about":[{"href":"https:\/\/cognac-gautier.com\/fr\/wp-json\/wp\/v2\/types\/product"}],"wp:featuredmedia":[{"embeddable":true,"href":"https:\/\/cognac-gautier.com\/fr\/wp-json\/wp\/v2\/media\/1910"}],"wp:attachment":[{"href":"https:\/\/cognac-gautier.com\/fr\/wp-json\/wp\/v2\/media?parent=1565"}],"wp:term":[{"taxonomy":"product_brand","embeddable":true,"href":"https:\/\/cognac-gautier.com\/fr\/wp-json\/wp\/v2\/product_brand?post=1565"},{"taxonomy":"product_cat","embeddable":true,"href":"https:\/\/cognac-gautier.com\/fr\/wp-json\/wp\/v2\/product_cat?post=1565"},{"taxonomy":"product_tag","embeddable":true,"href":"https:\/\/cognac-gautier.com\/fr\/wp-json\/wp\/v2\/product_tag?post=1565"}],"curies":[{"name":"wp","href":"https:\/\/api.w.org\/{rel}","templated":true}]}}