{"id":1564,"date":"2023-04-27T19:24:45","date_gmt":"2023-04-27T19:24:45","guid":{"rendered":"https:\/\/cognac-gautier.comtier\/?post_type=product&#038;p=951"},"modified":"2023-11-29T14:16:22","modified_gmt":"2023-11-29T14:16:22","slug":"eden","status":"publish","type":"product","link":"https:\/\/cognac-gautier.com\/fr\/product\/eden","title":{"rendered":"Eden"},"content":{"rendered":"","protected":false},"excerpt":{"rendered":"<p>EDEN est un assemblage exceptionnellement rare et prodigieux issu des plus anciennes r\u00e9serves de notre Chai Paradis. La plus ancienne <em>eau-de-vie<\/em> date de 1943.<\/p>\n<p>L\u2019assemblage Eden refl\u00e8te le savoir-faire de plusieurs g\u00e9n\u00e9rations de ma\u00eetres de chai.<\/p>\n<p>Il est compos\u00e9 de Grande et Petite Champagne et de Fins Bois.<\/p>\n<p>ABV : 40% vol.<\/p>\n<p>70cl<\/p>\n<div class=\"product-section-description-content-icons\"><\/div>\n","protected":false},"featured_media":1868,"template":"","meta":{"_acf_changed":false,"inline_featured_image":false},"product_brand":[],"product_cat":[33],"product_tag":[],"class_list":{"0":"post-1564","1":"product","2":"type-product","3":"status-publish","4":"has-post-thumbnail","6":"product_cat-bouteilles-seules","8":"first","9":"instock","10":"taxable","11":"shipping-taxable","12":"purchasable","13":"product-type-simple"},"acf":[],"yoast_head":"<!-- This site is optimized with the Yoast SEO plugin v27.5 - https:\/\/yoast.com\/product\/yoast-seo-wordpress\/ -->\n<title>Eden - Gautier Cognac<\/title>\n<meta name=\"robots\" content=\"index, follow, max-snippet:-1, max-image-preview:large, max-video-preview:-1\" \/>\n<link rel=\"canonical\" href=\"https:\/\/cognac-gautier.com\/fr\/product\/eden\" \/>\n<meta property=\"og:locale\" content=\"fr_FR\" \/>\n<meta property=\"og:type\" content=\"article\" \/>\n<meta property=\"og:title\" content=\"Eden - Gautier Cognac\" \/>\n<meta property=\"og:description\" content=\"EDEN est un assemblage exceptionnellement rare et prodigieux issu des plus anciennes r\u00e9serves de notre Chai Paradis. La plus ancienne eau-de-vie date de 1943.  L\u2019assemblage Eden refl\u00e8te le savoir-faire de plusieurs g\u00e9n\u00e9rations de ma\u00eetres de chai.  Il est compos\u00e9 de Grande et Petite Champagne et de Fins Bois.  ABV : 40% vol.  70cl\" \/>\n<meta property=\"og:url\" content=\"https:\/\/cognac-gautier.com\/fr\/product\/eden\" \/>\n<meta property=\"og:site_name\" content=\"Gautier Cognac\" \/>\n<meta property=\"article:modified_time\" content=\"2023-11-29T14:16:22+00:00\" \/>\n<meta property=\"og:image\" content=\"https:\/\/cognac-gautier.com\/wp-content\/uploads\/2023\/04\/Visuel-1-2.png\" \/>\n\t<meta property=\"og:image:width\" content=\"1692\" \/>\n\t<meta property=\"og:image:height\" content=\"940\" \/>\n\t<meta property=\"og:image:type\" content=\"image\/png\" \/>\n<meta name=\"twitter:card\" content=\"summary_large_image\" \/>\n<script type=\"application\/ld+json\" class=\"yoast-schema-graph\">{\"@context\":\"https:\\\/\\\/schema.org\",\"@graph\":[{\"@type\":\"WebPage\",\"@id\":\"https:\\\/\\\/cognac-gautier.com\\\/fr\\\/product\\\/eden\",\"url\":\"https:\\\/\\\/cognac-gautier.com\\\/fr\\\/product\\\/eden\",\"name\":\"Eden - Gautier Cognac\",\"isPartOf\":{\"@id\":\"https:\\\/\\\/cognac-gautier.com\\\/#website\"},\"primaryImageOfPage\":{\"@id\":\"https:\\\/\\\/cognac-gautier.com\\\/fr\\\/product\\\/eden#primaryimage\"},\"image\":{\"@id\":\"https:\\\/\\\/cognac-gautier.com\\\/fr\\\/product\\\/eden#primaryimage\"},\"thumbnailUrl\":\"https:\\\/\\\/cognac-gautier.com\\\/wp-content\\\/uploads\\\/2023\\\/04\\\/Visuel-1-2.png\",\"datePublished\":\"2023-04-27T19:24:45+00:00\",\"dateModified\":\"2023-11-29T14:16:22+00:00\",\"breadcrumb\":{\"@id\":\"https:\\\/\\\/cognac-gautier.com\\\/fr\\\/product\\\/eden#breadcrumb\"},\"inLanguage\":\"fr-FR\",\"potentialAction\":[{\"@type\":\"ReadAction\",\"target\":[\"https:\\\/\\\/cognac-gautier.com\\\/fr\\\/product\\\/eden\"]}]},{\"@type\":\"ImageObject\",\"inLanguage\":\"fr-FR\",\"@id\":\"https:\\\/\\\/cognac-gautier.com\\\/fr\\\/product\\\/eden#primaryimage\",\"url\":\"https:\\\/\\\/cognac-gautier.com\\\/wp-content\\\/uploads\\\/2023\\\/04\\\/Visuel-1-2.png\",\"contentUrl\":\"https:\\\/\\\/cognac-gautier.com\\\/wp-content\\\/uploads\\\/2023\\\/04\\\/Visuel-1-2.png\",\"width\":1692,\"height\":940},{\"@type\":\"BreadcrumbList\",\"@id\":\"https:\\\/\\\/cognac-gautier.com\\\/fr\\\/product\\\/eden#breadcrumb\",\"itemListElement\":[{\"@type\":\"ListItem\",\"position\":1,\"name\":\"Shop\",\"item\":\"https:\\\/\\\/cognac-gautier.com\\\/shop\"},{\"@type\":\"ListItem\",\"position\":2,\"name\":\"Eden\"}]},{\"@type\":\"WebSite\",\"@id\":\"https:\\\/\\\/cognac-gautier.com\\\/#website\",\"url\":\"https:\\\/\\\/cognac-gautier.com\\\/\",\"name\":\"Gautier Cognac\",\"description\":\"\",\"publisher\":{\"@id\":\"https:\\\/\\\/cognac-gautier.com\\\/#organization\"},\"potentialAction\":[{\"@type\":\"SearchAction\",\"target\":{\"@type\":\"EntryPoint\",\"urlTemplate\":\"https:\\\/\\\/cognac-gautier.com\\\/?s={search_term_string}\"},\"query-input\":{\"@type\":\"PropertyValueSpecification\",\"valueRequired\":true,\"valueName\":\"search_term_string\"}}],\"inLanguage\":\"fr-FR\"},{\"@type\":\"Organization\",\"@id\":\"https:\\\/\\\/cognac-gautier.com\\\/#organization\",\"name\":\"Gautier Cognac\",\"url\":\"https:\\\/\\\/cognac-gautier.com\\\/\",\"logo\":{\"@type\":\"ImageObject\",\"inLanguage\":\"fr-FR\",\"@id\":\"https:\\\/\\\/cognac-gautier.com\\\/#\\\/schema\\\/logo\\\/image\\\/\",\"url\":\"https:\\\/\\\/cognac-gautier.com\\\/wp-content\\\/uploads\\\/2022\\\/11\\\/logo.svg\",\"contentUrl\":\"https:\\\/\\\/cognac-gautier.com\\\/wp-content\\\/uploads\\\/2022\\\/11\\\/logo.svg\",\"width\":195,\"height\":112,\"caption\":\"Gautier Cognac\"},\"image\":{\"@id\":\"https:\\\/\\\/cognac-gautier.com\\\/#\\\/schema\\\/logo\\\/image\\\/\"}}]}<\/script>\n<!-- \/ Yoast SEO plugin. -->","yoast_head_json":{"title":"Eden - Gautier Cognac","robots":{"index":"index","follow":"follow","max-snippet":"max-snippet:-1","max-image-preview":"max-image-preview:large","max-video-preview":"max-video-preview:-1"},"canonical":"https:\/\/cognac-gautier.com\/fr\/product\/eden","og_locale":"fr_FR","og_type":"article","og_title":"Eden - Gautier Cognac","og_description":"EDEN est un assemblage exceptionnellement rare et prodigieux issu des plus anciennes r\u00e9serves de notre Chai Paradis. La plus ancienne eau-de-vie date de 1943.  L\u2019assemblage Eden refl\u00e8te le savoir-faire de plusieurs g\u00e9n\u00e9rations de ma\u00eetres de chai.  Il est compos\u00e9 de Grande et Petite Champagne et de Fins Bois.  ABV : 40% vol.  70cl","og_url":"https:\/\/cognac-gautier.com\/fr\/product\/eden","og_site_name":"Gautier Cognac","article_modified_time":"2023-11-29T14:16:22+00:00","og_image":[{"width":1692,"height":940,"url":"https:\/\/cognac-gautier.com\/wp-content\/uploads\/2023\/04\/Visuel-1-2.png","type":"image\/png"}],"twitter_card":"summary_large_image","schema":{"@context":"https:\/\/schema.org","@graph":[{"@type":"WebPage","@id":"https:\/\/cognac-gautier.com\/fr\/product\/eden","url":"https:\/\/cognac-gautier.com\/fr\/product\/eden","name":"Eden - Gautier Cognac","isPartOf":{"@id":"https:\/\/cognac-gautier.com\/#website"},"primaryImageOfPage":{"@id":"https:\/\/cognac-gautier.com\/fr\/product\/eden#primaryimage"},"image":{"@id":"https:\/\/cognac-gautier.com\/fr\/product\/eden#primaryimage"},"thumbnailUrl":"https:\/\/cognac-gautier.com\/wp-content\/uploads\/2023\/04\/Visuel-1-2.png","datePublished":"2023-04-27T19:24:45+00:00","dateModified":"2023-11-29T14:16:22+00:00","breadcrumb":{"@id":"https:\/\/cognac-gautier.com\/fr\/product\/eden#breadcrumb"},"inLanguage":"fr-FR","potentialAction":[{"@type":"ReadAction","target":["https:\/\/cognac-gautier.com\/fr\/product\/eden"]}]},{"@type":"ImageObject","inLanguage":"fr-FR","@id":"https:\/\/cognac-gautier.com\/fr\/product\/eden#primaryimage","url":"https:\/\/cognac-gautier.com\/wp-content\/uploads\/2023\/04\/Visuel-1-2.png","contentUrl":"https:\/\/cognac-gautier.com\/wp-content\/uploads\/2023\/04\/Visuel-1-2.png","width":1692,"height":940},{"@type":"BreadcrumbList","@id":"https:\/\/cognac-gautier.com\/fr\/product\/eden#breadcrumb","itemListElement":[{"@type":"ListItem","position":1,"name":"Shop","item":"https:\/\/cognac-gautier.com\/shop"},{"@type":"ListItem","position":2,"name":"Eden"}]},{"@type":"WebSite","@id":"https:\/\/cognac-gautier.com\/#website","url":"https:\/\/cognac-gautier.com\/","name":"Gautier Cognac","description":"","publisher":{"@id":"https:\/\/cognac-gautier.com\/#organization"},"potentialAction":[{"@type":"SearchAction","target":{"@type":"EntryPoint","urlTemplate":"https:\/\/cognac-gautier.com\/?s={search_term_string}"},"query-input":{"@type":"PropertyValueSpecification","valueRequired":true,"valueName":"search_term_string"}}],"inLanguage":"fr-FR"},{"@type":"Organization","@id":"https:\/\/cognac-gautier.com\/#organization","name":"Gautier Cognac","url":"https:\/\/cognac-gautier.com\/","logo":{"@type":"ImageObject","inLanguage":"fr-FR","@id":"https:\/\/cognac-gautier.com\/#\/schema\/logo\/image\/","url":"https:\/\/cognac-gautier.com\/wp-content\/uploads\/2022\/11\/logo.svg","contentUrl":"https:\/\/cognac-gautier.com\/wp-content\/uploads\/2022\/11\/logo.svg","width":195,"height":112,"caption":"Gautier Cognac"},"image":{"@id":"https:\/\/cognac-gautier.com\/#\/schema\/logo\/image\/"}}]}},"_links":{"self":[{"href":"https:\/\/cognac-gautier.com\/fr\/wp-json\/wp\/v2\/product\/1564","targetHints":{"allow":["GET"]}}],"collection":[{"href":"https:\/\/cognac-gautier.com\/fr\/wp-json\/wp\/v2\/product"}],"about":[{"href":"https:\/\/cognac-gautier.com\/fr\/wp-json\/wp\/v2\/types\/product"}],"wp:featuredmedia":[{"embeddable":true,"href":"https:\/\/cognac-gautier.com\/fr\/wp-json\/wp\/v2\/media\/1868"}],"wp:attachment":[{"href":"https:\/\/cognac-gautier.com\/fr\/wp-json\/wp\/v2\/media?parent=1564"}],"wp:term":[{"taxonomy":"product_brand","embeddable":true,"href":"https:\/\/cognac-gautier.com\/fr\/wp-json\/wp\/v2\/product_brand?post=1564"},{"taxonomy":"product_cat","embeddable":true,"href":"https:\/\/cognac-gautier.com\/fr\/wp-json\/wp\/v2\/product_cat?post=1564"},{"taxonomy":"product_tag","embeddable":true,"href":"https:\/\/cognac-gautier.com\/fr\/wp-json\/wp\/v2\/product_tag?post=1564"}],"curies":[{"name":"wp","href":"https:\/\/api.w.org\/{rel}","templated":true}]}}