{"id":1563,"date":"2023-04-27T19:22:48","date_gmt":"2023-04-27T19:22:48","guid":{"rendered":"https:\/\/cognac-gautier.comtier\/?post_type=product&#038;p=950"},"modified":"2026-02-16T13:37:53","modified_gmt":"2026-02-16T13:37:53","slug":"pinar-del-rio","status":"publish","type":"product","link":"https:\/\/cognac-gautier.com\/fr\/product\/pinar-del-rio","title":{"rendered":"Pinar del Rio"},"content":{"rendered":"<p>Nos m\u00e9dailles pour le Pinar del Rio<\/p>\n","protected":false},"excerpt":{"rendered":"<p>Cr\u00e9\u00e9 en collaboration avec le l\u00e9gendaire ma\u00eetre assembleur de cigares cubains Don Alejandro ROBAINA, XO Pinar del Rio est un m\u00e9lange unique et exclusif, \u00e9labor\u00e9 \u00e0 partir d\u2019<em>eaux-de-vie<\/em> anciennes et rares provenant du Chai Paradis de la Maison GAUTIER dont la plus ancienne a 45 ans d\u2019\u00e2ge.<\/p>\n<p>Il allie la force des Fins Bois, et les ar\u00f4mes fruit\u00e9s de la Petite et de la Grande Champagne.<\/p>\n<p>ABV : 41,2% vol.<\/p>\n<p>70cl<\/p>\n","protected":false},"featured_media":1882,"template":"","meta":{"_acf_changed":false,"inline_featured_image":false},"product_brand":[],"product_cat":[33],"product_tag":[],"class_list":{"0":"post-1563","1":"product","2":"type-product","3":"status-publish","4":"has-post-thumbnail","6":"product_cat-bouteilles-seules","8":"first","9":"instock","10":"taxable","11":"shipping-taxable","12":"purchasable","13":"product-type-simple"},"acf":[],"yoast_head":"<!-- This site is optimized with the Yoast SEO plugin v27.6 - https:\/\/yoast.com\/product\/yoast-seo-wordpress\/ -->\n<title>Pinar del Rio - Gautier Cognac<\/title>\n<meta name=\"robots\" content=\"index, follow, max-snippet:-1, max-image-preview:large, max-video-preview:-1\" \/>\n<link rel=\"canonical\" href=\"https:\/\/cognac-gautier.com\/fr\/product\/pinar-del-rio\" \/>\n<meta property=\"og:locale\" content=\"fr_FR\" \/>\n<meta property=\"og:type\" content=\"article\" \/>\n<meta property=\"og:title\" content=\"Pinar del Rio - Gautier Cognac\" \/>\n<meta property=\"og:description\" content=\"Cr\u00e9\u00e9 en collaboration avec le l\u00e9gendaire ma\u00eetre assembleur de cigares cubains Don Alejandro ROBAINA, XO Pinar del Rio est un m\u00e9lange unique et exclusif, \u00e9labor\u00e9 \u00e0 partir d\u2019eaux-de-vie anciennes et rares provenant du Chai Paradis de la Maison GAUTIER dont la plus ancienne a 45 ans d\u2019\u00e2ge.  Il allie la force des Fins Bois, et les ar\u00f4mes fruit\u00e9s de la Petite et de la Grande Champagne.  ABV : 41,2% vol.  70cl\" \/>\n<meta property=\"og:url\" content=\"https:\/\/cognac-gautier.com\/fr\/product\/pinar-del-rio\" \/>\n<meta property=\"og:site_name\" content=\"Gautier Cognac\" \/>\n<meta property=\"article:modified_time\" content=\"2026-02-16T13:37:53+00:00\" \/>\n<meta property=\"og:image\" content=\"https:\/\/cognac-gautier.com\/wp-content\/uploads\/2023\/04\/Visuel-2-4.png\" \/>\n\t<meta property=\"og:image:width\" content=\"1692\" \/>\n\t<meta property=\"og:image:height\" content=\"940\" \/>\n\t<meta property=\"og:image:type\" content=\"image\/png\" \/>\n<meta name=\"twitter:card\" content=\"summary_large_image\" \/>\n<meta name=\"twitter:label1\" content=\"Dur\u00e9e de lecture estim\u00e9e\" \/>\n\t<meta name=\"twitter:data1\" content=\"1 minute\" \/>\n<script type=\"application\/ld+json\" class=\"yoast-schema-graph\">{\"@context\":\"https:\\\/\\\/schema.org\",\"@graph\":[{\"@type\":\"WebPage\",\"@id\":\"https:\\\/\\\/cognac-gautier.com\\\/fr\\\/product\\\/pinar-del-rio\",\"url\":\"https:\\\/\\\/cognac-gautier.com\\\/fr\\\/product\\\/pinar-del-rio\",\"name\":\"Pinar del Rio - Gautier Cognac\",\"isPartOf\":{\"@id\":\"https:\\\/\\\/cognac-gautier.com\\\/#website\"},\"primaryImageOfPage\":{\"@id\":\"https:\\\/\\\/cognac-gautier.com\\\/fr\\\/product\\\/pinar-del-rio#primaryimage\"},\"image\":{\"@id\":\"https:\\\/\\\/cognac-gautier.com\\\/fr\\\/product\\\/pinar-del-rio#primaryimage\"},\"thumbnailUrl\":\"https:\\\/\\\/cognac-gautier.com\\\/wp-content\\\/uploads\\\/2023\\\/04\\\/Visuel-2-4.png\",\"datePublished\":\"2023-04-27T19:22:48+00:00\",\"dateModified\":\"2026-02-16T13:37:53+00:00\",\"breadcrumb\":{\"@id\":\"https:\\\/\\\/cognac-gautier.com\\\/fr\\\/product\\\/pinar-del-rio#breadcrumb\"},\"inLanguage\":\"fr-FR\",\"potentialAction\":[{\"@type\":\"ReadAction\",\"target\":[\"https:\\\/\\\/cognac-gautier.com\\\/fr\\\/product\\\/pinar-del-rio\"]}]},{\"@type\":\"ImageObject\",\"inLanguage\":\"fr-FR\",\"@id\":\"https:\\\/\\\/cognac-gautier.com\\\/fr\\\/product\\\/pinar-del-rio#primaryimage\",\"url\":\"https:\\\/\\\/cognac-gautier.com\\\/wp-content\\\/uploads\\\/2023\\\/04\\\/Visuel-2-4.png\",\"contentUrl\":\"https:\\\/\\\/cognac-gautier.com\\\/wp-content\\\/uploads\\\/2023\\\/04\\\/Visuel-2-4.png\",\"width\":1692,\"height\":940},{\"@type\":\"BreadcrumbList\",\"@id\":\"https:\\\/\\\/cognac-gautier.com\\\/fr\\\/product\\\/pinar-del-rio#breadcrumb\",\"itemListElement\":[{\"@type\":\"ListItem\",\"position\":1,\"name\":\"Shop\",\"item\":\"https:\\\/\\\/cognac-gautier.com\\\/shop\"},{\"@type\":\"ListItem\",\"position\":2,\"name\":\"Pinar del Rio\"}]},{\"@type\":\"WebSite\",\"@id\":\"https:\\\/\\\/cognac-gautier.com\\\/#website\",\"url\":\"https:\\\/\\\/cognac-gautier.com\\\/\",\"name\":\"Gautier Cognac\",\"description\":\"\",\"publisher\":{\"@id\":\"https:\\\/\\\/cognac-gautier.com\\\/#organization\"},\"potentialAction\":[{\"@type\":\"SearchAction\",\"target\":{\"@type\":\"EntryPoint\",\"urlTemplate\":\"https:\\\/\\\/cognac-gautier.com\\\/?s={search_term_string}\"},\"query-input\":{\"@type\":\"PropertyValueSpecification\",\"valueRequired\":true,\"valueName\":\"search_term_string\"}}],\"inLanguage\":\"fr-FR\"},{\"@type\":\"Organization\",\"@id\":\"https:\\\/\\\/cognac-gautier.com\\\/#organization\",\"name\":\"Gautier Cognac\",\"url\":\"https:\\\/\\\/cognac-gautier.com\\\/\",\"logo\":{\"@type\":\"ImageObject\",\"inLanguage\":\"fr-FR\",\"@id\":\"https:\\\/\\\/cognac-gautier.com\\\/#\\\/schema\\\/logo\\\/image\\\/\",\"url\":\"https:\\\/\\\/cognac-gautier.com\\\/wp-content\\\/uploads\\\/2022\\\/11\\\/logo.svg\",\"contentUrl\":\"https:\\\/\\\/cognac-gautier.com\\\/wp-content\\\/uploads\\\/2022\\\/11\\\/logo.svg\",\"width\":195,\"height\":112,\"caption\":\"Gautier Cognac\"},\"image\":{\"@id\":\"https:\\\/\\\/cognac-gautier.com\\\/#\\\/schema\\\/logo\\\/image\\\/\"}}]}<\/script>\n<!-- \/ Yoast SEO plugin. -->","yoast_head_json":{"title":"Pinar del Rio - Gautier Cognac","robots":{"index":"index","follow":"follow","max-snippet":"max-snippet:-1","max-image-preview":"max-image-preview:large","max-video-preview":"max-video-preview:-1"},"canonical":"https:\/\/cognac-gautier.com\/fr\/product\/pinar-del-rio","og_locale":"fr_FR","og_type":"article","og_title":"Pinar del Rio - Gautier Cognac","og_description":"Cr\u00e9\u00e9 en collaboration avec le l\u00e9gendaire ma\u00eetre assembleur de cigares cubains Don Alejandro ROBAINA, XO Pinar del Rio est un m\u00e9lange unique et exclusif, \u00e9labor\u00e9 \u00e0 partir d\u2019eaux-de-vie anciennes et rares provenant du Chai Paradis de la Maison GAUTIER dont la plus ancienne a 45 ans d\u2019\u00e2ge.  Il allie la force des Fins Bois, et les ar\u00f4mes fruit\u00e9s de la Petite et de la Grande Champagne.  ABV : 41,2% vol.  70cl","og_url":"https:\/\/cognac-gautier.com\/fr\/product\/pinar-del-rio","og_site_name":"Gautier Cognac","article_modified_time":"2026-02-16T13:37:53+00:00","og_image":[{"width":1692,"height":940,"url":"https:\/\/cognac-gautier.com\/wp-content\/uploads\/2023\/04\/Visuel-2-4.png","type":"image\/png"}],"twitter_card":"summary_large_image","twitter_misc":{"Dur\u00e9e de lecture estim\u00e9e":"1 minute"},"schema":{"@context":"https:\/\/schema.org","@graph":[{"@type":"WebPage","@id":"https:\/\/cognac-gautier.com\/fr\/product\/pinar-del-rio","url":"https:\/\/cognac-gautier.com\/fr\/product\/pinar-del-rio","name":"Pinar del Rio - Gautier Cognac","isPartOf":{"@id":"https:\/\/cognac-gautier.com\/#website"},"primaryImageOfPage":{"@id":"https:\/\/cognac-gautier.com\/fr\/product\/pinar-del-rio#primaryimage"},"image":{"@id":"https:\/\/cognac-gautier.com\/fr\/product\/pinar-del-rio#primaryimage"},"thumbnailUrl":"https:\/\/cognac-gautier.com\/wp-content\/uploads\/2023\/04\/Visuel-2-4.png","datePublished":"2023-04-27T19:22:48+00:00","dateModified":"2026-02-16T13:37:53+00:00","breadcrumb":{"@id":"https:\/\/cognac-gautier.com\/fr\/product\/pinar-del-rio#breadcrumb"},"inLanguage":"fr-FR","potentialAction":[{"@type":"ReadAction","target":["https:\/\/cognac-gautier.com\/fr\/product\/pinar-del-rio"]}]},{"@type":"ImageObject","inLanguage":"fr-FR","@id":"https:\/\/cognac-gautier.com\/fr\/product\/pinar-del-rio#primaryimage","url":"https:\/\/cognac-gautier.com\/wp-content\/uploads\/2023\/04\/Visuel-2-4.png","contentUrl":"https:\/\/cognac-gautier.com\/wp-content\/uploads\/2023\/04\/Visuel-2-4.png","width":1692,"height":940},{"@type":"BreadcrumbList","@id":"https:\/\/cognac-gautier.com\/fr\/product\/pinar-del-rio#breadcrumb","itemListElement":[{"@type":"ListItem","position":1,"name":"Shop","item":"https:\/\/cognac-gautier.com\/shop"},{"@type":"ListItem","position":2,"name":"Pinar del Rio"}]},{"@type":"WebSite","@id":"https:\/\/cognac-gautier.com\/#website","url":"https:\/\/cognac-gautier.com\/","name":"Gautier Cognac","description":"","publisher":{"@id":"https:\/\/cognac-gautier.com\/#organization"},"potentialAction":[{"@type":"SearchAction","target":{"@type":"EntryPoint","urlTemplate":"https:\/\/cognac-gautier.com\/?s={search_term_string}"},"query-input":{"@type":"PropertyValueSpecification","valueRequired":true,"valueName":"search_term_string"}}],"inLanguage":"fr-FR"},{"@type":"Organization","@id":"https:\/\/cognac-gautier.com\/#organization","name":"Gautier Cognac","url":"https:\/\/cognac-gautier.com\/","logo":{"@type":"ImageObject","inLanguage":"fr-FR","@id":"https:\/\/cognac-gautier.com\/#\/schema\/logo\/image\/","url":"https:\/\/cognac-gautier.com\/wp-content\/uploads\/2022\/11\/logo.svg","contentUrl":"https:\/\/cognac-gautier.com\/wp-content\/uploads\/2022\/11\/logo.svg","width":195,"height":112,"caption":"Gautier Cognac"},"image":{"@id":"https:\/\/cognac-gautier.com\/#\/schema\/logo\/image\/"}}]}},"_links":{"self":[{"href":"https:\/\/cognac-gautier.com\/fr\/wp-json\/wp\/v2\/product\/1563","targetHints":{"allow":["GET"]}}],"collection":[{"href":"https:\/\/cognac-gautier.com\/fr\/wp-json\/wp\/v2\/product"}],"about":[{"href":"https:\/\/cognac-gautier.com\/fr\/wp-json\/wp\/v2\/types\/product"}],"wp:featuredmedia":[{"embeddable":true,"href":"https:\/\/cognac-gautier.com\/fr\/wp-json\/wp\/v2\/media\/1882"}],"wp:attachment":[{"href":"https:\/\/cognac-gautier.com\/fr\/wp-json\/wp\/v2\/media?parent=1563"}],"wp:term":[{"taxonomy":"product_brand","embeddable":true,"href":"https:\/\/cognac-gautier.com\/fr\/wp-json\/wp\/v2\/product_brand?post=1563"},{"taxonomy":"product_cat","embeddable":true,"href":"https:\/\/cognac-gautier.com\/fr\/wp-json\/wp\/v2\/product_cat?post=1563"},{"taxonomy":"product_tag","embeddable":true,"href":"https:\/\/cognac-gautier.com\/fr\/wp-json\/wp\/v2\/product_tag?post=1563"}],"curies":[{"name":"wp","href":"https:\/\/api.w.org\/{rel}","templated":true}]}}