{"id":1562,"date":"2023-04-27T19:17:48","date_gmt":"2023-04-27T19:17:48","guid":{"rendered":"https:\/\/cognac-gautier.comtier\/?post_type=product&#038;p=949"},"modified":"2026-02-16T13:36:49","modified_gmt":"2026-02-16T13:36:49","slug":"1755","status":"publish","type":"product","link":"https:\/\/cognac-gautier.com\/fr\/product\/1755","title":{"rendered":"1755"},"content":{"rendered":"<p>Nos m\u00e9dailles pour le 1755<\/p>\n","protected":false},"excerpt":{"rendered":"<p>Pour c\u00e9l\u00e9brer son 250\u00e8me anniversaire, la Maison GAUTIER a cr\u00e9\u00e9 cet assemblage 1755, en hommage \u00e0 la cr\u00e9ation de notre maison de cognac, par Louis Gautier.<br \/>\nEXTRA 1755 est un assemblage unique de notre patrimoine de vieilles et rares <em>eaux-de-vie<\/em> du Chai Paradis, dont certaines d\u00e9passent les 45 ans.<br \/>\nSubtil et intense, il r\u00e9v\u00e8le un bouquet d\u2019ar\u00f4mes unique, complexe et \u00e9l\u00e9gant, particuli\u00e8rement appr\u00e9ci\u00e9 des connaisseurs.<\/p>\n<p>Il est compos\u00e9 de Fins Bois, de Grand et de Petite Champagne.<\/p>\n<p>ABV : 40% vol<\/p>\n<p>70cl<\/p>\n","protected":false},"featured_media":1888,"template":"","meta":{"_acf_changed":false,"inline_featured_image":false},"product_brand":[],"product_cat":[33],"product_tag":[],"class_list":{"0":"post-1562","1":"product","2":"type-product","3":"status-publish","4":"has-post-thumbnail","6":"product_cat-bouteilles-seules","8":"first","9":"instock","10":"taxable","11":"shipping-taxable","12":"purchasable","13":"product-type-simple"},"acf":[],"yoast_head":"<!-- This site is optimized with the Yoast SEO plugin v27.5 - https:\/\/yoast.com\/product\/yoast-seo-wordpress\/ -->\n<title>1755 - Gautier Cognac<\/title>\n<meta name=\"robots\" content=\"index, follow, max-snippet:-1, max-image-preview:large, max-video-preview:-1\" \/>\n<link rel=\"canonical\" href=\"https:\/\/cognac-gautier.com\/fr\/product\/1755\" \/>\n<meta property=\"og:locale\" content=\"fr_FR\" \/>\n<meta property=\"og:type\" content=\"article\" \/>\n<meta property=\"og:title\" content=\"1755 - Gautier Cognac\" \/>\n<meta property=\"og:description\" content=\"Pour c\u00e9l\u00e9brer son 250\u00e8me anniversaire, la Maison GAUTIER a cr\u00e9\u00e9 cet assemblage 1755, en hommage \u00e0 la cr\u00e9ation de notre maison de cognac, par Louis Gautier. EXTRA 1755 est un assemblage unique de notre patrimoine de vieilles et rares eaux-de-vie du Chai Paradis, dont certaines d\u00e9passent les 45 ans. Subtil et intense, il r\u00e9v\u00e8le un bouquet d\u2019ar\u00f4mes unique, complexe et \u00e9l\u00e9gant, particuli\u00e8rement appr\u00e9ci\u00e9 des connaisseurs.  Il est compos\u00e9 de Fins Bois, de Grand et de Petite Champagne.  ABV : 40% vol  70cl\" \/>\n<meta property=\"og:url\" content=\"https:\/\/cognac-gautier.com\/fr\/product\/1755\" \/>\n<meta property=\"og:site_name\" content=\"Gautier Cognac\" \/>\n<meta property=\"article:modified_time\" content=\"2026-02-16T13:36:49+00:00\" \/>\n<meta property=\"og:image\" content=\"https:\/\/cognac-gautier.com\/wp-content\/uploads\/2023\/04\/Visuel-2-5.png\" \/>\n\t<meta property=\"og:image:width\" content=\"1692\" \/>\n\t<meta property=\"og:image:height\" content=\"940\" \/>\n\t<meta property=\"og:image:type\" content=\"image\/png\" \/>\n<meta name=\"twitter:card\" content=\"summary_large_image\" \/>\n<meta name=\"twitter:label1\" content=\"Dur\u00e9e de lecture estim\u00e9e\" \/>\n\t<meta name=\"twitter:data1\" content=\"1 minute\" \/>\n<script type=\"application\/ld+json\" class=\"yoast-schema-graph\">{\"@context\":\"https:\\\/\\\/schema.org\",\"@graph\":[{\"@type\":\"WebPage\",\"@id\":\"https:\\\/\\\/cognac-gautier.com\\\/fr\\\/product\\\/1755\",\"url\":\"https:\\\/\\\/cognac-gautier.com\\\/fr\\\/product\\\/1755\",\"name\":\"1755 - Gautier Cognac\",\"isPartOf\":{\"@id\":\"https:\\\/\\\/cognac-gautier.com\\\/#website\"},\"primaryImageOfPage\":{\"@id\":\"https:\\\/\\\/cognac-gautier.com\\\/fr\\\/product\\\/1755#primaryimage\"},\"image\":{\"@id\":\"https:\\\/\\\/cognac-gautier.com\\\/fr\\\/product\\\/1755#primaryimage\"},\"thumbnailUrl\":\"https:\\\/\\\/cognac-gautier.com\\\/wp-content\\\/uploads\\\/2023\\\/04\\\/Visuel-2-5.png\",\"datePublished\":\"2023-04-27T19:17:48+00:00\",\"dateModified\":\"2026-02-16T13:36:49+00:00\",\"breadcrumb\":{\"@id\":\"https:\\\/\\\/cognac-gautier.com\\\/fr\\\/product\\\/1755#breadcrumb\"},\"inLanguage\":\"fr-FR\",\"potentialAction\":[{\"@type\":\"ReadAction\",\"target\":[\"https:\\\/\\\/cognac-gautier.com\\\/fr\\\/product\\\/1755\"]}]},{\"@type\":\"ImageObject\",\"inLanguage\":\"fr-FR\",\"@id\":\"https:\\\/\\\/cognac-gautier.com\\\/fr\\\/product\\\/1755#primaryimage\",\"url\":\"https:\\\/\\\/cognac-gautier.com\\\/wp-content\\\/uploads\\\/2023\\\/04\\\/Visuel-2-5.png\",\"contentUrl\":\"https:\\\/\\\/cognac-gautier.com\\\/wp-content\\\/uploads\\\/2023\\\/04\\\/Visuel-2-5.png\",\"width\":1692,\"height\":940},{\"@type\":\"BreadcrumbList\",\"@id\":\"https:\\\/\\\/cognac-gautier.com\\\/fr\\\/product\\\/1755#breadcrumb\",\"itemListElement\":[{\"@type\":\"ListItem\",\"position\":1,\"name\":\"Shop\",\"item\":\"https:\\\/\\\/cognac-gautier.com\\\/shop\"},{\"@type\":\"ListItem\",\"position\":2,\"name\":\"1755\"}]},{\"@type\":\"WebSite\",\"@id\":\"https:\\\/\\\/cognac-gautier.com\\\/#website\",\"url\":\"https:\\\/\\\/cognac-gautier.com\\\/\",\"name\":\"Gautier Cognac\",\"description\":\"\",\"publisher\":{\"@id\":\"https:\\\/\\\/cognac-gautier.com\\\/#organization\"},\"potentialAction\":[{\"@type\":\"SearchAction\",\"target\":{\"@type\":\"EntryPoint\",\"urlTemplate\":\"https:\\\/\\\/cognac-gautier.com\\\/?s={search_term_string}\"},\"query-input\":{\"@type\":\"PropertyValueSpecification\",\"valueRequired\":true,\"valueName\":\"search_term_string\"}}],\"inLanguage\":\"fr-FR\"},{\"@type\":\"Organization\",\"@id\":\"https:\\\/\\\/cognac-gautier.com\\\/#organization\",\"name\":\"Gautier Cognac\",\"url\":\"https:\\\/\\\/cognac-gautier.com\\\/\",\"logo\":{\"@type\":\"ImageObject\",\"inLanguage\":\"fr-FR\",\"@id\":\"https:\\\/\\\/cognac-gautier.com\\\/#\\\/schema\\\/logo\\\/image\\\/\",\"url\":\"https:\\\/\\\/cognac-gautier.com\\\/wp-content\\\/uploads\\\/2022\\\/11\\\/logo.svg\",\"contentUrl\":\"https:\\\/\\\/cognac-gautier.com\\\/wp-content\\\/uploads\\\/2022\\\/11\\\/logo.svg\",\"width\":195,\"height\":112,\"caption\":\"Gautier Cognac\"},\"image\":{\"@id\":\"https:\\\/\\\/cognac-gautier.com\\\/#\\\/schema\\\/logo\\\/image\\\/\"}}]}<\/script>\n<!-- \/ Yoast SEO plugin. -->","yoast_head_json":{"title":"1755 - Gautier Cognac","robots":{"index":"index","follow":"follow","max-snippet":"max-snippet:-1","max-image-preview":"max-image-preview:large","max-video-preview":"max-video-preview:-1"},"canonical":"https:\/\/cognac-gautier.com\/fr\/product\/1755","og_locale":"fr_FR","og_type":"article","og_title":"1755 - Gautier Cognac","og_description":"Pour c\u00e9l\u00e9brer son 250\u00e8me anniversaire, la Maison GAUTIER a cr\u00e9\u00e9 cet assemblage 1755, en hommage \u00e0 la cr\u00e9ation de notre maison de cognac, par Louis Gautier. EXTRA 1755 est un assemblage unique de notre patrimoine de vieilles et rares eaux-de-vie du Chai Paradis, dont certaines d\u00e9passent les 45 ans. Subtil et intense, il r\u00e9v\u00e8le un bouquet d\u2019ar\u00f4mes unique, complexe et \u00e9l\u00e9gant, particuli\u00e8rement appr\u00e9ci\u00e9 des connaisseurs.  Il est compos\u00e9 de Fins Bois, de Grand et de Petite Champagne.  ABV : 40% vol  70cl","og_url":"https:\/\/cognac-gautier.com\/fr\/product\/1755","og_site_name":"Gautier Cognac","article_modified_time":"2026-02-16T13:36:49+00:00","og_image":[{"width":1692,"height":940,"url":"https:\/\/cognac-gautier.com\/wp-content\/uploads\/2023\/04\/Visuel-2-5.png","type":"image\/png"}],"twitter_card":"summary_large_image","twitter_misc":{"Dur\u00e9e de lecture estim\u00e9e":"1 minute"},"schema":{"@context":"https:\/\/schema.org","@graph":[{"@type":"WebPage","@id":"https:\/\/cognac-gautier.com\/fr\/product\/1755","url":"https:\/\/cognac-gautier.com\/fr\/product\/1755","name":"1755 - Gautier Cognac","isPartOf":{"@id":"https:\/\/cognac-gautier.com\/#website"},"primaryImageOfPage":{"@id":"https:\/\/cognac-gautier.com\/fr\/product\/1755#primaryimage"},"image":{"@id":"https:\/\/cognac-gautier.com\/fr\/product\/1755#primaryimage"},"thumbnailUrl":"https:\/\/cognac-gautier.com\/wp-content\/uploads\/2023\/04\/Visuel-2-5.png","datePublished":"2023-04-27T19:17:48+00:00","dateModified":"2026-02-16T13:36:49+00:00","breadcrumb":{"@id":"https:\/\/cognac-gautier.com\/fr\/product\/1755#breadcrumb"},"inLanguage":"fr-FR","potentialAction":[{"@type":"ReadAction","target":["https:\/\/cognac-gautier.com\/fr\/product\/1755"]}]},{"@type":"ImageObject","inLanguage":"fr-FR","@id":"https:\/\/cognac-gautier.com\/fr\/product\/1755#primaryimage","url":"https:\/\/cognac-gautier.com\/wp-content\/uploads\/2023\/04\/Visuel-2-5.png","contentUrl":"https:\/\/cognac-gautier.com\/wp-content\/uploads\/2023\/04\/Visuel-2-5.png","width":1692,"height":940},{"@type":"BreadcrumbList","@id":"https:\/\/cognac-gautier.com\/fr\/product\/1755#breadcrumb","itemListElement":[{"@type":"ListItem","position":1,"name":"Shop","item":"https:\/\/cognac-gautier.com\/shop"},{"@type":"ListItem","position":2,"name":"1755"}]},{"@type":"WebSite","@id":"https:\/\/cognac-gautier.com\/#website","url":"https:\/\/cognac-gautier.com\/","name":"Gautier Cognac","description":"","publisher":{"@id":"https:\/\/cognac-gautier.com\/#organization"},"potentialAction":[{"@type":"SearchAction","target":{"@type":"EntryPoint","urlTemplate":"https:\/\/cognac-gautier.com\/?s={search_term_string}"},"query-input":{"@type":"PropertyValueSpecification","valueRequired":true,"valueName":"search_term_string"}}],"inLanguage":"fr-FR"},{"@type":"Organization","@id":"https:\/\/cognac-gautier.com\/#organization","name":"Gautier Cognac","url":"https:\/\/cognac-gautier.com\/","logo":{"@type":"ImageObject","inLanguage":"fr-FR","@id":"https:\/\/cognac-gautier.com\/#\/schema\/logo\/image\/","url":"https:\/\/cognac-gautier.com\/wp-content\/uploads\/2022\/11\/logo.svg","contentUrl":"https:\/\/cognac-gautier.com\/wp-content\/uploads\/2022\/11\/logo.svg","width":195,"height":112,"caption":"Gautier Cognac"},"image":{"@id":"https:\/\/cognac-gautier.com\/#\/schema\/logo\/image\/"}}]}},"_links":{"self":[{"href":"https:\/\/cognac-gautier.com\/fr\/wp-json\/wp\/v2\/product\/1562","targetHints":{"allow":["GET"]}}],"collection":[{"href":"https:\/\/cognac-gautier.com\/fr\/wp-json\/wp\/v2\/product"}],"about":[{"href":"https:\/\/cognac-gautier.com\/fr\/wp-json\/wp\/v2\/types\/product"}],"wp:featuredmedia":[{"embeddable":true,"href":"https:\/\/cognac-gautier.com\/fr\/wp-json\/wp\/v2\/media\/1888"}],"wp:attachment":[{"href":"https:\/\/cognac-gautier.com\/fr\/wp-json\/wp\/v2\/media?parent=1562"}],"wp:term":[{"taxonomy":"product_brand","embeddable":true,"href":"https:\/\/cognac-gautier.com\/fr\/wp-json\/wp\/v2\/product_brand?post=1562"},{"taxonomy":"product_cat","embeddable":true,"href":"https:\/\/cognac-gautier.com\/fr\/wp-json\/wp\/v2\/product_cat?post=1562"},{"taxonomy":"product_tag","embeddable":true,"href":"https:\/\/cognac-gautier.com\/fr\/wp-json\/wp\/v2\/product_tag?post=1562"}],"curies":[{"name":"wp","href":"https:\/\/api.w.org\/{rel}","templated":true}]}}