{"id":1987,"date":"2023-10-03T09:40:34","date_gmt":"2023-10-03T09:40:34","guid":{"rendered":"https:\/\/cognac-gautier.com\/?page_id=1987"},"modified":"2023-10-03T09:40:34","modified_gmt":"2023-10-03T09:40:34","slug":"conditions-generales-de-vente","status":"publish","type":"page","link":"https:\/\/cognac-gautier.com\/fr\/conditions-generales-de-vente","title":{"rendered":"Conditions g\u00e9n\u00e9rales de vente"},"content":{"rendered":"<div class=\"wpb-content-wrapper\">[vc_section pix_over_visibility=\u00a0\u00bb\u00a0\u00bb][vc_row full_width=\u00a0\u00bbstretch_row_content\u00a0\u00bb pix_particles_check=\u00a0\u00bb\u00a0\u00bb el_class=\u00a0\u00bbrow-mentions\u00a0\u00bb][vc_column][vc_column_text el_class=\u00a0\u00bbtitle-block row-mentions-title\u00a0\u00bb]\r\n<h2 style=\"text-align: center;\">CONDITIONS G\u00c9N\u00c9RALES DE VENTE\r\nAPPLICABLES A LA BOUTIQUE EN LIGNE \u00ab COGNAC GAUTIER \u00bb<\/h2>\r\n[\/vc_column_text][vc_column_text el_class=\u00a0\u00bbparagraph-black\u00a0\u00bb]\r\n<p style=\"font-weight: 400;\"><strong>G\u00c9N\u00c9RALIT\u00c9S<\/strong><\/p>\r\n<p style=\"font-weight: 400;\">La boutique en ligne COGNAC GAUTIER est accessible \u00e0 l\u2019adresse internet\u00a0: <a href=\"https:\/\/cognac-gautier.com\/\">www.cognac-gautier.com<\/a>.<\/p>\r\n<p style=\"font-weight: 400;\">Toute commande sur la boutique en ligne est soumise aux pr\u00e9sentes Conditions G\u00e9n\u00e9rales de Vente et implique leur acceptation sans r\u00e9serve par l\u2019acheteur qui reconna\u00eet en avoir pris connaissance dans le cadre de sa commande pendant le processus d\u2019achat.<\/p>\r\n<p style=\"font-weight: 400;\"><strong>L\u2019acheteur s\u2019engage \u00e0 avoir dix-huit ans r\u00e9volus \u00e0 la date de la commande.\u00a0<\/strong><\/p>\r\n<p style=\"font-weight: 400;\">En cas de non-respect des pr\u00e9sentes conditions par l\u2019acheteur, COGNAC GAUTIER se r\u00e9serve le droit d\u2019annuler tout ou partie des commandes en cours ou de suspendre les livraisons de marchandises.\u00a0Toutes les clauses et conditions contraires aux pr\u00e9sentes Conditions G\u00e9n\u00e9rales de Vente figurant sur les bons de commande et plus g\u00e9n\u00e9ralement sur tout type de correspondance \u00e9manant de l\u2019acheteur seront r\u00e9put\u00e9es non \u00e9crites et n\u2019auront aucune valeur contractuelle entre les parties.<\/p>\r\n<p style=\"font-weight: 400;\">\u00a0Il ne peut \u00eatre d\u00e9rog\u00e9 aux pr\u00e9sentes Conditions G\u00e9n\u00e9rales de Vente que par accord expr\u00e8s et \u00e9crit de COGNAC GAUTIER.<\/p>\r\n<p style=\"font-weight: 400;\">COGNAC GAUTIER se r\u00e9serve le droit de corriger toute erreur mat\u00e9rielle accidentelle ou toute omission sur les pr\u00e9sentes conditions, ainsi que sur tout autre document contractuel.<\/p>\r\n<p style=\"font-weight: 400;\"><strong>COMMANDES<\/strong><\/p>\r\n<p style=\"font-weight: 400;\">Il n\u2019est pas possible d\u2019effectuer des pr\u00e9commandes<strong>.<\/strong><\/p>\r\n<p style=\"font-weight: 400;\">Aucune commande provenant d\u2019acheteurs situ\u00e9s hors de France m\u00e9tropolitaine (Corse comprise) ne sera accept\u00e9e.<\/p>\r\n<p style=\"font-weight: 400;\">Pour toute vente \u00e0 l\u2019exportation, passer par notre caviste partenaire\u00a0\u00ab\u00a0<a href=\"https:\/\/shop.cognatheque.com\/fr\/brand\/25-bache-gabrielsen\">La Cognath\u00e8que<\/a>\u00a0\u00bb.<\/p>\r\n<p style=\"font-weight: 400;\">La commande est confirm\u00e9e -dans la limite des stocks disponibles- par COGNAC GAUTIER par l\u2019envoi d\u2019un email r\u00e9capitulatif \u00e0 l\u2019acheteur dans un d\u00e9lai de 1 \u00e0 3 jours ouvr\u00e9s de la boutique*.<\/p>\r\n<p style=\"font-weight: 400;\">COGNAC GAUTIER se r\u00e9serve le droit de refuser toute commande pour des motifs l\u00e9gitimes. Notamment, dans les cas o\u00f9 les quantit\u00e9s command\u00e9es, lors d\u2019une ou plusieurs commandes, sont anormalement \u00e9lev\u00e9es et<\/p>\r\n<p style=\"font-weight: 400;\">d\u00e9mesur\u00e9es par rapport aux quantit\u00e9s habituelles command\u00e9es par les acheteurs en leur qualit\u00e9 de consommateurs non professionnels.<\/p>\r\n<p style=\"font-weight: 400;\">*Jours ouvr\u00e9s de la boutique\u00a0: du mardi au vendredi<\/p>\r\n[\/vc_column_text][vc_column_text el_class=\u00a0\u00bbparagraph-black\u00a0\u00bb]\r\n<p style=\"font-weight: 400;\"><strong>PRIX\u00a0<\/strong><\/p>\r\n<p style=\"font-weight: 400;\">Les prix des produits sont indiqu\u00e9s en Euros toutes Taxes Comprises (\u20ac TTC), hors frais de livraison. Les prix factur\u00e9s sont ceux figurant sur la boutique en ligne \u00e0 la date de la commande de l\u2019acheteur.<\/p>\r\n<p style=\"font-weight: 400;\">COGNAC GAUTIER se r\u00e9serve le droit de modifier \u00e0 tout moment les tarifs en vigueur sur la boutique en ligne. Le changement tarifaire sera automatiquement applicable \u00e0 la date de la publication de la modification des prix sur la boutique en ligne.<\/p>\r\n<p style=\"font-weight: 400;\"><strong>PAIEMENT<\/strong><\/p>\r\n<p style=\"font-weight: 400;\">L\u2019acheteur doit payer le prix indiqu\u00e9 en Euros au moment o\u00f9 il effectue sa commande sur la boutique en ligne par carte bancaire\u00a0<em>(VPAY, VISA, Mastercard, Maestro, American Express)<\/em>\u00a0via la plateforme \u00ab\u00a0Sumup\u00a0\u00bb.<\/p>\r\n<p style=\"font-weight: 400;\"><strong>MODALIT\u00c9S D\u2019EXP\u00c9DITION ET DE LIVRAISON <\/strong><\/p>\r\n<p style=\"font-weight: 400;\">Les produits command\u00e9s et pay\u00e9s sont exp\u00e9di\u00e9s du lundi au vendredi inclus, sauf jours f\u00e9ri\u00e9s, sous un \u00e0 quatre jours ouvr\u00e9s de la boutique* \u00e0 compter du jour d\u2019envoi du mail de confirmation de la commande.<\/p>\r\n<p style=\"font-weight: 400;\">Ces d\u00e9lais peuvent \u00eatre rallong\u00e9s en p\u00e9riode de forte activit\u00e9 ou en cas de fermeture exceptionnelle (No\u00ebl &amp; Nouvel An, fermeture annuelle, inventaire, etc\u2026).<\/p>\r\n<p style=\"font-weight: 400;\">La livraison peut \u00eatre effectu\u00e9e uniquement \u00e0 l\u2019adresse mentionn\u00e9e par l\u2019acheteur.<\/p>\r\n<p style=\"font-weight: 400;\">*Jours ouvr\u00e9s de la boutique\u00a0: du mardi au vendredi<\/p>\r\n<p style=\"font-weight: 400;\"><strong>FRAIS DE LIVRAISON<\/strong><\/p>\r\n<p style=\"font-weight: 400;\">Les frais de livraison sont offerts \u00e0 partir de 150 \u20ac TTC de produits command\u00e9s.<\/p>\r\n<p style=\"font-weight: 400;\">En dessous de 150 \u20ac TTC de produits command\u00e9s, les frais de livraison sont factur\u00e9s par destinataire au forfait de 13\u20ac TTC.<\/p>\r\n[\/vc_column_text][vc_column_text el_class=\u00a0\u00bbparagraph-black\u00a0\u00bb]\r\n<p style=\"font-weight: 400;\"><strong>D\u00c9FECTUOSIT\u00c9\u00a0DES PRODUITS<\/strong><\/p>\r\n<p style=\"font-weight: 400;\">En cas de d\u00e9fectuosit\u00e9 d\u2019un (ou plusieurs) produit(s) de la commande, li\u00e9e au transport, l\u2019acheteur pourra le\/ les retourner \u00e0 COGNAC GAUTIER dans les 14 jours \u00e0 compter de la livraison.\u00a0Les frais de port de retour sont \u00e0 la charge de COGNAC GAUTIER<\/p>\r\n<p style=\"font-weight: 400;\">Pour b\u00e9n\u00e9ficier de l\u2019\u00e9change du\/des produit(s), l\u2019acheteur proc\u00e9dera au retour de ce(s) dernier(s) dans l\u2019emballage d\u2019origine \u00e0 l\u2019adresse suivante :\r\n<em>\u00a0\u00a0\u00a0\u00a0\u00a0\u00a0 MAISON COGNAC GAUTIER<\/em>\r\n<em>\u00a0\u00a0\u00a0\u00a0\u00a0 28 Rue des Ponts &#8211; 16140 AIGRE &#8211; FRANCE<\/em><\/p>\r\n<p style=\"font-weight: 400;\">COGNAC GAUTIER s\u2019engage \u00e0 \u00e9changer le(s) produit(s) retourn\u00e9(s) \u00e0 l\u2019acheteur dans les meilleurs d\u00e9lais.<\/p>\r\n<p style=\"font-weight: 400;\"><strong>DROIT DE R\u00c9TRACTATION DE L\u2019ACHETEUR &amp; REMBOURSEMENT<\/strong><\/p>\r\n<p style=\"font-weight: 400;\">L\u2019acheteur dispose d\u2019un d\u00e9lai de 14 jours \u00e0 compter de la livraison pour exercer son droit de r\u00e9tractation.<\/p>\r\n<p style=\"font-weight: 400;\">L\u2019acheteur doit alors notifier sa d\u00e9cision en remplissant le formulaire suivant et en l\u2019envoyant \u00e0 cette adresse \u00e9lectronique (<a href=\"mailto:cognacgautier.accueil@mbws.com\">cognacgautier.accueil@mbws.com<\/a>)<\/p>\r\n<p style=\"font-weight: 400;\"><em>A l\u2019attention de la MAISON COGNAC GAUTIER\u2013 28 Rue des Ponts \u2013 16140 Aigre.<\/em><\/p>\r\n<p style=\"font-weight: 400;\"><em>Je vous notifie ma r\u00e9tractation de la commande ci-dessous\u00a0:<\/em><\/p>\r\n\r\n<ul style=\"font-weight: 400;\">\r\n \t<li><em>Date de la commande : \u2026\u2026\u2026\u2026\u2026\u2026\u2026\u2026\u2026\u2026\u2026\u2026\u2026<\/em><\/li>\r\n \t<li><em>Re\u00e7ue le\u00a0: \u2026\u2026\u2026\u2026\u2026\u2026\u2026\u2026\u2026\u2026\u2026\u2026\u2026<\/em><\/li>\r\n \t<li><em>Num\u00e9ro de commande : \u2026\u2026\u2026\u2026\u2026\u2026\u2026\u2026\u2026\u2026\u2026\u2026\u2026..<\/em><\/li>\r\n \t<li><em>Nom de l\u2019acheteur : \u2026\u2026\u2026\u2026\u2026\u2026\u2026\u2026\u2026\u2026\u2026\u2026\u2026..<\/em><\/li>\r\n \t<li><em>Adresse de l\u2019acheteur : \u2026\u2026\u2026\u2026\u2026\u2026\u2026\u2026\u2026\u2026\u2026\u2026\u2026..<\/em><\/li>\r\n<\/ul>\r\n<ul style=\"font-weight: 400;\">\r\n \t<li><em>Num\u00e9ro de t\u00e9l\u00e9phone de l\u2019acheteur : \u2026\u2026\u2026\u2026\u2026\u2026\u2026\u2026\u2026\u2026\u2026\u2026\u2026..<\/em><\/li>\r\n<\/ul>\r\n<p style=\"font-weight: 400;\"><em>Date\u00a0:<\/em><\/p>\r\n<p style=\"font-weight: 400;\"><em>Signature :<\/em><\/p>\r\n<p style=\"font-weight: 400;\">L\u2019acheteur, pour b\u00e9n\u00e9ficier du remboursement,\u00a0doit envoyer par voie postale ce formulaire ainsi que le contenu de la commande (dans l\u2019emballage d\u2019origine des articles) sous 14 jours \u00e0 compter du lendemain de la livraison, \u00e0 l\u2019adresse suivante : Maison COGNAC GAUTIER &#8211; 28 Rue des Ponts &#8211; 16140 Aigre.<\/p>\r\n<p style=\"font-weight: 400;\">Les frais de retour sont \u00e0 la charge de l\u2019acheteur.<\/p>\r\n<p style=\"font-weight: 400;\">Le remboursement est effectu\u00e9 dans un d\u00e9lai de 14 jours \u00e0 compter de la notification de la r\u00e9tractation de l\u2019acheteur ou au plus tard le jour de r\u00e9cup\u00e9ration des produits retourn\u00e9s, via le moyen de paiement utilis\u00e9 par l\u2019acheteur lors de la commande.<\/p>\r\n[\/vc_column_text][vc_column_text el_class=\u00a0\u00bbparagraph-black\u00a0\u00bb]\r\n<p style=\"font-weight: 400;\"><strong>GARANTIE DES PRODUITS<\/strong><\/p>\r\n<p style=\"font-weight: 400;\">Les produits vendus correspondent mat\u00e9riellement aux caract\u00e9ristiques pr\u00e9sent\u00e9es \u00e0 l\u2019acheteur sur la Boutique en Ligne, lorsqu\u2019ils sont utilis\u00e9s en stricte conformit\u00e9 avec les fonctions pour lesquels ils ont \u00e9t\u00e9 vendus. Sauf dispositions l\u00e9gales contraires, la responsabilit\u00e9 de COGNAC GAUTIER ne saurait en aucun cas exc\u00e9der le montant de la valeur des marchandises factur\u00e9es.<\/p>\r\n<p style=\"font-weight: 400;\"><strong>ACC\u00c8S \u00c0 LA BOUTIQUE EN LIGNE<\/strong><\/p>\r\n<p style=\"font-weight: 400;\">COGNAC GAUTIER se r\u00e9serve le droit de faire des modifications sur la boutique en ligne et sur le site www.cognac-gautier.com, et cela \u00e0 tout moment et sans pr\u00e9avis.<\/p>\r\n<p style=\"font-weight: 400;\">COGNAC GAUTIER d\u00e9cline donc toute responsabilit\u00e9 en cas d\u2019interruption, ou d\u2019inaccessibilit\u00e9 \u00e0 la boutique en ligne. De m\u00eame en cas de dysfonctionnement ou de dommages issus d\u2019actes frauduleux de la part d\u2019un tiers.<\/p>\r\n<p style=\"font-weight: 400;\">COGNAC GAUTIER est d\u00e9livr\u00e9 de ses obligations par la survenance d\u2019\u00e9v\u00e8nements constitutifs de force majeure ou cas fortuits.<\/p>\r\n<p style=\"font-weight: 400;\"><strong>CONTACT<\/strong><\/p>\r\n<p style=\"font-weight: 400;\">Pour toute question, l\u2019acheteur peut contacter COGNAC GAUTIER en renseignant sa demande dans l\u2019espace d\u00e9di\u00e9 de la page \u00ab\u00a0Contact\u00a0\u00bb du site <a href=\"https:\/\/cognac-gautier.com\/\">www.cognac-gautier.com<\/a> , ou bien en appelant directement au num\u00e9ro de la boutique indiqu\u00e9 sur la page \u00ab\u00a0Visitez notre maison\u00a0\u00bb.<\/p>\r\n<p style=\"font-weight: 400;\"><strong>DROIT APPLICABLE <\/strong><\/p>\r\n<p style=\"font-weight: 400;\">Les pr\u00e9sentes Conditions G\u00e9n\u00e9rales de Vente sont exclusivement r\u00e9gies par la loi fran\u00e7aise.<\/p>\r\n[\/vc_column_text][\/vc_column][\/vc_row][\/vc_section]<\/div>","protected":false},"excerpt":{"rendered":"[vc_section pix_over_visibility=\u00a0\u00bb\u00a0\u00bb][vc_row full_width=\u00a0\u00bbstretch_row_content\u00a0\u00bb pix_particles_check=\u00a0\u00bb\u00a0\u00bb el_class=\u00a0\u00bbrow-mentions\u00a0\u00bb][vc_column][vc_column_text el_class=\u00a0\u00bbtitle-block row-mentions-title\u00a0\u00bb] CONDITIONS G\u00c9N\u00c9RALES DE VENTE APPLICABLES A LA BOUTIQUE EN LIGNE \u00ab COGNAC GAUTIER \u00bb [\/vc_column_text][vc_column_text el_class=\u00a0\u00bbparagraph-black\u00a0\u00bb] G\u00c9N\u00c9RALIT\u00c9S La boutique en ligne COGNAC GAUTIER est accessible \u00e0 l\u2019adresse internet\u00a0: www.cognac-gautier.com. Toute commande sur la&#8230;","protected":false},"author":1,"featured_media":0,"parent":0,"menu_order":90,"comment_status":"closed","ping_status":"closed","template":"","meta":{"_acf_changed":false,"inline_featured_image":false,"footnotes":""},"class_list":["post-1987","page","type-page","status-publish","hentry"],"acf":[],"yoast_head":"<!-- This site is optimized with the Yoast SEO plugin v27.5 - https:\/\/yoast.com\/product\/yoast-seo-wordpress\/ -->\n<title>Conditions g\u00e9n\u00e9rales de vente - Gautier Cognac<\/title>\n<meta name=\"robots\" content=\"index, follow, max-snippet:-1, max-image-preview:large, max-video-preview:-1\" \/>\n<link rel=\"canonical\" href=\"https:\/\/cognac-gautier.com\/fr\/conditions-generales-de-vente\" \/>\n<meta property=\"og:locale\" content=\"fr_FR\" \/>\n<meta property=\"og:type\" content=\"article\" \/>\n<meta property=\"og:title\" content=\"Conditions g\u00e9n\u00e9rales de vente - Gautier Cognac\" \/>\n<meta property=\"og:description\" content=\"[vc_section pix_over_visibility=\u00a0\u00bb\u00a0\u00bb][vc_row full_width=\u00a0\u00bbstretch_row_content\u00a0\u00bb pix_particles_check=\u00a0\u00bb\u00a0\u00bb el_class=\u00a0\u00bbrow-mentions\u00a0\u00bb][vc_column][vc_column_text el_class=\u00a0\u00bbtitle-block row-mentions-title\u00a0\u00bb] CONDITIONS G\u00c9N\u00c9RALES DE VENTE APPLICABLES A LA BOUTIQUE EN LIGNE \u00ab COGNAC GAUTIER \u00bb [\/vc_column_text][vc_column_text el_class=\u00a0\u00bbparagraph-black\u00a0\u00bb] G\u00c9N\u00c9RALIT\u00c9S La boutique en ligne COGNAC GAUTIER est accessible \u00e0 l\u2019adresse internet\u00a0: www.cognac-gautier.com. Toute commande sur la...\" \/>\n<meta property=\"og:url\" content=\"https:\/\/cognac-gautier.com\/fr\/conditions-generales-de-vente\" \/>\n<meta property=\"og:site_name\" content=\"Gautier Cognac\" \/>\n<meta name=\"twitter:card\" content=\"summary_large_image\" \/>\n<meta name=\"twitter:label1\" content=\"Dur\u00e9e de lecture estim\u00e9e\" \/>\n\t<meta name=\"twitter:data1\" content=\"5 minutes\" \/>\n<script type=\"application\/ld+json\" class=\"yoast-schema-graph\">{\"@context\":\"https:\\\/\\\/schema.org\",\"@graph\":[{\"@type\":\"WebPage\",\"@id\":\"https:\\\/\\\/cognac-gautier.com\\\/fr\\\/conditions-generales-de-vente\",\"url\":\"https:\\\/\\\/cognac-gautier.com\\\/fr\\\/conditions-generales-de-vente\",\"name\":\"Conditions g\u00e9n\u00e9rales de vente - Gautier Cognac\",\"isPartOf\":{\"@id\":\"https:\\\/\\\/cognac-gautier.com\\\/#website\"},\"datePublished\":\"2023-10-03T09:40:34+00:00\",\"inLanguage\":\"fr-FR\",\"potentialAction\":[{\"@type\":\"ReadAction\",\"target\":[\"https:\\\/\\\/cognac-gautier.com\\\/fr\\\/conditions-generales-de-vente\"]}]},{\"@type\":\"WebSite\",\"@id\":\"https:\\\/\\\/cognac-gautier.com\\\/#website\",\"url\":\"https:\\\/\\\/cognac-gautier.com\\\/\",\"name\":\"Gautier Cognac\",\"description\":\"\",\"publisher\":{\"@id\":\"https:\\\/\\\/cognac-gautier.com\\\/#organization\"},\"potentialAction\":[{\"@type\":\"SearchAction\",\"target\":{\"@type\":\"EntryPoint\",\"urlTemplate\":\"https:\\\/\\\/cognac-gautier.com\\\/?s={search_term_string}\"},\"query-input\":{\"@type\":\"PropertyValueSpecification\",\"valueRequired\":true,\"valueName\":\"search_term_string\"}}],\"inLanguage\":\"fr-FR\"},{\"@type\":\"Organization\",\"@id\":\"https:\\\/\\\/cognac-gautier.com\\\/#organization\",\"name\":\"Gautier Cognac\",\"url\":\"https:\\\/\\\/cognac-gautier.com\\\/\",\"logo\":{\"@type\":\"ImageObject\",\"inLanguage\":\"fr-FR\",\"@id\":\"https:\\\/\\\/cognac-gautier.com\\\/#\\\/schema\\\/logo\\\/image\\\/\",\"url\":\"https:\\\/\\\/cognac-gautier.com\\\/wp-content\\\/uploads\\\/2022\\\/11\\\/logo.svg\",\"contentUrl\":\"https:\\\/\\\/cognac-gautier.com\\\/wp-content\\\/uploads\\\/2022\\\/11\\\/logo.svg\",\"width\":195,\"height\":112,\"caption\":\"Gautier Cognac\"},\"image\":{\"@id\":\"https:\\\/\\\/cognac-gautier.com\\\/#\\\/schema\\\/logo\\\/image\\\/\"}}]}<\/script>\n<!-- \/ Yoast SEO plugin. -->","yoast_head_json":{"title":"Conditions g\u00e9n\u00e9rales de vente - Gautier Cognac","robots":{"index":"index","follow":"follow","max-snippet":"max-snippet:-1","max-image-preview":"max-image-preview:large","max-video-preview":"max-video-preview:-1"},"canonical":"https:\/\/cognac-gautier.com\/fr\/conditions-generales-de-vente","og_locale":"fr_FR","og_type":"article","og_title":"Conditions g\u00e9n\u00e9rales de vente - Gautier Cognac","og_description":"[vc_section pix_over_visibility=\u00a0\u00bb\u00a0\u00bb][vc_row full_width=\u00a0\u00bbstretch_row_content\u00a0\u00bb pix_particles_check=\u00a0\u00bb\u00a0\u00bb el_class=\u00a0\u00bbrow-mentions\u00a0\u00bb][vc_column][vc_column_text el_class=\u00a0\u00bbtitle-block row-mentions-title\u00a0\u00bb] CONDITIONS G\u00c9N\u00c9RALES DE VENTE APPLICABLES A LA BOUTIQUE EN LIGNE \u00ab COGNAC GAUTIER \u00bb [\/vc_column_text][vc_column_text el_class=\u00a0\u00bbparagraph-black\u00a0\u00bb] G\u00c9N\u00c9RALIT\u00c9S La boutique en ligne COGNAC GAUTIER est accessible \u00e0 l\u2019adresse internet\u00a0: www.cognac-gautier.com. Toute commande sur la...","og_url":"https:\/\/cognac-gautier.com\/fr\/conditions-generales-de-vente","og_site_name":"Gautier Cognac","twitter_card":"summary_large_image","twitter_misc":{"Dur\u00e9e de lecture estim\u00e9e":"5 minutes"},"schema":{"@context":"https:\/\/schema.org","@graph":[{"@type":"WebPage","@id":"https:\/\/cognac-gautier.com\/fr\/conditions-generales-de-vente","url":"https:\/\/cognac-gautier.com\/fr\/conditions-generales-de-vente","name":"Conditions g\u00e9n\u00e9rales de vente - Gautier Cognac","isPartOf":{"@id":"https:\/\/cognac-gautier.com\/#website"},"datePublished":"2023-10-03T09:40:34+00:00","inLanguage":"fr-FR","potentialAction":[{"@type":"ReadAction","target":["https:\/\/cognac-gautier.com\/fr\/conditions-generales-de-vente"]}]},{"@type":"WebSite","@id":"https:\/\/cognac-gautier.com\/#website","url":"https:\/\/cognac-gautier.com\/","name":"Gautier Cognac","description":"","publisher":{"@id":"https:\/\/cognac-gautier.com\/#organization"},"potentialAction":[{"@type":"SearchAction","target":{"@type":"EntryPoint","urlTemplate":"https:\/\/cognac-gautier.com\/?s={search_term_string}"},"query-input":{"@type":"PropertyValueSpecification","valueRequired":true,"valueName":"search_term_string"}}],"inLanguage":"fr-FR"},{"@type":"Organization","@id":"https:\/\/cognac-gautier.com\/#organization","name":"Gautier Cognac","url":"https:\/\/cognac-gautier.com\/","logo":{"@type":"ImageObject","inLanguage":"fr-FR","@id":"https:\/\/cognac-gautier.com\/#\/schema\/logo\/image\/","url":"https:\/\/cognac-gautier.com\/wp-content\/uploads\/2022\/11\/logo.svg","contentUrl":"https:\/\/cognac-gautier.com\/wp-content\/uploads\/2022\/11\/logo.svg","width":195,"height":112,"caption":"Gautier Cognac"},"image":{"@id":"https:\/\/cognac-gautier.com\/#\/schema\/logo\/image\/"}}]}},"_links":{"self":[{"href":"https:\/\/cognac-gautier.com\/fr\/wp-json\/wp\/v2\/pages\/1987","targetHints":{"allow":["GET"]}}],"collection":[{"href":"https:\/\/cognac-gautier.com\/fr\/wp-json\/wp\/v2\/pages"}],"about":[{"href":"https:\/\/cognac-gautier.com\/fr\/wp-json\/wp\/v2\/types\/page"}],"author":[{"embeddable":true,"href":"https:\/\/cognac-gautier.com\/fr\/wp-json\/wp\/v2\/users\/1"}],"replies":[{"embeddable":true,"href":"https:\/\/cognac-gautier.com\/fr\/wp-json\/wp\/v2\/comments?post=1987"}],"version-history":[{"count":0,"href":"https:\/\/cognac-gautier.com\/fr\/wp-json\/wp\/v2\/pages\/1987\/revisions"}],"wp:attachment":[{"href":"https:\/\/cognac-gautier.com\/fr\/wp-json\/wp\/v2\/media?parent=1987"}],"curies":[{"name":"wp","href":"https:\/\/api.w.org\/{rel}","templated":true}]}}