{"id":1262,"date":"2022-12-20T15:11:23","date_gmt":"2022-12-20T15:11:23","guid":{"rendered":"https:\/\/cognac-gautier.com\/politique-de-confidentialite"},"modified":"2023-03-06T21:34:17","modified_gmt":"2023-03-06T21:34:17","slug":"politique-de-confidentialite","status":"publish","type":"page","link":"https:\/\/cognac-gautier.com\/fr\/politique-de-confidentialite","title":{"rendered":"Politique de confidentialit\u00e9"},"content":{"rendered":"<div class=\"wpb-content-wrapper\">[vc_section pix_over_visibility=\u00a0\u00bb\u00a0\u00bb][vc_row full_width=\u00a0\u00bbstretch_row_content\u00a0\u00bb pix_particles_check=\u00a0\u00bb\u00a0\u00bb el_class=\u00a0\u00bbrow-mentions\u00a0\u00bb][vc_column][vc_column_text el_class=\u00a0\u00bbtitle-block row-mentions-title\u00a0\u00bb]\r\n<h2 style=\"text-align: center;\">Politique de confidentialit\u00e9 et politique en mati\u00e8re de cookies<\/h2>\r\n[\/vc_column_text][vc_column_text el_class=\u00a0\u00bbparagraph-black\u00a0\u00bb]<strong><u>Responsable du traitement des donn\u00e9es<\/u><\/strong>\n\n<strong>MARIE BRIZARD WINE &amp; SPIRITS FRANCE<\/strong>, soci\u00e9t\u00e9 par actions simplifi\u00e9e de droit fran\u00e7ais, immatricul\u00e9e au Registre du Commerce et des Soci\u00e9t\u00e9s de Cr\u00e9teil sous le num\u00e9ro 454 200 064 et dont le si\u00e8ge social est situ\u00e9 10-12 avenue du G\u00e9n\u00e9ral de Gaulle &#8211; 94220 CHARENTON LE PONT, ci-apr\u00e8s d\u00e9nomm\u00e9e \u00a0\u00bb <strong>MBWS France<\/strong> \u00ab\u00a0.\n\nEn tant que soci\u00e9t\u00e9 m\u00e8re de <strong>COGNAC GAUTIER<\/strong>, soci\u00e9t\u00e9 par actions simplifi\u00e9e, immatricul\u00e9e au Registre du Commerce et des Soci\u00e9t\u00e9s d&rsquo;Angoul\u00eame sous le num\u00e9ro 611 820 390 et dont le si\u00e8ge social est situ\u00e9 28 rue des Ponts &#8211; 16140 AIGRE.\n\n<strong><u>D\u00e9finitions<\/u><\/strong>\n\n<strong>Site :<\/strong> <a href=\"http:\/\/www.cognacgautier.com\">www.cognac-gautier.com<\/a> ;\n\n<strong>Utilisateur<\/strong> : toute personne physique disposant ou non d&rsquo;un compte personnel utilisant le Site ou l&rsquo;un des services propos\u00e9s par celui-ci.[\/vc_column_text][vc_column_text el_class=\u00a0\u00bbparagraph-black\u00a0\u00bb]<strong><u>Collecte et finalit\u00e9s du traitement des donn\u00e9es<\/u><\/strong>\n\nMBWS France est susceptible de collecter des donn\u00e9es \u00e0 caract\u00e8re personnel concernant les Utilisateurs du Site, notamment par l&rsquo;utilisation de cookies, conform\u00e9ment \u00e0 la l\u00e9gislation en vigueur.\n\nCette collecte de donn\u00e9es est r\u00e9alis\u00e9e lorsque l&rsquo;Utilisateur :\n<ul>\n \t<li>navigue sur le Site et consulte des articles ;<\/li>\n \t<li>s&rsquo;abonne aux newsletters ou aux alertes propos\u00e9es par le Site ;<\/li>\n \t<li>contacte le service \u00ab\u00a0Client\u00a0\u00bb (service \u00ab\u00a0Qualit\u00e9\u00a0\u00bb), le service commercial ou le service des Ressources Humaines de MBWS France par tout moyen de communication mis \u00e0 sa disposition ;<\/li>\n \t<li>remplit un formulaire d&rsquo;information sur le Site ;<\/li>\n \t<li>participe \u00e0 un concours ou \u00e0 un jeu promotionnel ;<\/li>\n \t<li>partage un avis avec un ami en envoyant un email ou via les m\u00e9dias sociaux \u00e0 partir d&rsquo;une page du Site..<\/li>\n<\/ul>\nLes donn\u00e9es collect\u00e9es sont n\u00e9cessaires pour les op\u00e9rations suivantes :\n<ul>\n \t<li>la personnalisation du contenu du Site ;<\/li>\n \t<li>la gestion et le suivi des relations avec les prospects (d\u00e9partement commercial) ;<\/li>\n \t<li>la gestion et le suivi des relations avec les consommateurs (Service Qualit\u00e9 et Service Marketing) ;<\/li>\n \t<li>la gestion et le suivi des relations avec les candidats (D\u00e9partement des Relations Humaines) ;<\/li>\n \t<li>la mise en place de jeux\/concours promotionnels :<\/li>\n \t<li>la mise \u00e0 disposition de boutons de partage vers les r\u00e9seaux sociaux ;<\/li>\n \t<li>l&rsquo;affichage de publicit\u00e9s cibl\u00e9es, notamment sur les r\u00e9seaux sociaux ;<\/li>\n \t<li>la r\u00e9alisation de statistiques de mesure d&rsquo;audience et d&rsquo;\u00e9tudes marketing.<\/li>\n<\/ul>\n<strong><u>Destinataires des donn\u00e9es personnelles<\/u><\/strong>\n\nLes donn\u00e9es collect\u00e9es sont destin\u00e9es \u00e0 \u00eatre utilis\u00e9es par MBWS France.\n\nLes donn\u00e9es peuvent \u00e9galement \u00eatre trait\u00e9es par des sous-traitants auxquels MBWS France fait appel pour personnaliser le contenu du Site, pour traiter des op\u00e9rations de concours et pour diffuser des newsletters.\n\n<strong><u>Transfert de donn\u00e9es personnelles en dehors de l&rsquo;Union europ\u00e9enne<\/u><\/strong>\n\nMBWS France informe l&rsquo;Utilisateur que ses donn\u00e9es personnelles pourront \u00eatre transmises \u00e0 des prestataires situ\u00e9s hors de l&rsquo;Union europ\u00e9enne dans le cadre de l&rsquo;optimisation de ses campagnes publicitaires.\n\nCes prestataires agissent en conformit\u00e9 avec les dispositions europ\u00e9ennes relatives \u00e0 la protection des donn\u00e9es personnelles de la convention \u00a0\u00bb Privacy Shield \u00ab\u00a0.\n\n<strong><u>Droits sur vos donn\u00e9es personnelles<\/u><\/strong>\n\nConform\u00e9ment \u00e0 la loi informatique et libert\u00e9s du 6 janvier 1978 modifi\u00e9e, l&rsquo;Utilisateur dispose d&rsquo;un droit d&rsquo;acc\u00e8s, de rectification et de suppression de ses donn\u00e9es personnelles. L&rsquo;Utilisateur a le droit de demander la limitation ou de s&rsquo;opposer au traitement de ses donn\u00e9es par le Site sans que celui-ci ne puisse refuser, \u00e0 moins qu&rsquo;il ne d\u00e9montre l&rsquo;existence de motifs l\u00e9gitimes et imp\u00e9rieux pouvant pr\u00e9valoir sur les int\u00e9r\u00eats, droits et libert\u00e9s de l&rsquo;Utilisateur.[\/vc_column_text][vc_column_text el_class=\u00a0\u00bbparagraph-black\u00a0\u00bb]<strong><u>Dur\u00e9e de conservation de vos donn\u00e9es personnelles<\/u><\/strong>\n\n<strong>Donn\u00e9es personnelles des prospects :<\/strong>\n\nSauf obligation l\u00e9gale, MBWS France conserve vos donn\u00e9es pour une dur\u00e9e maximale de 3 (trois) ans apr\u00e8s le dernier contact.\n\nCette p\u00e9riode d\u00e9bute \u00e0 partir du dernier contact (envoi d&rsquo;un formulaire, email, appel t\u00e9l\u00e9phonique) ou d&rsquo;un clic sur un lien hypertexte dans un email envoy\u00e9 par MBWS France.\n\nVos droits :\n\nVous pouvez demander \u00e0 consulter, rectifier ou supprimer vos donn\u00e9es personnelles selon les modalit\u00e9s d\u00e9crites dans la section ci-dessous \u00a0\u00bb Modalit\u00e9s d&rsquo;acc\u00e8s \u00e0 mes donn\u00e9es personnelles \u00a0\u00bb via le formulaire de Contact du Site en pr\u00e9cisant \u00a0\u00bb Je souhaite contacter le Service Commercial \u00a0\u00bb ou par courrier \u00e0 l&rsquo;adresse postale suivante :\n\nMARIE BRIZARD WINE &amp; SPIRITS FRANCE\n\n10-12 avenue du G\u00e9n\u00e9ral de Gaulle\n\n94220 CHARENTON LE PONT.\n\n<strong>Donn\u00e9es personnelles des consommateurs :<\/strong>\n\nSauf obligation l\u00e9gale, MBWS France conserve vos donn\u00e9es pour une dur\u00e9e maximale de 5 (cinq) ans apr\u00e8s le dernier contact.\n\nCette p\u00e9riode commence \u00e0 partir du dernier contact (envoi d&rsquo;un formulaire, email, appel t\u00e9l\u00e9phonique) ou par le clic sur un lien hypertexte dans un courrier envoy\u00e9 par MBWS France.\n\nVos droits :\n\nVous pouvez demander \u00e0 consulter, rectifier ou m\u00eame supprimer vos donn\u00e9es personnelles selon les modalit\u00e9s d\u00e9crites dans le paragraphe \u00a0\u00bb Modalit\u00e9s d&rsquo;acc\u00e8s \u00e0 mes donn\u00e9es personnelles \u00a0\u00bb via le formulaire du site internet \u00a0\u00bb Je souhaite contacter le Service Consommateurs\/Qualit\u00e9 \u00a0\u00bb ou par courrier \u00e0 l&rsquo;adresse postale suivante :\n\nMARIE BRIZARD WINE &amp; SPIRITS FRANCE\n\nA l&rsquo;attention du Service Qualit\u00e9\n\n10-12 avenue du G\u00e9n\u00e9ral de Gaulle\n\n94220 CHARENTON LE PONT.\n\n<strong>Donn\u00e9es personnelles :<\/strong>\n\nSauf obligation l\u00e9gale, MBWS France conserve vos donn\u00e9es pour une dur\u00e9e maximale de 2 (deux) ans apr\u00e8s le dernier contact avec nos recruteurs.\n\nCette p\u00e9riode d\u00e9bute \u00e0 partir du dernier contact (envoi d&rsquo;un formulaire, email, appel t\u00e9l\u00e9phonique) ou par le clic sur un lien hypertexte dans un email envoy\u00e9 par MBWS France.\n\nVos droits :\n\nVous pouvez demander \u00e0 consulter, rectifier ou m\u00eame supprimer vos donn\u00e9es personnelles selon les modalit\u00e9s d\u00e9crites dans le paragraphe \u00ab\u00a0Modalit\u00e9s d&rsquo;acc\u00e8s \u00e0 mes donn\u00e9es personnelles\u00a0\u00bb via le formulaire du Site \u00ab\u00a0Je souhaite contacter le Service des Ressources Humaines\u00a0\u00bb ou par courrier \u00e0 l&rsquo;adresse postale suivante :\n\nMARIE BRIZARD WINE &amp; SPIRITS FRANCE\n\nA l&rsquo;attention du d\u00e9partement des ressources humaines\n\n10-12 avenue du G\u00e9n\u00e9ral de Gaulle\n\n94220 CHARENTON LE PONT.\n\n<strong><u>Acc\u00e9der \u00e0 mes donn\u00e9es personnelles<\/u><\/strong>\n\nPour toute demande, l&rsquo;Utilisateur doit indiquer ses nom, pr\u00e9nom et adresse postale ainsi qu&rsquo;une adresse \u00e9lectronique pour permettre l&rsquo;envoi d&rsquo;une r\u00e9ponse.\n\nCette demande doit \u00eatre sign\u00e9e et accompagn\u00e9e d&rsquo;une copie de son document d&rsquo;identit\u00e9 en cours de validit\u00e9 portant sa signature.\n\nMBWS France dispose d&rsquo;un d\u00e9lai de 2 (deux) mois \u00e0 compter de la r\u00e9ception de la demande de l&rsquo;Utilisateur pour y r\u00e9pondre. A l&rsquo;issue de ce d\u00e9lai, l&rsquo;Utilisateur pourra s&rsquo;adresser \u00e0 la CNIL en cas de r\u00e9ponse d\u00e9favorable ou d&rsquo;absence de r\u00e9ponse de MBWS France.\n\n<strong><u>Archivage des donn\u00e9es<\/u><\/strong>\n\nLes informations utilis\u00e9es pour \u00e9tablir la preuve d&rsquo;un droit ou d&rsquo;un contrat, ou conserv\u00e9es au titre du respect d&rsquo;une obligation l\u00e9gale peuvent \u00eatre archiv\u00e9es conform\u00e9ment aux dispositions l\u00e9gales en vigueur.\n\n<strong><u>Traitement des donn\u00e9es personnelles apr\u00e8s un d\u00e9c\u00e8s<\/u><\/strong>\n\nMBWS France informe les Utilisateurs qu&rsquo;ils peuvent d\u00e9finir, de leur vivant, des directives relatives \u00e0 la conservation, \u00e0 l&rsquo;effacement et \u00e0 la communication de leurs donn\u00e9es personnelles apr\u00e8s leur d\u00e9c\u00e8s. Ces directives peuvent \u00eatre g\u00e9n\u00e9rales ou sp\u00e9cifiques. L&rsquo;utilisateur peut modifier ou r\u00e9voquer ses instructions \u00e0 tout moment.\n\nPour ce faire, l&rsquo;Utilisateur peut contacter MBWS France via le formulaire appropri\u00e9 du Site ou par courrier \u00e0 l&rsquo;adresse postale suivante :\n\nMARIE BRIZARD WINE &amp; SPIRITS FRANCE\n\n\u00c0 l&rsquo;attention du Responsable de la Protection des Donn\u00e9es\n\n10-12 avenue du G\u00e9n\u00e9ral de Gaulle\n\n94220 CHARENTON LE PONT.[\/vc_column_text][vc_column_text el_class=\u00a0\u00bbparagraph-black\u00a0\u00bb]<strong><u>D\u00e9finition de Cookie<\/u><\/strong>\n\nUn cookie est un bref fichier texte plac\u00e9 ou stock\u00e9 sur votre appareil (ordinateur, tablette ou appareil mobile) lorsque vous visitez un site web. Le cookie permet \u00e0 un site de vous reconna\u00eetre, de vous aider \u00e0 naviguer d&rsquo;une page \u00e0 l&rsquo;autre sur son site internet, de fournir des connexions s\u00e9curis\u00e9es et de m\u00e9moriser vos pr\u00e9f\u00e9rences pour vos prochaines visites.\n\nMBWS France utilise des cookies afin de reconna\u00eetre l&rsquo;Utilisateur (client ou non) lorsqu&rsquo;il se connecte au site internet.\n\n<strong><u>Gestion des cookies<\/u><\/strong>\n\nL&rsquo;Utilisateur peut, \u00e0 tout moment, d\u00e9sactiver les cookies stock\u00e9s sur son appareil.\n\nPour ce faire, il lui suffit de s\u00e9lectionner les param\u00e8tres appropri\u00e9s dans son navigateur. Toutefois, cette d\u00e9sactivation emp\u00eachera l&rsquo;acc\u00e8s \u00e0 certaines fonctionnalit\u00e9s du Site propos\u00e9es par MBWS France ou ses partenaires.\n\nEn ce qui concerne la gestion des cookies et vos choix, la configuration de chaque navigateur est diff\u00e9rente. Le menu d&rsquo;aide de votre navigateur d\u00e9crit cette configuration et vous indiquera comment modifier vos pr\u00e9f\u00e9rences en mati\u00e8re de cookies.\n<h3>D\u00e9sactivation des cookies via les principaux navigateurs<\/h3>\n<h4>Google Chrome<\/h4>\n<a href=\"https:\/\/support.google.com\/chrome\/answer\/95647?co=GENIE.Platform%3DDesktop&amp;hl=fr\">https:\/\/support.google.com\/chrome\/answer\/95647?co=GENIE.Platform%3DDesktop&amp;hl=fr<\/a>\n<h4>Mozilla Firefox<\/h4>\n<a href=\"https:\/\/support.mozilla.org\/fr\/kb\/activer-desactiver-cookies-preferences?redirectlocale=fr&amp;redirectslug=activer-desactiver-cookies\">https:\/\/support.mozilla.org\/fr\/kb\/activer-desactiver-cookies-preferences?redirectlocale=fr&amp;redirectslug=activer-desactiver-cookies<\/a>\n<h4>Microsoft Edge<\/h4>\n<a href=\"https:\/\/privacy.microsoft.com\/fr-FR\/windows-10-microsoft-edge-and-privacy\">https:\/\/privacy.microsoft.com\/fr-FR\/windows-10-microsoft-edge-and-privacy<\/a>\n<h4>Microsoft Internet Explorer<\/h4>\n<a href=\"https:\/\/support.microsoft.com\/fr-fr\/help\/17442\/windows-internet-explorer-delete-manage-cookies\">https:\/\/support.microsoft.com\/fr-fr\/help\/17442\/windows-internet-explorer-delete-manage-cookies<\/a>\n<h4>Safari<\/h4>\n<a href=\"https:\/\/support.apple.com\/fr-fr\/guide\/safari\/sfri11471\/mac\">https:\/\/support.apple.com\/fr-fr\/guide\/safari\/sfri11471\/mac<\/a>\n\n<strong>D\u00e9sactivation des cookies via une plateforme interprofessionnelle<\/strong>\n\nVous pouvez \u00e9galement vous connecter au site Youronlinechoices, propos\u00e9 par les professionnels de la publicit\u00e9 num\u00e9rique regroup\u00e9s au sein de l&rsquo;association europ\u00e9enne EDAA (European Digital Advertising Alliance) et g\u00e9r\u00e9 en France par l&rsquo;Interactive Advertising Bureau France. Cette plateforme europ\u00e9enne est partag\u00e9e par des centaines de professionnels de la publicit\u00e9 sur Internet et constitue une interface centralis\u00e9e vous permettant d&rsquo;exprimer votre refus ou votre acceptation des cookies susceptibles d&rsquo;\u00eatre utilis\u00e9s afin d&rsquo;adapter les publicit\u00e9s susceptibles d&rsquo;\u00eatre affich\u00e9es \u00e0 la navigation de votre terminal :\n\n<a href=\"http:\/\/www.youronlinechoices.com\/fr\/controler-ses-cookies\">http:\/\/www.youronlinechoices.com\/fr\/controler-ses-cookies<\/a>\n\nMBWS France informe l&rsquo;Utilisateur que cette proc\u00e9dure n&#8217;emp\u00eachera pas l&rsquo;affichage de publicit\u00e9s sur les sites que vous visitez. Elle bloquera uniquement les technologies permettant d&rsquo;adapter les publicit\u00e9s \u00e0 vos centres d&rsquo;int\u00e9r\u00eat.\n\n<strong>D\u00e9sactivation des cookies de mesure d&rsquo;audience utilis\u00e9s sur le site internet.<\/strong>\n\nVous pouvez t\u00e9l\u00e9charger le module compl\u00e9mentaire de navigateur permettant de d\u00e9sactiver Google Analytics :\n\n<a href=\"https:\/\/tools.google.com\/dlpage\/gaoptout?hl=fr\">https:\/\/tools.google.com\/dlpage\/gaoptout?hl=fr<\/a>\n\n<strong>D\u00e9sactivation des r\u00e9seaux sociaux<\/strong>\n\nLe Site utilise des plugins de r\u00e9seaux sociaux tels que Facebook, Instagram, Twitter, Pinterest, Youtube, etc. (ci-apr\u00e8s \u00a0\u00bb R\u00e9seaux sociaux \u00ab\u00a0). \u00c0 titre d&rsquo;exemple, si l&rsquo;Utilisateur est connect\u00e9 \u00e0 Facebook lors de sa navigation sur le Site, Facebook peut directement relier sa visite \u00e0 son compte utilisateur Facebook, m\u00eame si l&rsquo;Utilisateur n&rsquo;a pas utilis\u00e9 le bouton de partage. Si l&rsquo;Utilisateur interagit en utilisant les plugins, par exemple en cliquant sur le bouton \u00a0\u00bb J&rsquo;aime \u00a0\u00bb ou en laissant un commentaire, les informations correspondantes seront transmises et enregistr\u00e9es sur un serveur de Facebook. Elles seront publi\u00e9es sur le compte Facebook de l&rsquo;Utilisateur.\n\nMBWS France ne g\u00e8re pas les donn\u00e9es collect\u00e9es par les R\u00e9seaux Sociaux via les boutons. L&rsquo;Utilisateur doit prendre connaissance de la politique de protection des donn\u00e9es personnelles publi\u00e9e par les R\u00e9seaux Sociaux en question, afin de conna\u00eetre les modalit\u00e9s de traitement et d&rsquo;utilisation des donn\u00e9es collect\u00e9es par ces derniers ainsi que les param\u00e8tres dont il dispose pour prot\u00e9ger sa vie priv\u00e9e. Si l&rsquo;Utilisateur ne souhaite pas que le R\u00e9seau Social relie les informations collect\u00e9es via MBWS France \u00e0 son compte utilisateur du R\u00e9seau Social, il doit se d\u00e9connecter du R\u00e9seau Social avant de consulter le Site.\n\n<strong>Mesures de s\u00e9curit\u00e9 prises par MBWS France pour assurer la protection des donn\u00e9es personnelles<\/strong>\n\nMBWS France met en \u0153uvre tous les moyens techniques conformes aux meilleures pratiques pour pr\u00e9server l&rsquo;int\u00e9grit\u00e9, la s\u00e9curit\u00e9 et la confidentialit\u00e9 des donn\u00e9es et notamment emp\u00eacher qu&rsquo;elles soient d\u00e9form\u00e9es, endommag\u00e9es ou que des tiers non autoris\u00e9s y aient acc\u00e8s.[\/vc_column_text][\/vc_column][\/vc_row][\/vc_section]<\/div>","protected":false},"excerpt":{"rendered":"[vc_section pix_over_visibility=\u00a0\u00bb\u00a0\u00bb][vc_row full_width=\u00a0\u00bbstretch_row_content\u00a0\u00bb pix_particles_check=\u00a0\u00bb\u00a0\u00bb el_class=\u00a0\u00bbrow-mentions\u00a0\u00bb][vc_column][vc_column_text el_class=\u00a0\u00bbtitle-block row-mentions-title\u00a0\u00bb] Politique de confidentialit\u00e9 et politique en mati\u00e8re de cookies [\/vc_column_text][vc_column_text el_class=\u00a0\u00bbparagraph-black\u00a0\u00bb]Responsable du traitement des donn\u00e9es MARIE BRIZARD WINE &amp; SPIRITS FRANCE, soci\u00e9t\u00e9 par actions simplifi\u00e9e de droit fran\u00e7ais, immatricul\u00e9e au Registre du Commerce&#8230;","protected":false},"author":1,"featured_media":0,"parent":0,"menu_order":90,"comment_status":"closed","ping_status":"closed","template":"","meta":{"_acf_changed":false,"inline_featured_image":false,"footnotes":""},"class_list":["post-1262","page","type-page","status-publish","hentry"],"acf":[],"yoast_head":"<!-- This site is optimized with the Yoast SEO plugin v27.5 - https:\/\/yoast.com\/product\/yoast-seo-wordpress\/ -->\n<title>Politique de confidentialit\u00e9 - Gautier Cognac<\/title>\n<meta name=\"robots\" content=\"index, follow, max-snippet:-1, max-image-preview:large, max-video-preview:-1\" \/>\n<link rel=\"canonical\" href=\"https:\/\/cognac-gautier.com\/fr\/politique-de-confidentialite\" \/>\n<meta property=\"og:locale\" content=\"fr_FR\" \/>\n<meta property=\"og:type\" content=\"article\" \/>\n<meta property=\"og:title\" content=\"Politique de confidentialit\u00e9 - Gautier Cognac\" \/>\n<meta property=\"og:description\" content=\"[vc_section pix_over_visibility=\u00a0\u00bb\u00a0\u00bb][vc_row full_width=\u00a0\u00bbstretch_row_content\u00a0\u00bb pix_particles_check=\u00a0\u00bb\u00a0\u00bb el_class=\u00a0\u00bbrow-mentions\u00a0\u00bb][vc_column][vc_column_text el_class=\u00a0\u00bbtitle-block row-mentions-title\u00a0\u00bb] Politique de confidentialit\u00e9 et politique en mati\u00e8re de cookies [\/vc_column_text][vc_column_text el_class=\u00a0\u00bbparagraph-black\u00a0\u00bb]Responsable du traitement des donn\u00e9es MARIE BRIZARD WINE &amp; SPIRITS FRANCE, soci\u00e9t\u00e9 par actions simplifi\u00e9e de droit fran\u00e7ais, immatricul\u00e9e au Registre du Commerce...\" \/>\n<meta property=\"og:url\" content=\"https:\/\/cognac-gautier.com\/fr\/politique-de-confidentialite\" \/>\n<meta property=\"og:site_name\" content=\"Gautier Cognac\" \/>\n<meta property=\"article:modified_time\" content=\"2023-03-06T21:34:17+00:00\" \/>\n<meta name=\"twitter:card\" content=\"summary_large_image\" \/>\n<meta name=\"twitter:label1\" content=\"Dur\u00e9e de lecture estim\u00e9e\" \/>\n\t<meta name=\"twitter:data1\" content=\"10 minutes\" \/>\n<script type=\"application\/ld+json\" class=\"yoast-schema-graph\">{\"@context\":\"https:\\\/\\\/schema.org\",\"@graph\":[{\"@type\":\"WebPage\",\"@id\":\"https:\\\/\\\/cognac-gautier.com\\\/fr\\\/politique-de-confidentialite\",\"url\":\"https:\\\/\\\/cognac-gautier.com\\\/fr\\\/politique-de-confidentialite\",\"name\":\"Politique de confidentialit\u00e9 - Gautier Cognac\",\"isPartOf\":{\"@id\":\"https:\\\/\\\/cognac-gautier.com\\\/#website\"},\"datePublished\":\"2022-12-20T15:11:23+00:00\",\"dateModified\":\"2023-03-06T21:34:17+00:00\",\"inLanguage\":\"fr-FR\",\"potentialAction\":[{\"@type\":\"ReadAction\",\"target\":[\"https:\\\/\\\/cognac-gautier.com\\\/fr\\\/politique-de-confidentialite\"]}]},{\"@type\":\"WebSite\",\"@id\":\"https:\\\/\\\/cognac-gautier.com\\\/#website\",\"url\":\"https:\\\/\\\/cognac-gautier.com\\\/\",\"name\":\"Gautier Cognac\",\"description\":\"\",\"publisher\":{\"@id\":\"https:\\\/\\\/cognac-gautier.com\\\/#organization\"},\"potentialAction\":[{\"@type\":\"SearchAction\",\"target\":{\"@type\":\"EntryPoint\",\"urlTemplate\":\"https:\\\/\\\/cognac-gautier.com\\\/?s={search_term_string}\"},\"query-input\":{\"@type\":\"PropertyValueSpecification\",\"valueRequired\":true,\"valueName\":\"search_term_string\"}}],\"inLanguage\":\"fr-FR\"},{\"@type\":\"Organization\",\"@id\":\"https:\\\/\\\/cognac-gautier.com\\\/#organization\",\"name\":\"Gautier Cognac\",\"url\":\"https:\\\/\\\/cognac-gautier.com\\\/\",\"logo\":{\"@type\":\"ImageObject\",\"inLanguage\":\"fr-FR\",\"@id\":\"https:\\\/\\\/cognac-gautier.com\\\/#\\\/schema\\\/logo\\\/image\\\/\",\"url\":\"https:\\\/\\\/cognac-gautier.com\\\/wp-content\\\/uploads\\\/2022\\\/11\\\/logo.svg\",\"contentUrl\":\"https:\\\/\\\/cognac-gautier.com\\\/wp-content\\\/uploads\\\/2022\\\/11\\\/logo.svg\",\"width\":195,\"height\":112,\"caption\":\"Gautier Cognac\"},\"image\":{\"@id\":\"https:\\\/\\\/cognac-gautier.com\\\/#\\\/schema\\\/logo\\\/image\\\/\"}}]}<\/script>\n<!-- \/ Yoast SEO plugin. -->","yoast_head_json":{"title":"Politique de confidentialit\u00e9 - Gautier Cognac","robots":{"index":"index","follow":"follow","max-snippet":"max-snippet:-1","max-image-preview":"max-image-preview:large","max-video-preview":"max-video-preview:-1"},"canonical":"https:\/\/cognac-gautier.com\/fr\/politique-de-confidentialite","og_locale":"fr_FR","og_type":"article","og_title":"Politique de confidentialit\u00e9 - Gautier Cognac","og_description":"[vc_section pix_over_visibility=\u00a0\u00bb\u00a0\u00bb][vc_row full_width=\u00a0\u00bbstretch_row_content\u00a0\u00bb pix_particles_check=\u00a0\u00bb\u00a0\u00bb el_class=\u00a0\u00bbrow-mentions\u00a0\u00bb][vc_column][vc_column_text el_class=\u00a0\u00bbtitle-block row-mentions-title\u00a0\u00bb] Politique de confidentialit\u00e9 et politique en mati\u00e8re de cookies [\/vc_column_text][vc_column_text el_class=\u00a0\u00bbparagraph-black\u00a0\u00bb]Responsable du traitement des donn\u00e9es MARIE BRIZARD WINE &amp; SPIRITS FRANCE, soci\u00e9t\u00e9 par actions simplifi\u00e9e de droit fran\u00e7ais, immatricul\u00e9e au Registre du Commerce...","og_url":"https:\/\/cognac-gautier.com\/fr\/politique-de-confidentialite","og_site_name":"Gautier Cognac","article_modified_time":"2023-03-06T21:34:17+00:00","twitter_card":"summary_large_image","twitter_misc":{"Dur\u00e9e de lecture estim\u00e9e":"10 minutes"},"schema":{"@context":"https:\/\/schema.org","@graph":[{"@type":"WebPage","@id":"https:\/\/cognac-gautier.com\/fr\/politique-de-confidentialite","url":"https:\/\/cognac-gautier.com\/fr\/politique-de-confidentialite","name":"Politique de confidentialit\u00e9 - Gautier Cognac","isPartOf":{"@id":"https:\/\/cognac-gautier.com\/#website"},"datePublished":"2022-12-20T15:11:23+00:00","dateModified":"2023-03-06T21:34:17+00:00","inLanguage":"fr-FR","potentialAction":[{"@type":"ReadAction","target":["https:\/\/cognac-gautier.com\/fr\/politique-de-confidentialite"]}]},{"@type":"WebSite","@id":"https:\/\/cognac-gautier.com\/#website","url":"https:\/\/cognac-gautier.com\/","name":"Gautier Cognac","description":"","publisher":{"@id":"https:\/\/cognac-gautier.com\/#organization"},"potentialAction":[{"@type":"SearchAction","target":{"@type":"EntryPoint","urlTemplate":"https:\/\/cognac-gautier.com\/?s={search_term_string}"},"query-input":{"@type":"PropertyValueSpecification","valueRequired":true,"valueName":"search_term_string"}}],"inLanguage":"fr-FR"},{"@type":"Organization","@id":"https:\/\/cognac-gautier.com\/#organization","name":"Gautier Cognac","url":"https:\/\/cognac-gautier.com\/","logo":{"@type":"ImageObject","inLanguage":"fr-FR","@id":"https:\/\/cognac-gautier.com\/#\/schema\/logo\/image\/","url":"https:\/\/cognac-gautier.com\/wp-content\/uploads\/2022\/11\/logo.svg","contentUrl":"https:\/\/cognac-gautier.com\/wp-content\/uploads\/2022\/11\/logo.svg","width":195,"height":112,"caption":"Gautier Cognac"},"image":{"@id":"https:\/\/cognac-gautier.com\/#\/schema\/logo\/image\/"}}]}},"_links":{"self":[{"href":"https:\/\/cognac-gautier.com\/fr\/wp-json\/wp\/v2\/pages\/1262","targetHints":{"allow":["GET"]}}],"collection":[{"href":"https:\/\/cognac-gautier.com\/fr\/wp-json\/wp\/v2\/pages"}],"about":[{"href":"https:\/\/cognac-gautier.com\/fr\/wp-json\/wp\/v2\/types\/page"}],"author":[{"embeddable":true,"href":"https:\/\/cognac-gautier.com\/fr\/wp-json\/wp\/v2\/users\/1"}],"replies":[{"embeddable":true,"href":"https:\/\/cognac-gautier.com\/fr\/wp-json\/wp\/v2\/comments?post=1262"}],"version-history":[{"count":0,"href":"https:\/\/cognac-gautier.com\/fr\/wp-json\/wp\/v2\/pages\/1262\/revisions"}],"wp:attachment":[{"href":"https:\/\/cognac-gautier.com\/fr\/wp-json\/wp\/v2\/media?parent=1262"}],"curies":[{"name":"wp","href":"https:\/\/api.w.org\/{rel}","templated":true}]}}