{"id":1259,"date":"2022-12-20T11:50:41","date_gmt":"2022-12-20T11:50:41","guid":{"rendered":"https:\/\/cognac-gautier.com\/mentions-legales"},"modified":"2023-03-06T17:28:02","modified_gmt":"2023-03-06T17:28:02","slug":"mentions-legales","status":"publish","type":"page","link":"https:\/\/cognac-gautier.com\/fr\/mentions-legales","title":{"rendered":"Mentions l\u00e9gales"},"content":{"rendered":"<div class=\"wpb-content-wrapper\">[vc_section pix_over_visibility=\u00a0\u00bb\u00a0\u00bb][vc_row full_width=\u00a0\u00bbstretch_row_content\u00a0\u00bb pix_particles_check=\u00a0\u00bb\u00a0\u00bb el_class=\u00a0\u00bbrow-mentions\u00a0\u00bb][vc_column][vc_column_text el_class=\u00a0\u00bbtitle-block row-mentions-title\u00a0\u00bb]\r\n<h2 style=\"text-align: center;\">Mentions l\u00e9gales<\/h2>\r\n[\/vc_column_text][vc_column_text el_class=\u00a0\u00bbparagraph-black\u00a0\u00bb]\r\n<p style=\"text-align: left;\">Vous \u00eates actuellement connect\u00e9 au site \u00ab\u00a0www.cognac-gautier.com\u00a0\u00bb publi\u00e9 par COGNAC GAUTIER, soci\u00e9t\u00e9 par actions simplifi\u00e9e, immatricul\u00e9e au RCS d&rsquo;Angoul\u00eame sous le n\u00b0 611 820 390, dont le si\u00e8ge social est situ\u00e9 28 rue des Ponts &#8211; 16140 AIGRE (France). 611 820 390, dont le si\u00e8ge social est situ\u00e9 28 rue des Ponts &#8211; 16140 AIGRE (France).<\/p>\r\n[\/vc_column_text][vc_column_text el_class=\u00a0\u00bbparagraph-black\u00a0\u00bb]\r\n<p style=\"text-align: left;\"><strong>Responsable publication<\/strong> : Fahd KHADRAOUI en qualit\u00e9 de repr\u00e9sentant l\u00e9gal.<\/p>\n<p style=\"text-align: left;\"><strong>Cr\u00e9ation et d\u00e9veloppement :<\/strong> <a href=\"https:\/\/4beez.agency\">4BEEZ<\/a> \u2013 24 rue de Clichy &#8211; 75009 Paris (FRANCE).<\/p>\n<p style=\"text-align: left;\"><strong>H\u00e9bergement :<\/strong> SAFEBRANDS.<\/p>\n<p style=\"text-align: left;\"><strong>En naviguant sur ce site, vous acceptez les termes et conditions \u00e9nonc\u00e9s ci-apr\u00e8s :<\/strong><\/p>\n<p style=\"text-align: left;\">L&rsquo;acc\u00e8s au site est soumis \u00e0 la l\u00e9gislation nationale, communautaire et internationale applicable dans le pays de connexion.<\/p>\n<p style=\"text-align: left;\"><strong>Vous devez avoir l&rsquo;\u00e2ge l\u00e9gal<\/strong> pour consommer de l&rsquo;alcool dans votre pays \/ \u00e9tat de r\u00e9sidence. Si vous n&rsquo;avez pas l&rsquo;\u00e2ge l\u00e9gal pour consommer de l&rsquo;alcool dans votre pays, \u00e9tat ou territoire de r\u00e9sidence, ou si vous vous trouvez dans un pays ou territoire o\u00f9 l&rsquo;acc\u00e8s \u00e0 ce site n&rsquo;est pas autoris\u00e9, veuillez quitter le site \u00ab\u00a0www.cognac-gautier.com\u00a0\u00bb.<\/p>\r\n[\/vc_column_text][vc_column_text el_class=\u00a0\u00bbparagraph-black\u00a0\u00bb]\r\n<p class=\"blue-title\">Contenu du site :<\/p>\n<p style=\"text-align: left;\">Bien que les sp\u00e9cifications, fonctions, illustrations, textes, images, documents audio et vid\u00e9o, contenus et autres informations contenus sur ce site soient bas\u00e9s sur des informations actualis\u00e9es et m\u00eame si Cognac GAUTIER prend toutes les mesures n\u00e9cessaires pour s&rsquo;assurer que tous les contenus, informations et \u00e9l\u00e9ments de ce site sont exacts, Cognac GAUTIER ne peut garantir leur exactitude sans r\u00e9serve.<\/p>\r\n[\/vc_column_text][vc_column_text el_class=\u00a0\u00bbparagraph-black\u00a0\u00bb]\r\n<p class=\"blue-title\">Modification des conditions d&rsquo;utilisation\/contenu du site :<\/p>\n<p style=\"text-align: left;\">COGNAC GAUTIER se r\u00e9serve le droit de modifier les pr\u00e9sentes conditions d&rsquo;utilisation \u00e0 tout moment, pour quelque raison que ce soit et sans pr\u00e9avis, en mettant \u00e0 jour cette page ; ces modifications prendront effet d\u00e8s leur mise en ligne sur le site. Nous vous invitons \u00e0 visiter r\u00e9guli\u00e8rement cette page du site, afin de prendre connaissance des conditions d&rsquo;utilisation. COGNAC GAUTIER se r\u00e9serve le droit de modifier tout ou partie du contenu du site, \u00e0 tout moment, pour quelque raison que ce soit et sans pr\u00e9avis.<\/p>\r\n[\/vc_column_text][vc_column_text el_class=\u00a0\u00bbparagraph-black\u00a0\u00bb]\r\n<p class=\"blue-title\">Droits d&rsquo;auteur et droit de reproduction :<\/p>\n<p style=\"text-align: left;\">L&rsquo;ensemble du contenu de ce site rel\u00e8ve de la l\u00e9gislation fran\u00e7aise et internationale sur le droit d&rsquo;auteur et la propri\u00e9t\u00e9 intellectuelle. Tous les droits de reproduction sont r\u00e9serv\u00e9s. La pr\u00e9sentation et le contenu du pr\u00e9sent site (images, documents audio et vid\u00e9o, graphiques, textes, mat\u00e9riel vid\u00e9o, informations ou images de lieux ou de personnes sur le site) constituent une \u0153uvre prot\u00e9g\u00e9e par le droit de la propri\u00e9t\u00e9 intellectuelle, dont COGNAC GAUTIER est le titulaire. Sauf autorisation pr\u00e9alable et \u00e9crite de COGNAC GAUTIER, la reproduction de tout ou partie du site, sous quelque forme et \u00e0 quelque fin que ce soit, est formellement interdite. En l&rsquo;absence d&rsquo;une telle autorisation, COGNAC GAUTIER fera valoir l&rsquo;ensemble de ses droits de propri\u00e9t\u00e9 intellectuelle et\/ou industrielle conform\u00e9ment \u00e0 la loi applicable. Toute utilisation non autoris\u00e9e de ces informations est interdite et pourra faire l&rsquo;objet (sans que cela soit limitatif) d&rsquo;une action en justice et\/ou d&rsquo;une indemnisation pour r\u00e9parer tout pr\u00e9judice r\u00e9sultant de la violation de ces droits de propri\u00e9t\u00e9 intellectuelle et\/ou industrielle, des droits d&rsquo;auteur ou des droits relatifs au respect de la vie priv\u00e9e et de la publicit\u00e9.<\/p>\r\n[\/vc_column_text][\/vc_column][\/vc_row][\/vc_section]<\/div>","protected":false},"excerpt":{"rendered":"[vc_section pix_over_visibility=\u00a0\u00bb\u00a0\u00bb][vc_row full_width=\u00a0\u00bbstretch_row_content\u00a0\u00bb pix_particles_check=\u00a0\u00bb\u00a0\u00bb el_class=\u00a0\u00bbrow-mentions\u00a0\u00bb][vc_column][vc_column_text el_class=\u00a0\u00bbtitle-block row-mentions-title\u00a0\u00bb] Mentions l\u00e9gales [\/vc_column_text][vc_column_text el_class=\u00a0\u00bbparagraph-black\u00a0\u00bb] Vous \u00eates actuellement connect\u00e9 au site \u00ab\u00a0www.cognac-gautier.com\u00a0\u00bb publi\u00e9 par COGNAC GAUTIER, soci\u00e9t\u00e9 par actions simplifi\u00e9e, immatricul\u00e9e au RCS d&rsquo;Angoul\u00eame sous le n\u00b0 611 820 390, dont le si\u00e8ge social&#8230;","protected":false},"author":1,"featured_media":0,"parent":0,"menu_order":80,"comment_status":"closed","ping_status":"closed","template":"","meta":{"_acf_changed":false,"inline_featured_image":false,"footnotes":""},"class_list":["post-1259","page","type-page","status-publish","hentry"],"acf":[],"yoast_head":"<!-- This site is optimized with the Yoast SEO plugin v27.4 - https:\/\/yoast.com\/product\/yoast-seo-wordpress\/ -->\n<title>Mentions l\u00e9gales - Gautier Cognac<\/title>\n<meta name=\"robots\" content=\"index, follow, max-snippet:-1, max-image-preview:large, max-video-preview:-1\" \/>\n<link rel=\"canonical\" href=\"https:\/\/cognac-gautier.com\/fr\/mentions-legales\" \/>\n<meta property=\"og:locale\" content=\"fr_FR\" \/>\n<meta property=\"og:type\" content=\"article\" \/>\n<meta property=\"og:title\" content=\"Mentions l\u00e9gales - Gautier Cognac\" \/>\n<meta property=\"og:description\" content=\"[vc_section pix_over_visibility=\u00a0\u00bb\u00a0\u00bb][vc_row full_width=\u00a0\u00bbstretch_row_content\u00a0\u00bb pix_particles_check=\u00a0\u00bb\u00a0\u00bb el_class=\u00a0\u00bbrow-mentions\u00a0\u00bb][vc_column][vc_column_text el_class=\u00a0\u00bbtitle-block row-mentions-title\u00a0\u00bb] Mentions l\u00e9gales [\/vc_column_text][vc_column_text el_class=\u00a0\u00bbparagraph-black\u00a0\u00bb] Vous \u00eates actuellement connect\u00e9 au site \u00ab\u00a0www.cognac-gautier.com\u00a0\u00bb publi\u00e9 par COGNAC GAUTIER, soci\u00e9t\u00e9 par actions simplifi\u00e9e, immatricul\u00e9e au RCS d&rsquo;Angoul\u00eame sous le n\u00b0 611 820 390, dont le si\u00e8ge social...\" \/>\n<meta property=\"og:url\" content=\"https:\/\/cognac-gautier.com\/fr\/mentions-legales\" \/>\n<meta property=\"og:site_name\" content=\"Gautier Cognac\" \/>\n<meta property=\"article:modified_time\" content=\"2023-03-06T17:28:02+00:00\" \/>\n<meta name=\"twitter:card\" content=\"summary_large_image\" \/>\n<meta name=\"twitter:label1\" content=\"Dur\u00e9e de lecture estim\u00e9e\" \/>\n\t<meta name=\"twitter:data1\" content=\"3 minutes\" \/>\n<script type=\"application\/ld+json\" class=\"yoast-schema-graph\">{\"@context\":\"https:\\\/\\\/schema.org\",\"@graph\":[{\"@type\":\"WebPage\",\"@id\":\"https:\\\/\\\/cognac-gautier.com\\\/fr\\\/mentions-legales\",\"url\":\"https:\\\/\\\/cognac-gautier.com\\\/fr\\\/mentions-legales\",\"name\":\"Mentions l\u00e9gales - Gautier Cognac\",\"isPartOf\":{\"@id\":\"https:\\\/\\\/cognac-gautier.com\\\/#website\"},\"datePublished\":\"2022-12-20T11:50:41+00:00\",\"dateModified\":\"2023-03-06T17:28:02+00:00\",\"inLanguage\":\"fr-FR\",\"potentialAction\":[{\"@type\":\"ReadAction\",\"target\":[\"https:\\\/\\\/cognac-gautier.com\\\/fr\\\/mentions-legales\"]}]},{\"@type\":\"WebSite\",\"@id\":\"https:\\\/\\\/cognac-gautier.com\\\/#website\",\"url\":\"https:\\\/\\\/cognac-gautier.com\\\/\",\"name\":\"Gautier Cognac\",\"description\":\"\",\"publisher\":{\"@id\":\"https:\\\/\\\/cognac-gautier.com\\\/#organization\"},\"potentialAction\":[{\"@type\":\"SearchAction\",\"target\":{\"@type\":\"EntryPoint\",\"urlTemplate\":\"https:\\\/\\\/cognac-gautier.com\\\/?s={search_term_string}\"},\"query-input\":{\"@type\":\"PropertyValueSpecification\",\"valueRequired\":true,\"valueName\":\"search_term_string\"}}],\"inLanguage\":\"fr-FR\"},{\"@type\":\"Organization\",\"@id\":\"https:\\\/\\\/cognac-gautier.com\\\/#organization\",\"name\":\"Gautier Cognac\",\"url\":\"https:\\\/\\\/cognac-gautier.com\\\/\",\"logo\":{\"@type\":\"ImageObject\",\"inLanguage\":\"fr-FR\",\"@id\":\"https:\\\/\\\/cognac-gautier.com\\\/#\\\/schema\\\/logo\\\/image\\\/\",\"url\":\"https:\\\/\\\/cognac-gautier.com\\\/wp-content\\\/uploads\\\/2022\\\/11\\\/logo.svg\",\"contentUrl\":\"https:\\\/\\\/cognac-gautier.com\\\/wp-content\\\/uploads\\\/2022\\\/11\\\/logo.svg\",\"width\":195,\"height\":112,\"caption\":\"Gautier Cognac\"},\"image\":{\"@id\":\"https:\\\/\\\/cognac-gautier.com\\\/#\\\/schema\\\/logo\\\/image\\\/\"}}]}<\/script>\n<!-- \/ Yoast SEO plugin. -->","yoast_head_json":{"title":"Mentions l\u00e9gales - Gautier Cognac","robots":{"index":"index","follow":"follow","max-snippet":"max-snippet:-1","max-image-preview":"max-image-preview:large","max-video-preview":"max-video-preview:-1"},"canonical":"https:\/\/cognac-gautier.com\/fr\/mentions-legales","og_locale":"fr_FR","og_type":"article","og_title":"Mentions l\u00e9gales - Gautier Cognac","og_description":"[vc_section pix_over_visibility=\u00a0\u00bb\u00a0\u00bb][vc_row full_width=\u00a0\u00bbstretch_row_content\u00a0\u00bb pix_particles_check=\u00a0\u00bb\u00a0\u00bb el_class=\u00a0\u00bbrow-mentions\u00a0\u00bb][vc_column][vc_column_text el_class=\u00a0\u00bbtitle-block row-mentions-title\u00a0\u00bb] Mentions l\u00e9gales [\/vc_column_text][vc_column_text el_class=\u00a0\u00bbparagraph-black\u00a0\u00bb] Vous \u00eates actuellement connect\u00e9 au site \u00ab\u00a0www.cognac-gautier.com\u00a0\u00bb publi\u00e9 par COGNAC GAUTIER, soci\u00e9t\u00e9 par actions simplifi\u00e9e, immatricul\u00e9e au RCS d&rsquo;Angoul\u00eame sous le n\u00b0 611 820 390, dont le si\u00e8ge social...","og_url":"https:\/\/cognac-gautier.com\/fr\/mentions-legales","og_site_name":"Gautier Cognac","article_modified_time":"2023-03-06T17:28:02+00:00","twitter_card":"summary_large_image","twitter_misc":{"Dur\u00e9e de lecture estim\u00e9e":"3 minutes"},"schema":{"@context":"https:\/\/schema.org","@graph":[{"@type":"WebPage","@id":"https:\/\/cognac-gautier.com\/fr\/mentions-legales","url":"https:\/\/cognac-gautier.com\/fr\/mentions-legales","name":"Mentions l\u00e9gales - Gautier Cognac","isPartOf":{"@id":"https:\/\/cognac-gautier.com\/#website"},"datePublished":"2022-12-20T11:50:41+00:00","dateModified":"2023-03-06T17:28:02+00:00","inLanguage":"fr-FR","potentialAction":[{"@type":"ReadAction","target":["https:\/\/cognac-gautier.com\/fr\/mentions-legales"]}]},{"@type":"WebSite","@id":"https:\/\/cognac-gautier.com\/#website","url":"https:\/\/cognac-gautier.com\/","name":"Gautier Cognac","description":"","publisher":{"@id":"https:\/\/cognac-gautier.com\/#organization"},"potentialAction":[{"@type":"SearchAction","target":{"@type":"EntryPoint","urlTemplate":"https:\/\/cognac-gautier.com\/?s={search_term_string}"},"query-input":{"@type":"PropertyValueSpecification","valueRequired":true,"valueName":"search_term_string"}}],"inLanguage":"fr-FR"},{"@type":"Organization","@id":"https:\/\/cognac-gautier.com\/#organization","name":"Gautier Cognac","url":"https:\/\/cognac-gautier.com\/","logo":{"@type":"ImageObject","inLanguage":"fr-FR","@id":"https:\/\/cognac-gautier.com\/#\/schema\/logo\/image\/","url":"https:\/\/cognac-gautier.com\/wp-content\/uploads\/2022\/11\/logo.svg","contentUrl":"https:\/\/cognac-gautier.com\/wp-content\/uploads\/2022\/11\/logo.svg","width":195,"height":112,"caption":"Gautier Cognac"},"image":{"@id":"https:\/\/cognac-gautier.com\/#\/schema\/logo\/image\/"}}]}},"_links":{"self":[{"href":"https:\/\/cognac-gautier.com\/fr\/wp-json\/wp\/v2\/pages\/1259","targetHints":{"allow":["GET"]}}],"collection":[{"href":"https:\/\/cognac-gautier.com\/fr\/wp-json\/wp\/v2\/pages"}],"about":[{"href":"https:\/\/cognac-gautier.com\/fr\/wp-json\/wp\/v2\/types\/page"}],"author":[{"embeddable":true,"href":"https:\/\/cognac-gautier.com\/fr\/wp-json\/wp\/v2\/users\/1"}],"replies":[{"embeddable":true,"href":"https:\/\/cognac-gautier.com\/fr\/wp-json\/wp\/v2\/comments?post=1259"}],"version-history":[{"count":0,"href":"https:\/\/cognac-gautier.com\/fr\/wp-json\/wp\/v2\/pages\/1259\/revisions"}],"wp:attachment":[{"href":"https:\/\/cognac-gautier.com\/fr\/wp-json\/wp\/v2\/media?parent=1259"}],"curies":[{"name":"wp","href":"https:\/\/api.w.org\/{rel}","templated":true}]}}