{"id":1243,"date":"2022-12-05T11:34:02","date_gmt":"2022-12-05T11:34:02","guid":{"rendered":"https:\/\/cognac-gautier.com\/visitez-notre-maison"},"modified":"2025-10-02T16:26:30","modified_gmt":"2025-10-02T16:26:30","slug":"visitez-notre-maison","status":"publish","type":"page","link":"https:\/\/cognac-gautier.com\/fr\/visitez-notre-maison","title":{"rendered":"Visitez notre maison"},"content":{"rendered":"<div class=\"wpb-content-wrapper\">[vc_section full_width=\u00a0\u00bbstretch_row_content\u00a0\u00bb pix_over_visibility=\u00a0\u00bb\u00a0\u00bb el_class=\u00a0\u00bbrow-visits-section\u00a0\u00bb][vc_row pix_particles_check=\u00a0\u00bb\u00a0\u00bb el_class=\u00a0\u00bbrow-visits\u00a0\u00bb][vc_column][vc_column_text el_class=\u00a0\u00bbtitle-block visit-title\u00a0\u00bb]\r\n<h1 style=\"text-align: center;\">D\u00e9couvrez notre maison<\/h1>\r\n[\/vc_column_text][vc_single_image image=\u00a0\u00bb197&Prime; img_size=\u00a0\u00bbfull\u00a0\u00bb alignment=\u00a0\u00bbcenter\u00a0\u00bb el_class=\u00a0\u00bbvisit-image\u00a0\u00bb][\/vc_column][\/vc_row][\/vc_section][vc_section full_width=\u00a0\u00bbstretch_row_content\u00a0\u00bb pix_over_visibility=\u00a0\u00bb\u00a0\u00bb el_class=\u00a0\u00bbrow-visits-section\u00a0\u00bb][vc_row pix_particles_check=\u00a0\u00bb\u00a0\u00bb el_class=\u00a0\u00bbrow-visits\u00a0\u00bb][vc_column el_class=\u00a0\u00bbbloc-description\u00a0\u00bb][vc_row_inner el_class=\u00a0\u00bbbloc-description-images\u00a0\u00bb][vc_column_inner el_class=\u00a0\u00bbbloc-description-images-section\u00a0\u00bb][vc_single_image image=\u00a0\u00bb687&Prime; img_size=\u00a0\u00bbfull\u00a0\u00bb][vc_single_image image=\u00a0\u00bb685&Prime; img_size=\u00a0\u00bbfull\u00a0\u00bb][\/vc_column_inner][\/vc_row_inner][vc_row_inner el_class=\u00a0\u00bbbloc-description-content\u00a0\u00bb][vc_column_inner][vc_column_text el_class=\u00a0\u00bbtitle-block\u00a0\u00bb]\r\n<h2 style=\"text-align: left;\">Notre centre de visites<\/h2>\r\n[\/vc_column_text][vc_column_text el_class=\u00a0\u00bbparagraph-black\u00a0\u00bb]Au cours d&rsquo;une visite d&rsquo;1h30, vous aurez la chance de d\u00e9couvrir l&rsquo;atmosph\u00e8re unique de la Maison Gautier et presque tous ses secrets !\r\n<ul>\r\n \t<li>Embarquez pour un voyage \u00e0 travers l&rsquo;histoire du cognac et de g\u00e9n\u00e9rations de fabricants de cognac Gautier.<\/li>\r\n \t<li>Promenez-vous dans les chais de la maison, au-dessus de la <strong>rivi\u00e8re de l&rsquo;Osme<\/strong>, o\u00f9 vous d\u00e9couvrirez notre savoir-faire et ce qui rend nos cognacs si uniques.<\/li>\r\n \t<li>Entrez dans notre chai Paradis et plongez dans notre patrimoine avec nos plus anciennes <em>eaux-de-vie<\/em>.<\/li>\r\n \t<li>Terminez la visite par <strong>une d\u00e9gustation<\/strong> de nos cognacs.<\/li>\r\n<\/ul>\r\n[\/vc_column_text][\/vc_column_inner][\/vc_row_inner][\/vc_column][\/vc_row][\/vc_section][vc_section full_width=\u00a0\u00bbstretch_row_content\u00a0\u00bb pix_over_visibility=\u00a0\u00bb\u00a0\u00bb el_class=\u00a0\u00bbbloc-images-blocs\u00a0\u00bb][vc_row pix_particles_check=\u00a0\u00bb\u00a0\u00bb el_class=\u00a0\u00bbrow-images-blocs\u00a0\u00bb][vc_column el_class=\u00a0\u00bbbloc-description\u00a0\u00bb][vc_single_image image=\u00a0\u00bb538&Prime; img_size=\u00a0\u00bbfull\u00a0\u00bb][vc_single_image image=\u00a0\u00bb763&Prime; img_size=\u00a0\u00bbfull\u00a0\u00bb][vc_single_image image=\u00a0\u00bb785&Prime; img_size=\u00a0\u00bbfull\u00a0\u00bb][\/vc_column][\/vc_row][\/vc_section][vc_section full_width=\u00a0\u00bbstretch_row_content\u00a0\u00bb pix_over_visibility=\u00a0\u00bb\u00a0\u00bb el_class=\u00a0\u00bbrow-visits-section row-visits-section-map\u00a0\u00bb][vc_row pix_particles_check=\u00a0\u00bb\u00a0\u00bb el_class=\u00a0\u00bbrow-visits\u00a0\u00bb][vc_column el_class=\u00a0\u00bbbloc-description w-map\u00a0\u00bb][vc_row_inner el_class=\u00a0\u00bbbloc-visit-content\u00a0\u00bb][vc_column_inner][vc_column_text el_class=\u00a0\u00bbtitle-block\u00a0\u00bb]\r\n<h2 style=\"text-align: left;\">Visites<\/h2>\r\n[\/vc_column_text][vc_column_text css=\u00a0\u00bb\u00a0\u00bb el_class=\u00a0\u00bbparagraph-black\u00a0\u00bb]Les visites (fran\u00e7ais\/anglais) sont possibles du mardi au vendredi \u00e0 10h00 ou 14h30 et le samedi \u00e0 10h30 ou 14h00.\r\n\r\nOuverture de la boutique : du mardi au samedi\r\nDu mardi au vendredi\r\n9h30-12h30 \/ 14h-18h\r\nLe samedi\r\n10h-12h30 \/ 13h30-16h\r\n\r\nVisite et d\u00e9gustation sur rendez-vous uniquement.\r\n\r\nLa boutique sera ouverte : le vendredi 15 ao\u00fbt 2025, le mardi 15 novembre 2025[\/vc_column_text][vc_column_text el_class=\u00a0\u00bbtitle-block\u00a0\u00bb]\r\n<h3 style=\"text-align: left;\">Comment s&rsquo;y rendre ?<\/h3>\r\n[\/vc_column_text][vc_column_text el_class=\u00a0\u00bbparagraph-black\u00a0\u00bb]La Maison Gautier est situ\u00e9e dans la ville d&rsquo;Aigre, \u00e0 40 minutes de route de Cognac.\r\n<p style=\"text-align: left;\">Maison Gautier\r\nEntr\u00e9e n\u00b01\r\n28 rue des Ponts\r\n16140 AIGRE\r\nFrance\r\nTel : +33 5 45 21 58 67\r\nMail : cognacgautier.accueil@mbws.com<\/p>\r\n[\/vc_column_text][\/vc_column_inner][\/vc_row_inner][vc_row_inner el_class=\u00a0\u00bbbloc-visit-map\u00a0\u00bb][vc_column_inner][vc_raw_html]PGlmcmFtZSBzcmM9Imh0dHBzOi8vd3d3Lmdvb2dsZS5jb20vbWFwcy9lbWJlZD9wYj0hMW0xOCExbTEyITFtMyExZDExMTA3LjIwMzA5NjIwMzY1MiEyZDAuMDA0MjcwMzY5Nzc1MzkwNjI5ITNkNDUuODk1Mjk3NTAwMDAwMDIhMm0zITFmMCEyZjAhM2YwITNtMiExaTEwMjQhMmk3NjghNGYxMy4xITNtMyExbTIhMXMweDQ3ZmUyMDFhNmM2YzU1ZWYlM0EweGY2YjIxZjMzODE5ZGFhNmMhMnMyOCUyMFJ1ZSUyMGRlcyUyMFBvbnRzJTJDJTIwMTYxNDAlMjBBaWdyZSE1ZTAhM20yITFzZnIhMnNmciE0djE2NzA0MjA1MjcxMjIhNW0yITFzZnIhMnNmciIgd2lkdGg9IjYwMCIgaGVpZ2h0PSI0NTAiIHN0eWxlPSJib3JkZXI6MDsiIGFsbG93ZnVsbHNjcmVlbj0iIiBsb2FkaW5nPSJsYXp5IiByZWZlcnJlcnBvbGljeT0ibm8tcmVmZXJyZXItd2hlbi1kb3duZ3JhZGUiPjwvaWZyYW1lPg==[\/vc_raw_html][\/vc_column_inner][\/vc_row_inner][\/vc_column][\/vc_row][\/vc_section][vc_section full_width=\u00a0\u00bbstretch_row_content\u00a0\u00bb pix_over_visibility=\u00a0\u00bb\u00a0\u00bb el_class=\u00a0\u00bbrow-book-visit-section\u00a0\u00bb][vc_row pix_particles_check=\u00a0\u00bb\u00a0\u00bb el_class=\u00a0\u00bbrow-visits bloc-contact\u00a0\u00bb][vc_column el_class=\u00a0\u00bbbloc-description w-form\u00a0\u00bb][vc_row_inner el_class=\u00a0\u00bbbloc-contact-image\u00a0\u00bb][vc_column_inner][vc_single_image image=\u00a0\u00bb217&Prime; img_size=\u00a0\u00bbfull\u00a0\u00bb][\/vc_column_inner][\/vc_row_inner][vc_row_inner disable_element=\u00a0\u00bbyes\u00a0\u00bb el_class=\u00a0\u00bbbloc-contact-content\u00a0\u00bb][vc_column_inner][vc_column_text el_class=\u00a0\u00bbtitle-block paragraph-black\u00a0\u00bb]\r\n<h2 style=\"text-align: center;\">R\u00e9servez votre visite !<\/h2>\r\n[\/vc_column_text]\n<div class=\"wpcf7 no-js\" id=\"wpcf7-f6-o1\" lang=\"fr-FR\" dir=\"ltr\" data-wpcf7-id=\"6\">\n<div class=\"screen-reader-response\"><p role=\"status\" aria-live=\"polite\" aria-atomic=\"true\"><\/p> <ul><\/ul><\/div>\n<form action=\"\/fr\/wp-json\/wp\/v2\/pages\/1243#wpcf7-f6-o1\" method=\"post\" class=\"wpcf7-form init\" aria-label=\"Formulaire de contact\" novalidate=\"novalidate\" data-status=\"init\">\n<fieldset class=\"hidden-fields-container\"><input type=\"hidden\" name=\"_wpcf7\" value=\"6\" \/><input type=\"hidden\" name=\"_wpcf7_version\" value=\"6.1.5\" \/><input type=\"hidden\" name=\"_wpcf7_locale\" value=\"fr_FR\" \/><input type=\"hidden\" name=\"_wpcf7_unit_tag\" value=\"wpcf7-f6-o1\" \/><input type=\"hidden\" name=\"_wpcf7_container_post\" value=\"0\" \/><input type=\"hidden\" name=\"_wpcf7_posted_data_hash\" value=\"\" \/><input type=\"hidden\" name=\"_wpcf7_recaptcha_response\" value=\"\" \/>\n<\/fieldset>\n<div class=\"pix-contact7-form\"><div class=\"form-row\">\n\t<div class=\"form-item\">\n\t\t<p><label style='color: #005F62;'> <\/label><label class=\"form-label\">First name<\/label><br \/>\n<span class=\"wpcf7-form-control-wrap\" data-name=\"your-name\"><input size=\"40\" maxlength=\"400\" class=\"wpcf7-form-control wpcf7-text wpcf7-validates-as-required\" aria-required=\"true\" aria-invalid=\"false\" placeholder=\"First name\" value=\"\" type=\"text\" name=\"your-name\" \/><\/span>\n\t\t<\/p>\n\t\t<p><label style='color: #005F62;'> <\/label><label class=\"form-label\">Name<\/label><br \/>\n<span class=\"wpcf7-form-control-wrap\" data-name=\"your-last-name\"><input size=\"40\" maxlength=\"400\" class=\"wpcf7-form-control wpcf7-text wpcf7-validates-as-required\" aria-required=\"true\" aria-invalid=\"false\" placeholder=\"Name\" value=\"\" type=\"text\" name=\"your-last-name\" \/><\/span>\n\t\t<\/p>\n\t<\/div>\n\t<div class=\"form-item\">\n\t\t<p><label style='color: #005F62;'> <\/label><label class=\"form-label\">Email address<\/label><br \/>\n<span class=\"wpcf7-form-control-wrap\" data-name=\"your-email\"><input size=\"40\" maxlength=\"400\" class=\"wpcf7-form-control wpcf7-email wpcf7-validates-as-required wpcf7-text wpcf7-validates-as-email\" aria-required=\"true\" aria-invalid=\"false\" placeholder=\"Email address\" value=\"\" type=\"email\" name=\"your-email\" \/><\/span>\n\t\t<\/p>\n\t\t<p><label style='color: #005F62;'> <\/label><label class=\"form-label\">Phone number<\/label><br \/>\n<span class=\"wpcf7-form-control-wrap\" data-name=\"your-phone\"><input size=\"40\" maxlength=\"400\" class=\"wpcf7-form-control wpcf7-text wpcf7-validates-as-required\" aria-required=\"true\" aria-invalid=\"false\" placeholder=\"Phone number\" value=\"\" type=\"text\" name=\"your-phone\" \/><\/span>\n\t\t<\/p>\n\t<\/div>\n\t<div class=\"form-item\">\n\t\t<p><label style='color: #005F62;'> <\/label><label class=\"form-label\">Booking date<\/label><br \/>\n<span class=\"wpcf7-form-control-wrap\" data-name=\"booking-date\"><input class=\"wpcf7-form-control wpcf7-date wpcf7-validates-as-required wpcf7-validates-as-date\" aria-required=\"true\" aria-invalid=\"false\" placeholder=\"MM\/DD\/YYYY\" value=\"\" type=\"date\" name=\"booking-date\" \/><\/span>\n\t\t<\/p>\n\t\t<p><label style='color: #005F62;'> <\/label><label class=\"form-label\">Booking Hour<\/label><br \/>\n<span class=\"wpcf7-form-control-wrap\" data-name=\"booking-hour\"><select class=\"wpcf7-form-control wpcf7-select\" aria-invalid=\"false\" name=\"booking-hour\"><option value=\"10:00 am\">10:00 am<\/option><option value=\"2:30 pm\">2:30 pm<\/option><\/select><\/span>\n\t\t<\/p>\n\t<\/div>\n\t<div class=\"form-row-message\">\n\t\t<div class=\"form-item\">\n\t\t\t<p><label style='color: #005F62;'> <\/label><label class=\"form-label\">Your Message<\/label><br \/>\n<span class=\"wpcf7-form-control-wrap\" data-name=\"your-message\"><textarea cols=\"40\" rows=\"10\" maxlength=\"2000\" class=\"wpcf7-form-control wpcf7-textarea wpcf7-validates-as-required\" aria-required=\"true\" aria-invalid=\"false\" placeholder=\"Your Message\" name=\"your-message\"><\/textarea><\/span>\n\t\t\t<\/p>\n\t\t<\/div>\n\t<\/div>\n\t<div class=\"button-submit-contact \">\n\t\t<p><input class=\"wpcf7-form-control wpcf7-submit has-spinner\" type=\"submit\" value=\"Send reservation request\" \/>\n\t\t<\/p>\n\t<\/div>\n<\/div><\/div><div class=\"wpcf7-response-output\" aria-hidden=\"true\"><\/div>\n<\/form>\n<\/div>\n[\/vc_column_inner][\/vc_row_inner][vc_row_inner el_class=\u00a0\u00bbbloc-contact-content\u00a0\u00bb][vc_column_inner][vc_column_text el_class=\u00a0\u00bbtitle-block paragraph-black\u00a0\u00bb]\r\n<h2 style=\"text-align: center;\">R\u00e9servez votre visite !<\/h2>\r\n[\/vc_column_text][vc_column_text css=\u00a0\u00bb\u00a0\u00bb el_class=\u00a0\u00bbbooking-visit\u00a0\u00bb]<!--\nPlugin Name: Bookly - Responsive WordPress Appointment Booking and Scheduling Plugin\nPlugin URI: https:\/\/www.booking-wp-plugin.com\/?utm_source=bookly_admin&utm_medium=plugins_page&utm_campaign=plugins_page\nVersion: 25.6-->\n<style type=\"text\/css\">\n    :root {\n        --bookly-main-color: #005f62 !important;\n        --bookly-color: #005f62 !important;\n    }\n\n    <\/style><div class=\"bookly-css-root\">\n    <div id=\"bookly-form-69d652d92eb7e\" class=\"bookly-form\" data-form_id=\"69d652d92eb7e\" aria-live=\"polite\">\n        <div style=\"text-align: center\"><img decoding=\"async\" src=\"https:\/\/cognac-gautier.com\/wp-includes\/js\/tinymce\/skins\/lightgray\/img\/loader.gif\" alt=\"Chargement...\"\/><\/div>\n    <\/div>\n<\/div>\n    <div class=\"powered-by-bookly\">Cr\u00e9\u00e9 par        <a href=\"https:\/\/www.booking-wp-plugin.com\/?utm_source=referral&utm_medium=booking_widget\" target=\"_blank\">Bookly<\/a> \u2014\n        <a href=\"https:\/\/www.booking-wp-plugin.com\/?utm_source=referral&utm_medium=booking_widget\" target=\"_blank\">WordPress Booking Plugin<\/a>\n    <\/div>\n<script type=\"text\/javascript\">\n    (function (win, fn) {\n        var done = false, top = true,\n            doc = win.document,\n            root = doc.documentElement,\n            modern = doc.addEventListener,\n            add = modern ? 'addEventListener' : 'attachEvent',\n            rem = modern ? 'removeEventListener' : 'detachEvent',\n            pre = modern ? '' : 'on',\n            init = function (e) {\n                if (e.type == 'readystatechange') if (doc.readyState != 'complete') return;\n                (e.type == 'load' ? win : doc)[rem](pre + e.type, init, false);\n                if (!done) {\n                    done = true;\n                    fn.call(win, e.type || e);\n                }\n            },\n            poll = function () {\n                try {\n                    root.doScroll('left');\n                } catch (e) {\n                    setTimeout(poll, 50);\n                    return;\n                }\n                init('poll');\n            };\n        if (doc.readyState == 'complete') fn.call(win, 'lazy');\n        else {\n            if (!modern) if (root.doScroll) {\n                try {\n                    top = !win.frameElement;\n                } catch (e) {\n                }\n                if (top) poll();\n            }\n            doc[add](pre + 'DOMContentLoaded', init, false);\n            doc[add](pre + 'readystatechange', init, false);\n            win[add](pre + 'load', init, false);\n        }\n    })(window, function () {\n        window.bookly( {\"form_id\":\"69d652d92eb7e\",\"status\":{\"booking\":\"new\"},\"skip_steps\":{\"service_part1\":0,\"service_part2\":1,\"extras\":1,\"time\":0,\"repeat\":1,\"cart\":1},\"errors\":{\"session_error\":\"Erreur Session.\",\"form_id_error\":\"ID Formulaire d'erreur.\",\"cart_item_not_available\":\"The selected time slot is no longer available. Please choose another.\",\"pay_locally_not_available\":\"Le paiement local n'est pas disponible.\",\"invalid_gateway\":\"Portail invalide.\",\"payment_error\":\"Erreur\",\"incorrect_username_password\":\"Identifiant ou mot de passe incorrect.\"},\"form_attributes\":{\"hide_categories\":true,\"hide_services\":false,\"hide_staff_members\":true,\"show_number_of_persons\":true,\"hide_service_duration\":true,\"hide_locations\":true,\"hide_quantity\":true,\"hide_date\":true,\"hide_week_days\":true,\"hide_time_range\":true,\"const_category_id\":-1},\"use_client_time_zone\":0,\"defaults\":{\"service_id\":1,\"staff_id\":0,\"location_id\":0,\"category_id\":-1},\"datepicker_mode\":\"text-accent\",\"facebook\":{\"enabled\":0,\"appId\":\"\"}} );\n    });\n<\/script>[\/vc_column_text][\/vc_column_inner][\/vc_row_inner][\/vc_column][\/vc_row][\/vc_section]<\/div>","protected":false},"excerpt":{"rendered":"[vc_section full_width=\u00a0\u00bbstretch_row_content\u00a0\u00bb pix_over_visibility=\u00a0\u00bb\u00a0\u00bb el_class=\u00a0\u00bbrow-visits-section\u00a0\u00bb][vc_row pix_particles_check=\u00a0\u00bb\u00a0\u00bb el_class=\u00a0\u00bbrow-visits\u00a0\u00bb][vc_column][vc_column_text el_class=\u00a0\u00bbtitle-block visit-title\u00a0\u00bb] D\u00e9couvrez notre maison [\/vc_column_text][vc_single_image image=\u00a0\u00bb197&Prime; img_size=\u00a0\u00bbfull\u00a0\u00bb alignment=\u00a0\u00bbcenter\u00a0\u00bb el_class=\u00a0\u00bbvisit-image\u00a0\u00bb][\/vc_column][\/vc_row][\/vc_section][vc_section full_width=\u00a0\u00bbstretch_row_content\u00a0\u00bb pix_over_visibility=\u00a0\u00bb\u00a0\u00bb el_class=\u00a0\u00bbrow-visits-section\u00a0\u00bb][vc_row pix_particles_check=\u00a0\u00bb\u00a0\u00bb el_class=\u00a0\u00bbrow-visits\u00a0\u00bb][vc_column el_class=\u00a0\u00bbbloc-description\u00a0\u00bb][vc_row_inner el_class=\u00a0\u00bbbloc-description-images\u00a0\u00bb][vc_column_inner el_class=\u00a0\u00bbbloc-description-images-section\u00a0\u00bb][vc_single_image image=\u00a0\u00bb687&Prime; img_size=\u00a0\u00bbfull\u00a0\u00bb][vc_single_image image=\u00a0\u00bb685&Prime; img_size=\u00a0\u00bbfull\u00a0\u00bb][\/vc_column_inner][\/vc_row_inner][vc_row_inner el_class=\u00a0\u00bbbloc-description-content\u00a0\u00bb][vc_column_inner][vc_column_text el_class=\u00a0\u00bbtitle-block\u00a0\u00bb] Notre centre de visites [\/vc_column_text][vc_column_text el_class=\u00a0\u00bbparagraph-black\u00a0\u00bb]Au cours d&rsquo;une visite d&rsquo;1h30,&#8230;","protected":false},"author":1,"featured_media":0,"parent":0,"menu_order":50,"comment_status":"closed","ping_status":"closed","template":"","meta":{"_acf_changed":false,"inline_featured_image":false,"footnotes":""},"class_list":["post-1243","page","type-page","status-publish","hentry"],"acf":[],"yoast_head":"<!-- This site is optimized with the Yoast SEO plugin v27.3 - https:\/\/yoast.com\/product\/yoast-seo-wordpress\/ -->\n<title>Visitez notre maison - Gautier Cognac<\/title>\n<meta name=\"robots\" content=\"index, follow, max-snippet:-1, max-image-preview:large, max-video-preview:-1\" \/>\n<link rel=\"canonical\" href=\"https:\/\/cognac-gautier.com\/fr\/visitez-notre-maison\" \/>\n<meta property=\"og:locale\" content=\"fr_FR\" \/>\n<meta property=\"og:type\" content=\"article\" \/>\n<meta property=\"og:title\" content=\"Visitez notre maison - Gautier Cognac\" \/>\n<meta property=\"og:description\" content=\"[vc_section full_width=\u00a0\u00bbstretch_row_content\u00a0\u00bb pix_over_visibility=\u00a0\u00bb\u00a0\u00bb el_class=\u00a0\u00bbrow-visits-section\u00a0\u00bb][vc_row pix_particles_check=\u00a0\u00bb\u00a0\u00bb el_class=\u00a0\u00bbrow-visits\u00a0\u00bb][vc_column][vc_column_text el_class=\u00a0\u00bbtitle-block visit-title\u00a0\u00bb] D\u00e9couvrez notre maison [\/vc_column_text][vc_single_image image=\u00a0\u00bb197&Prime; img_size=\u00a0\u00bbfull\u00a0\u00bb alignment=\u00a0\u00bbcenter\u00a0\u00bb el_class=\u00a0\u00bbvisit-image\u00a0\u00bb][\/vc_column][\/vc_row][\/vc_section][vc_section full_width=\u00a0\u00bbstretch_row_content\u00a0\u00bb pix_over_visibility=\u00a0\u00bb\u00a0\u00bb el_class=\u00a0\u00bbrow-visits-section\u00a0\u00bb][vc_row pix_particles_check=\u00a0\u00bb\u00a0\u00bb el_class=\u00a0\u00bbrow-visits\u00a0\u00bb][vc_column el_class=\u00a0\u00bbbloc-description\u00a0\u00bb][vc_row_inner el_class=\u00a0\u00bbbloc-description-images\u00a0\u00bb][vc_column_inner el_class=\u00a0\u00bbbloc-description-images-section\u00a0\u00bb][vc_single_image image=\u00a0\u00bb687&Prime; img_size=\u00a0\u00bbfull\u00a0\u00bb][vc_single_image image=\u00a0\u00bb685&Prime; img_size=\u00a0\u00bbfull\u00a0\u00bb][\/vc_column_inner][\/vc_row_inner][vc_row_inner el_class=\u00a0\u00bbbloc-description-content\u00a0\u00bb][vc_column_inner][vc_column_text el_class=\u00a0\u00bbtitle-block\u00a0\u00bb] Notre centre de visites [\/vc_column_text][vc_column_text el_class=\u00a0\u00bbparagraph-black\u00a0\u00bb]Au cours d&rsquo;une visite d&rsquo;1h30,...\" \/>\n<meta property=\"og:url\" content=\"https:\/\/cognac-gautier.com\/fr\/visitez-notre-maison\" \/>\n<meta property=\"og:site_name\" content=\"Gautier Cognac\" \/>\n<meta property=\"article:modified_time\" content=\"2025-10-02T16:26:30+00:00\" \/>\n<meta name=\"twitter:card\" content=\"summary_large_image\" \/>\n<meta name=\"twitter:label1\" content=\"Dur\u00e9e de lecture estim\u00e9e\" \/>\n\t<meta name=\"twitter:data1\" content=\"3 minutes\" \/>\n<script type=\"application\/ld+json\" class=\"yoast-schema-graph\">{\"@context\":\"https:\\\/\\\/schema.org\",\"@graph\":[{\"@type\":\"WebPage\",\"@id\":\"https:\\\/\\\/cognac-gautier.com\\\/fr\\\/visitez-notre-maison\",\"url\":\"https:\\\/\\\/cognac-gautier.com\\\/fr\\\/visitez-notre-maison\",\"name\":\"Visitez notre maison - Gautier Cognac\",\"isPartOf\":{\"@id\":\"https:\\\/\\\/cognac-gautier.com\\\/#website\"},\"datePublished\":\"2022-12-05T11:34:02+00:00\",\"dateModified\":\"2025-10-02T16:26:30+00:00\",\"inLanguage\":\"fr-FR\",\"potentialAction\":[{\"@type\":\"ReadAction\",\"target\":[\"https:\\\/\\\/cognac-gautier.com\\\/fr\\\/visitez-notre-maison\"]}]},{\"@type\":\"WebSite\",\"@id\":\"https:\\\/\\\/cognac-gautier.com\\\/#website\",\"url\":\"https:\\\/\\\/cognac-gautier.com\\\/\",\"name\":\"Gautier Cognac\",\"description\":\"\",\"publisher\":{\"@id\":\"https:\\\/\\\/cognac-gautier.com\\\/#organization\"},\"potentialAction\":[{\"@type\":\"SearchAction\",\"target\":{\"@type\":\"EntryPoint\",\"urlTemplate\":\"https:\\\/\\\/cognac-gautier.com\\\/?s={search_term_string}\"},\"query-input\":{\"@type\":\"PropertyValueSpecification\",\"valueRequired\":true,\"valueName\":\"search_term_string\"}}],\"inLanguage\":\"fr-FR\"},{\"@type\":\"Organization\",\"@id\":\"https:\\\/\\\/cognac-gautier.com\\\/#organization\",\"name\":\"Gautier Cognac\",\"url\":\"https:\\\/\\\/cognac-gautier.com\\\/\",\"logo\":{\"@type\":\"ImageObject\",\"inLanguage\":\"fr-FR\",\"@id\":\"https:\\\/\\\/cognac-gautier.com\\\/#\\\/schema\\\/logo\\\/image\\\/\",\"url\":\"https:\\\/\\\/cognac-gautier.com\\\/wp-content\\\/uploads\\\/2022\\\/11\\\/logo.svg\",\"contentUrl\":\"https:\\\/\\\/cognac-gautier.com\\\/wp-content\\\/uploads\\\/2022\\\/11\\\/logo.svg\",\"width\":195,\"height\":112,\"caption\":\"Gautier Cognac\"},\"image\":{\"@id\":\"https:\\\/\\\/cognac-gautier.com\\\/#\\\/schema\\\/logo\\\/image\\\/\"}}]}<\/script>\n<!-- \/ Yoast SEO plugin. -->","yoast_head_json":{"title":"Visitez notre maison - Gautier Cognac","robots":{"index":"index","follow":"follow","max-snippet":"max-snippet:-1","max-image-preview":"max-image-preview:large","max-video-preview":"max-video-preview:-1"},"canonical":"https:\/\/cognac-gautier.com\/fr\/visitez-notre-maison","og_locale":"fr_FR","og_type":"article","og_title":"Visitez notre maison - Gautier Cognac","og_description":"[vc_section full_width=\u00a0\u00bbstretch_row_content\u00a0\u00bb pix_over_visibility=\u00a0\u00bb\u00a0\u00bb el_class=\u00a0\u00bbrow-visits-section\u00a0\u00bb][vc_row pix_particles_check=\u00a0\u00bb\u00a0\u00bb el_class=\u00a0\u00bbrow-visits\u00a0\u00bb][vc_column][vc_column_text el_class=\u00a0\u00bbtitle-block visit-title\u00a0\u00bb] D\u00e9couvrez notre maison [\/vc_column_text][vc_single_image image=\u00a0\u00bb197&Prime; img_size=\u00a0\u00bbfull\u00a0\u00bb alignment=\u00a0\u00bbcenter\u00a0\u00bb el_class=\u00a0\u00bbvisit-image\u00a0\u00bb][\/vc_column][\/vc_row][\/vc_section][vc_section full_width=\u00a0\u00bbstretch_row_content\u00a0\u00bb pix_over_visibility=\u00a0\u00bb\u00a0\u00bb el_class=\u00a0\u00bbrow-visits-section\u00a0\u00bb][vc_row pix_particles_check=\u00a0\u00bb\u00a0\u00bb el_class=\u00a0\u00bbrow-visits\u00a0\u00bb][vc_column el_class=\u00a0\u00bbbloc-description\u00a0\u00bb][vc_row_inner el_class=\u00a0\u00bbbloc-description-images\u00a0\u00bb][vc_column_inner el_class=\u00a0\u00bbbloc-description-images-section\u00a0\u00bb][vc_single_image image=\u00a0\u00bb687&Prime; img_size=\u00a0\u00bbfull\u00a0\u00bb][vc_single_image image=\u00a0\u00bb685&Prime; img_size=\u00a0\u00bbfull\u00a0\u00bb][\/vc_column_inner][\/vc_row_inner][vc_row_inner el_class=\u00a0\u00bbbloc-description-content\u00a0\u00bb][vc_column_inner][vc_column_text el_class=\u00a0\u00bbtitle-block\u00a0\u00bb] Notre centre de visites [\/vc_column_text][vc_column_text el_class=\u00a0\u00bbparagraph-black\u00a0\u00bb]Au cours d&rsquo;une visite d&rsquo;1h30,...","og_url":"https:\/\/cognac-gautier.com\/fr\/visitez-notre-maison","og_site_name":"Gautier Cognac","article_modified_time":"2025-10-02T16:26:30+00:00","twitter_card":"summary_large_image","twitter_misc":{"Dur\u00e9e de lecture estim\u00e9e":"3 minutes"},"schema":{"@context":"https:\/\/schema.org","@graph":[{"@type":"WebPage","@id":"https:\/\/cognac-gautier.com\/fr\/visitez-notre-maison","url":"https:\/\/cognac-gautier.com\/fr\/visitez-notre-maison","name":"Visitez notre maison - Gautier Cognac","isPartOf":{"@id":"https:\/\/cognac-gautier.com\/#website"},"datePublished":"2022-12-05T11:34:02+00:00","dateModified":"2025-10-02T16:26:30+00:00","inLanguage":"fr-FR","potentialAction":[{"@type":"ReadAction","target":["https:\/\/cognac-gautier.com\/fr\/visitez-notre-maison"]}]},{"@type":"WebSite","@id":"https:\/\/cognac-gautier.com\/#website","url":"https:\/\/cognac-gautier.com\/","name":"Gautier Cognac","description":"","publisher":{"@id":"https:\/\/cognac-gautier.com\/#organization"},"potentialAction":[{"@type":"SearchAction","target":{"@type":"EntryPoint","urlTemplate":"https:\/\/cognac-gautier.com\/?s={search_term_string}"},"query-input":{"@type":"PropertyValueSpecification","valueRequired":true,"valueName":"search_term_string"}}],"inLanguage":"fr-FR"},{"@type":"Organization","@id":"https:\/\/cognac-gautier.com\/#organization","name":"Gautier Cognac","url":"https:\/\/cognac-gautier.com\/","logo":{"@type":"ImageObject","inLanguage":"fr-FR","@id":"https:\/\/cognac-gautier.com\/#\/schema\/logo\/image\/","url":"https:\/\/cognac-gautier.com\/wp-content\/uploads\/2022\/11\/logo.svg","contentUrl":"https:\/\/cognac-gautier.com\/wp-content\/uploads\/2022\/11\/logo.svg","width":195,"height":112,"caption":"Gautier Cognac"},"image":{"@id":"https:\/\/cognac-gautier.com\/#\/schema\/logo\/image\/"}}]}},"_links":{"self":[{"href":"https:\/\/cognac-gautier.com\/fr\/wp-json\/wp\/v2\/pages\/1243","targetHints":{"allow":["GET"]}}],"collection":[{"href":"https:\/\/cognac-gautier.com\/fr\/wp-json\/wp\/v2\/pages"}],"about":[{"href":"https:\/\/cognac-gautier.com\/fr\/wp-json\/wp\/v2\/types\/page"}],"author":[{"embeddable":true,"href":"https:\/\/cognac-gautier.com\/fr\/wp-json\/wp\/v2\/users\/1"}],"replies":[{"embeddable":true,"href":"https:\/\/cognac-gautier.com\/fr\/wp-json\/wp\/v2\/comments?post=1243"}],"version-history":[{"count":8,"href":"https:\/\/cognac-gautier.com\/fr\/wp-json\/wp\/v2\/pages\/1243\/revisions"}],"predecessor-version":[{"id":2398,"href":"https:\/\/cognac-gautier.com\/fr\/wp-json\/wp\/v2\/pages\/1243\/revisions\/2398"}],"wp:attachment":[{"href":"https:\/\/cognac-gautier.com\/fr\/wp-json\/wp\/v2\/media?parent=1243"}],"curies":[{"name":"wp","href":"https:\/\/api.w.org\/{rel}","templated":true}]}}