{"id":1231,"date":"2023-01-02T09:46:40","date_gmt":"2023-01-02T09:46:40","guid":{"rendered":"https:\/\/cognac-gautier.com\/maison-gautier-2"},"modified":"2024-02-29T09:29:23","modified_gmt":"2024-02-29T09:29:23","slug":"maison-gautier-2","status":"publish","type":"page","link":"https:\/\/cognac-gautier.com\/fr\/maison-gautier-2","title":{"rendered":"Maison Gautier"},"content":{"rendered":"<div class=\"wpb-content-wrapper\">[vc_section full_width=\u00a0\u00bbstretch_row_content\u00a0\u00bb pix_over_visibility=\u00a0\u00bb\u00a0\u00bb el_class=\u00a0\u00bbsection_intro_maison section_banniere_page\u00a0\u00bb css=\u00a0\u00bb.vc_custom_1672679500158{background-image: url(https:\/\/cognac-gautier.com\/wp-content\/uploads\/2023\/01\/gautier-cognac-maison-gautier.jpg?id=470) !important;background-position: center !important;background-repeat: no-repeat !important;background-size: cover !important;}\u00a0\u00bb][vc_row pix_particles_check=\u00a0\u00bb\u00a0\u00bb el_class=\u00a0\u00bbsection_intro_maison_container\u00a0\u00bb][vc_column][vc_column_text el_class=\u00a0\u00bbrow-listing-cocktails-stitle\u00a0\u00bb][\/vc_column_text][vc_column_text el_class=\u00a0\u00bbtitle-page row-listing-cocktails-title\u00a0\u00bb]\r\n<h1 style=\"text-align: center;\">Maison\nGautier<\/h1>\r\n[\/vc_column_text][\/vc_column][\/vc_row][\/vc_section][vc_section full_width=\u00a0\u00bbstretch_row_content\u00a0\u00bb pix_over_visibility=\u00a0\u00bb\u00a0\u00bb el_class=\u00a0\u00bbsection_maison_textintro\u00a0\u00bb][vc_row pix_particles_check=\u00a0\u00bb\u00a0\u00bb][vc_column el_class=\u00a0\u00bbsection_maison_textintro_text\u00a0\u00bb][vc_column_text el_class=\u00a0\u00bbparagraph-black\u00a0\u00bb]\r\n<p style=\"text-align: center;\">Situ\u00e9e au-dessus de la rivi\u00e8re de l&rsquo;Osme \u00e0 Aigre, en Charente, notre maison compte plus de 350 ans d&rsquo;histoire, en faisant ainsi l&rsquo;une des plus anciennes maisons de cognac au monde.\nLa famille Gautier et ses descendants y fabriquent des cognacs uniques depuis de nombreuses g\u00e9n\u00e9rations. Conserv\u00e9s longuement dans nos chais, les Cognacs GAUTIER b\u00e9n\u00e9ficient de l&rsquo;environnment humide unique de la rivi\u00e8re de l&rsquo;Osme.<\/p>\r\n[\/vc_column_text][\/vc_column][\/vc_row][\/vc_section][vc_section full_width=\u00a0\u00bbstretch_row_content\u00a0\u00bb pix_over_visibility=\u00a0\u00bb\u00a0\u00bb el_class=\u00a0\u00bbsection_maison_content\u00a0\u00bb][vc_row pix_particles_check=\u00a0\u00bb\u00a0\u00bb el_class=\u00a0\u00bbsection_maison_content_bloc section_maison_content_bloc_heritage\u00a0\u00bb][vc_column][vc_row_inner el_class=\u00a0\u00bbsection_maison_content_bloc_text\u00a0\u00bb][vc_column_inner][vc_column_text el_class=\u00a0\u00bbtitle-block\u00a0\u00bb]\r\n<h2 style=\"text-align: center;\">Notre heritage<\/h2>\r\n[\/vc_column_text][vc_single_image image=\u00a0\u00bb696&Prime; img_size=\u00a0\u00bbfull\u00a0\u00bb el_class=\u00a0\u00bbimage\u00a0\u00bb][vc_column_text el_class=\u00a0\u00bbparagraph-black\u00a0\u00bb][\/vc_column_text][vc_column_text el_class=\u00a0\u00bbbutton-gold\u00a0\u00bb]\r\n<p style=\"text-align: center;\"><a href=\"https:\/\/cognac-gautier.com\/fr\/notre-heritage\">En savoir plus<\/a><\/p>\r\n[\/vc_column_text][\/vc_column_inner][\/vc_row_inner][vc_row_inner el_class=\u00a0\u00bbmaison_image_background\u00a0\u00bb][vc_column_inner][vc_single_image image=\u00a0\u00bb398&Prime; img_size=\u00a0\u00bbfull\u00a0\u00bb el_class=\u00a0\u00bbimage\u00a0\u00bb][\/vc_column_inner][\/vc_row_inner][\/vc_column][\/vc_row][vc_row pix_particles_check=\u00a0\u00bb\u00a0\u00bb el_class=\u00a0\u00bbsection_maison_content_bloc section_maison_content_bloc_know\u00a0\u00bb][vc_column][vc_row_inner el_class=\u00a0\u00bbcontent-section section_maison_content_bloc_text\u00a0\u00bb][vc_column_inner][vc_column_text el_class=\u00a0\u00bbtitle-block\u00a0\u00bb]\r\n<h2 style=\"text-align: center;\">Notre savoir-faire<\/h2>\r\n[\/vc_column_text][vc_single_image image=\u00a0\u00bb823&Prime; img_size=\u00a0\u00bbfull\u00a0\u00bb el_class=\u00a0\u00bbimage\u00a0\u00bb][vc_column_text el_class=\u00a0\u00bbparagraph-black\u00a0\u00bb][\/vc_column_text][vc_column_text el_class=\u00a0\u00bbbutton-gold\u00a0\u00bb]\r\n<p style=\"text-align: center;\"><a href=\"https:\/\/cognac-gautier.com\/fr\/notre-savoir-faire\">En savoir plus<\/a><\/p>\r\n[\/vc_column_text][\/vc_column_inner][\/vc_row_inner][vc_row_inner el_class=\u00a0\u00bbmaison_image_background\u00a0\u00bb][vc_column_inner][vc_single_image image=\u00a0\u00bb399&Prime; img_size=\u00a0\u00bbfull\u00a0\u00bb el_class=\u00a0\u00bbimage\u00a0\u00bb][\/vc_column_inner][\/vc_row_inner][\/vc_column][\/vc_row][vc_row pix_particles_check=\u00a0\u00bb\u00a0\u00bb el_class=\u00a0\u00bbsection_maison_content_bloc section_maison_content_bloc_universe\u00a0\u00bb][vc_column][vc_row_inner el_class=\u00a0\u00bbcontent-section section_maison_content_bloc_text\u00a0\u00bb][vc_column_inner][vc_column_text el_class=\u00a0\u00bbtitle-block\u00a0\u00bb]\r\n<h2 style=\"text-align: center;\">L&rsquo;univers de la Maison Gautier<\/h2>\r\n[\/vc_column_text][vc_single_image image=\u00a0\u00bb818&Prime; img_size=\u00a0\u00bbfull\u00a0\u00bb el_class=\u00a0\u00bbimage\u00a0\u00bb][vc_column_text el_class=\u00a0\u00bbparagraph-black\u00a0\u00bb][\/vc_column_text][vc_column_text el_class=\u00a0\u00bbbutton-gold\u00a0\u00bb]\r\n<p style=\"text-align: center;\"><a href=\"https:\/\/cognac-gautier.com\/fr\/lunivers-de-la-maison-gautier\">En savoir plus<\/a><\/p>\r\n[\/vc_column_text][\/vc_column_inner][\/vc_row_inner][vc_row_inner el_class=\u00a0\u00bbmaison_image_background maison_image_background_1&Prime;][vc_column_inner][vc_single_image image=\u00a0\u00bb400&Prime; img_size=\u00a0\u00bbfull\u00a0\u00bb el_class=\u00a0\u00bbimage\u00a0\u00bb][\/vc_column_inner][\/vc_row_inner][vc_row_inner el_class=\u00a0\u00bbmaison_image_background maison_image_background_2&Prime;][vc_column_inner][vc_single_image image=\u00a0\u00bb400&Prime; img_size=\u00a0\u00bbfull\u00a0\u00bb el_class=\u00a0\u00bbimage\u00a0\u00bb][\/vc_column_inner][\/vc_row_inner][\/vc_column][\/vc_row][\/vc_section]<\/div>","protected":false},"excerpt":{"rendered":"[vc_section full_width=\u00a0\u00bbstretch_row_content\u00a0\u00bb pix_over_visibility=\u00a0\u00bb\u00a0\u00bb el_class=\u00a0\u00bbsection_intro_maison section_banniere_page\u00a0\u00bb css=\u00a0\u00bb.vc_custom_1672679500158{background-image: url(https:\/\/cognac-gautier.com\/wp-content\/uploads\/2023\/01\/gautier-cognac-maison-gautier.jpg?id=470) !important;background-position: center !important;background-repeat: no-repeat !important;background-size: cover !important;}\u00a0\u00bb][vc_row pix_particles_check=\u00a0\u00bb\u00a0\u00bb el_class=\u00a0\u00bbsection_intro_maison_container\u00a0\u00bb][vc_column][vc_column_text el_class=\u00a0\u00bbrow-listing-cocktails-stitle\u00a0\u00bb][\/vc_column_text][vc_column_text el_class=\u00a0\u00bbtitle-page row-listing-cocktails-title\u00a0\u00bb] Maison Gautier [\/vc_column_text][\/vc_column][\/vc_row][\/vc_section][vc_section full_width=\u00a0\u00bbstretch_row_content\u00a0\u00bb pix_over_visibility=\u00a0\u00bb\u00a0\u00bb el_class=\u00a0\u00bbsection_maison_textintro\u00a0\u00bb][vc_row pix_particles_check=\u00a0\u00bb\u00a0\u00bb][vc_column el_class=\u00a0\u00bbsection_maison_textintro_text\u00a0\u00bb][vc_column_text el_class=\u00a0\u00bbparagraph-black\u00a0\u00bb] Situ\u00e9e au-dessus de la rivi\u00e8re de l&rsquo;Osme \u00e0 Aigre, en Charente, notre&#8230;","protected":false},"author":1,"featured_media":0,"parent":0,"menu_order":30,"comment_status":"closed","ping_status":"closed","template":"","meta":{"_acf_changed":false,"inline_featured_image":false,"footnotes":""},"class_list":["post-1231","page","type-page","status-publish","hentry"],"acf":[],"yoast_head":"<!-- This site is optimized with the Yoast SEO plugin v27.4 - https:\/\/yoast.com\/product\/yoast-seo-wordpress\/ -->\n<title>Maison Gautier - Gautier Cognac<\/title>\n<meta name=\"robots\" content=\"index, follow, max-snippet:-1, max-image-preview:large, max-video-preview:-1\" \/>\n<link rel=\"canonical\" href=\"https:\/\/cognac-gautier.com\/fr\/maison-gautier-2\" \/>\n<meta property=\"og:locale\" content=\"fr_FR\" \/>\n<meta property=\"og:type\" content=\"article\" \/>\n<meta property=\"og:title\" content=\"Maison Gautier - Gautier Cognac\" \/>\n<meta property=\"og:description\" content=\"[vc_section full_width=\u00a0\u00bbstretch_row_content\u00a0\u00bb pix_over_visibility=\u00a0\u00bb\u00a0\u00bb el_class=\u00a0\u00bbsection_intro_maison section_banniere_page\u00a0\u00bb css=\u00a0\u00bb.vc_custom_1672679500158{background-image: url(https:\/\/cognac-gautier.com\/wp-content\/uploads\/2023\/01\/gautier-cognac-maison-gautier.jpg?id=470) !important;background-position: center !important;background-repeat: no-repeat !important;background-size: cover !important;}\u00a0\u00bb][vc_row pix_particles_check=\u00a0\u00bb\u00a0\u00bb el_class=\u00a0\u00bbsection_intro_maison_container\u00a0\u00bb][vc_column][vc_column_text el_class=\u00a0\u00bbrow-listing-cocktails-stitle\u00a0\u00bb][\/vc_column_text][vc_column_text el_class=\u00a0\u00bbtitle-page row-listing-cocktails-title\u00a0\u00bb] Maison Gautier [\/vc_column_text][\/vc_column][\/vc_row][\/vc_section][vc_section full_width=\u00a0\u00bbstretch_row_content\u00a0\u00bb pix_over_visibility=\u00a0\u00bb\u00a0\u00bb el_class=\u00a0\u00bbsection_maison_textintro\u00a0\u00bb][vc_row pix_particles_check=\u00a0\u00bb\u00a0\u00bb][vc_column el_class=\u00a0\u00bbsection_maison_textintro_text\u00a0\u00bb][vc_column_text el_class=\u00a0\u00bbparagraph-black\u00a0\u00bb] Situ\u00e9e au-dessus de la rivi\u00e8re de l&rsquo;Osme \u00e0 Aigre, en Charente, notre...\" \/>\n<meta property=\"og:url\" content=\"https:\/\/cognac-gautier.com\/fr\/maison-gautier-2\" \/>\n<meta property=\"og:site_name\" content=\"Gautier Cognac\" \/>\n<meta property=\"article:modified_time\" content=\"2024-02-29T09:29:23+00:00\" \/>\n<meta name=\"twitter:card\" content=\"summary_large_image\" \/>\n<meta name=\"twitter:label1\" content=\"Dur\u00e9e de lecture estim\u00e9e\" \/>\n\t<meta name=\"twitter:data1\" content=\"1 minute\" \/>\n<script type=\"application\/ld+json\" class=\"yoast-schema-graph\">{\"@context\":\"https:\\\/\\\/schema.org\",\"@graph\":[{\"@type\":\"WebPage\",\"@id\":\"https:\\\/\\\/cognac-gautier.com\\\/fr\\\/maison-gautier-2\",\"url\":\"https:\\\/\\\/cognac-gautier.com\\\/fr\\\/maison-gautier-2\",\"name\":\"Maison Gautier - Gautier Cognac\",\"isPartOf\":{\"@id\":\"https:\\\/\\\/cognac-gautier.com\\\/#website\"},\"datePublished\":\"2023-01-02T09:46:40+00:00\",\"dateModified\":\"2024-02-29T09:29:23+00:00\",\"inLanguage\":\"fr-FR\",\"potentialAction\":[{\"@type\":\"ReadAction\",\"target\":[\"https:\\\/\\\/cognac-gautier.com\\\/fr\\\/maison-gautier-2\"]}]},{\"@type\":\"WebSite\",\"@id\":\"https:\\\/\\\/cognac-gautier.com\\\/#website\",\"url\":\"https:\\\/\\\/cognac-gautier.com\\\/\",\"name\":\"Gautier Cognac\",\"description\":\"\",\"publisher\":{\"@id\":\"https:\\\/\\\/cognac-gautier.com\\\/#organization\"},\"potentialAction\":[{\"@type\":\"SearchAction\",\"target\":{\"@type\":\"EntryPoint\",\"urlTemplate\":\"https:\\\/\\\/cognac-gautier.com\\\/?s={search_term_string}\"},\"query-input\":{\"@type\":\"PropertyValueSpecification\",\"valueRequired\":true,\"valueName\":\"search_term_string\"}}],\"inLanguage\":\"fr-FR\"},{\"@type\":\"Organization\",\"@id\":\"https:\\\/\\\/cognac-gautier.com\\\/#organization\",\"name\":\"Gautier Cognac\",\"url\":\"https:\\\/\\\/cognac-gautier.com\\\/\",\"logo\":{\"@type\":\"ImageObject\",\"inLanguage\":\"fr-FR\",\"@id\":\"https:\\\/\\\/cognac-gautier.com\\\/#\\\/schema\\\/logo\\\/image\\\/\",\"url\":\"https:\\\/\\\/cognac-gautier.com\\\/wp-content\\\/uploads\\\/2022\\\/11\\\/logo.svg\",\"contentUrl\":\"https:\\\/\\\/cognac-gautier.com\\\/wp-content\\\/uploads\\\/2022\\\/11\\\/logo.svg\",\"width\":195,\"height\":112,\"caption\":\"Gautier Cognac\"},\"image\":{\"@id\":\"https:\\\/\\\/cognac-gautier.com\\\/#\\\/schema\\\/logo\\\/image\\\/\"}}]}<\/script>\n<!-- \/ Yoast SEO plugin. -->","yoast_head_json":{"title":"Maison Gautier - Gautier Cognac","robots":{"index":"index","follow":"follow","max-snippet":"max-snippet:-1","max-image-preview":"max-image-preview:large","max-video-preview":"max-video-preview:-1"},"canonical":"https:\/\/cognac-gautier.com\/fr\/maison-gautier-2","og_locale":"fr_FR","og_type":"article","og_title":"Maison Gautier - Gautier Cognac","og_description":"[vc_section full_width=\u00a0\u00bbstretch_row_content\u00a0\u00bb pix_over_visibility=\u00a0\u00bb\u00a0\u00bb el_class=\u00a0\u00bbsection_intro_maison section_banniere_page\u00a0\u00bb css=\u00a0\u00bb.vc_custom_1672679500158{background-image: url(https:\/\/cognac-gautier.com\/wp-content\/uploads\/2023\/01\/gautier-cognac-maison-gautier.jpg?id=470) !important;background-position: center !important;background-repeat: no-repeat !important;background-size: cover !important;}\u00a0\u00bb][vc_row pix_particles_check=\u00a0\u00bb\u00a0\u00bb el_class=\u00a0\u00bbsection_intro_maison_container\u00a0\u00bb][vc_column][vc_column_text el_class=\u00a0\u00bbrow-listing-cocktails-stitle\u00a0\u00bb][\/vc_column_text][vc_column_text el_class=\u00a0\u00bbtitle-page row-listing-cocktails-title\u00a0\u00bb] Maison Gautier [\/vc_column_text][\/vc_column][\/vc_row][\/vc_section][vc_section full_width=\u00a0\u00bbstretch_row_content\u00a0\u00bb pix_over_visibility=\u00a0\u00bb\u00a0\u00bb el_class=\u00a0\u00bbsection_maison_textintro\u00a0\u00bb][vc_row pix_particles_check=\u00a0\u00bb\u00a0\u00bb][vc_column el_class=\u00a0\u00bbsection_maison_textintro_text\u00a0\u00bb][vc_column_text el_class=\u00a0\u00bbparagraph-black\u00a0\u00bb] Situ\u00e9e au-dessus de la rivi\u00e8re de l&rsquo;Osme \u00e0 Aigre, en Charente, notre...","og_url":"https:\/\/cognac-gautier.com\/fr\/maison-gautier-2","og_site_name":"Gautier Cognac","article_modified_time":"2024-02-29T09:29:23+00:00","twitter_card":"summary_large_image","twitter_misc":{"Dur\u00e9e de lecture estim\u00e9e":"1 minute"},"schema":{"@context":"https:\/\/schema.org","@graph":[{"@type":"WebPage","@id":"https:\/\/cognac-gautier.com\/fr\/maison-gautier-2","url":"https:\/\/cognac-gautier.com\/fr\/maison-gautier-2","name":"Maison Gautier - Gautier Cognac","isPartOf":{"@id":"https:\/\/cognac-gautier.com\/#website"},"datePublished":"2023-01-02T09:46:40+00:00","dateModified":"2024-02-29T09:29:23+00:00","inLanguage":"fr-FR","potentialAction":[{"@type":"ReadAction","target":["https:\/\/cognac-gautier.com\/fr\/maison-gautier-2"]}]},{"@type":"WebSite","@id":"https:\/\/cognac-gautier.com\/#website","url":"https:\/\/cognac-gautier.com\/","name":"Gautier Cognac","description":"","publisher":{"@id":"https:\/\/cognac-gautier.com\/#organization"},"potentialAction":[{"@type":"SearchAction","target":{"@type":"EntryPoint","urlTemplate":"https:\/\/cognac-gautier.com\/?s={search_term_string}"},"query-input":{"@type":"PropertyValueSpecification","valueRequired":true,"valueName":"search_term_string"}}],"inLanguage":"fr-FR"},{"@type":"Organization","@id":"https:\/\/cognac-gautier.com\/#organization","name":"Gautier Cognac","url":"https:\/\/cognac-gautier.com\/","logo":{"@type":"ImageObject","inLanguage":"fr-FR","@id":"https:\/\/cognac-gautier.com\/#\/schema\/logo\/image\/","url":"https:\/\/cognac-gautier.com\/wp-content\/uploads\/2022\/11\/logo.svg","contentUrl":"https:\/\/cognac-gautier.com\/wp-content\/uploads\/2022\/11\/logo.svg","width":195,"height":112,"caption":"Gautier Cognac"},"image":{"@id":"https:\/\/cognac-gautier.com\/#\/schema\/logo\/image\/"}}]}},"_links":{"self":[{"href":"https:\/\/cognac-gautier.com\/fr\/wp-json\/wp\/v2\/pages\/1231","targetHints":{"allow":["GET"]}}],"collection":[{"href":"https:\/\/cognac-gautier.com\/fr\/wp-json\/wp\/v2\/pages"}],"about":[{"href":"https:\/\/cognac-gautier.com\/fr\/wp-json\/wp\/v2\/types\/page"}],"author":[{"embeddable":true,"href":"https:\/\/cognac-gautier.com\/fr\/wp-json\/wp\/v2\/users\/1"}],"replies":[{"embeddable":true,"href":"https:\/\/cognac-gautier.com\/fr\/wp-json\/wp\/v2\/comments?post=1231"}],"version-history":[{"count":1,"href":"https:\/\/cognac-gautier.com\/fr\/wp-json\/wp\/v2\/pages\/1231\/revisions"}],"predecessor-version":[{"id":2185,"href":"https:\/\/cognac-gautier.com\/fr\/wp-json\/wp\/v2\/pages\/1231\/revisions\/2185"}],"wp:attachment":[{"href":"https:\/\/cognac-gautier.com\/fr\/wp-json\/wp\/v2\/media?parent=1231"}],"curies":[{"name":"wp","href":"https:\/\/api.w.org\/{rel}","templated":true}]}}